{"id":310,"date":"2021-01-10T19:46:18","date_gmt":"2021-01-10T18:46:18","guid":{"rendered":"https:\/\/diequadrate.de\/a-quadrat\/?page_id=310"},"modified":"2023-11-17T18:43:55","modified_gmt":"2023-11-17T18:43:55","slug":"industrie-elektroniker","status":"publish","type":"page","link":"https:\/\/diequadrate.de\/a-quadrat\/industrie-elektroniker\/","title":{"rendered":"Industrie-Elektroniker \/ Mechatroniker (m\/w\/d)"},"content":{"rendered":"<h1>Industrie-Elektroniker \/ Mechatroniker (m\/w\/d)<\/h1>\n<h3>Schwerpunkt: Industrie-Elektronik im Maschinenbau<\/h3>\n<p>Du f\u00fchlst dich im Schaltschrank wie zu Hause? Du kannst mehr als nur Kabel einziehen und willst dein Wissen und Ideen in voll-automatisierte Roboter-Anwendungen einbringen?&nbsp;Dann k\u00f6nnen wir dir einen absolut spannenden Arbeitsplatz als Industrie-Elektroniker \/ Mechatroniker (m\/w\/d) mit tollen Entwicklungsm\u00f6glichkeiten anbieten.<\/p>\n<p>Spannende und innovative Projekte bei unseren renommierten Kunden aus den Bereichen Automobilindustrie, Zulieferbetriebe &amp; Lohnfertiger, sowie Maschinenbau sind dein Ding? Dann sollten wir uns kennenlernen!<\/p>\n<p>Bei uns kannst du dein Know-how bei interessanten Projekten gezielt einsetzen und damit zum Erfolg der Unternehmen beitragen.<\/p>\n<h2>Diese Aufgaben erwarten dich als Industrie-Elektroniker bei uns<\/h2>\n<ul style=\"font-style: normal;font-weight: 400;font-size: 14px;font-family: Montserrat, Helvetica, Arial, sans-serif\">\n<li>Unterst\u00fctzung der Konstruktion bei der Auslegung der elektrischen Komponenten<\/li>\n<li>Eigenst\u00e4ndige Montage der elektrischen Komponenten unserer kollaborativen Roboter-Zellen<\/li>\n<li>Elektrische Inbetriebnahme der Anlage vor Auslieferung<\/li>\n<li>Planung und Durchf\u00fchrung der elektrischen Dokumentation<\/li>\n<\/ul>\n<h2>Das bieten wir dir <\/h2>\n<ul>\n<li>Abwechslungsreiche Aufgaben mit Raum f\u00fcr eigene Ideen bei namhaften Kunden<\/li>\n<li>Einen spannenden Arbeitsplatz mit Entwicklungsperspektive<\/li>\n<li>Attraktives Gehalt mit Bonus-System<\/li>\n<li>Flexible Arbeitszeitgestaltung<\/li>\n<li>Ausgezeichnete auf dich zugeschnittene Weiterbildungsm\u00f6glichkeiten<\/li>\n<li>Eigenverantwortliches Arbeiten<\/li>\n<li>Intensive Einarbeitung zur erfolgreichen \u00dcbernahme der Aufgaben<\/li>\n<\/ul>\n<p>\t\t\t\t\t\t\t\t\t\t<img loading=\"lazy\" decoding=\"async\" width=\"768\" height=\"512\" src=\"https:\/\/diequadrate.de\/a-quadrat\/wp-content\/uploads\/sites\/3\/2021\/01\/electric-4198293_1920-768x512.jpg\" alt=\"Industrie-Elektroniker\" loading=\"lazy\" \/>\t\t\t\t\t\t\t\t\t\t\t<\/p>\n<h2>Qualifikation<\/h2>\n<ul style=\"font-style: normal;font-weight: 400;font-size: 14px;font-family: Montserrat, Helvetica, Arial, sans-serif\">\n<li>Erfolgreich abgeschlossene elektrotechnische Berufsausbildung auf dem Fachgebiet der E- oder MSR-Technik bzw. eine vergleichbare Qualifikation<\/li>\n<li>Ausgebildete Elektrofachkraft<\/li>\n<li>Elektrotechnische und elektronische Anlagenkenntnisse<\/li>\n<li>uneingeschr\u00e4nkte Bereitschaft, flexibel in der Werkstatt eingesetzt zu werden<\/li>\n<li>selbst\u00e4ndiger, sorgf\u00e4ltiger und gewissenhafter Arbeitsstil<\/li>\n<li>schnelle Auffassungsgabe und physische Belastbarkeit<\/li>\n<li>Teamf\u00e4higkeit und Kommunikationsf\u00e4higkeit<\/li>\n<li>Bereitschaft zur permanenten Aus- und Weiterbildung<\/li>\n<\/ul>\n<figure><a href=\"https:\/\/www.myhandicap.de\/behinderung-informationen-zum-thema\/\"><img loading=\"lazy\" decoding=\"async\" width=\"800\" height=\"272\" src=\"https:\/\/diequadrate.de\/a-quadrat\/wp-content\/uploads\/sites\/3\/2021\/01\/dguv_aktionslogo_rgb_lightbox_large_800x.jpg\" alt=\"\" loading=\"lazy\" \/><\/a><\/figure>\n<h3><a href=\"https:\/\/www.myhandicap.de\/behinderung-informationen-zum-thema\/\">Wir freuen uns \u00fcber Bewerbungen von Menschen mit Behinderung<\/a><\/h3>\n<p>Bei A\u00b2 machen wir uns stark f\u00fcr Inklusion und freuen uns Menschen mit Behinderung in unserem Team begr\u00fc\u00dfen zu d\u00fcrfen.<\/p>\n<h2>\n<h3 style=\"font-style: normal;letter-spacing: normal\">BEWIRB DICH NOCH HEUTE ALS INDUSTRIE-ELEKTRONIKER \/ MECHATRONIKER (M\/W\/D) BEI UNS<\/h3>\n<\/h2>\n<div class=\"wpforms-container wpforms-container-full\" id=\"wpforms-287\"><form id=\"wpforms-form-287\" class=\"wpforms-validate wpforms-form\" data-formid=\"287\" method=\"post\" enctype=\"multipart\/form-data\" action=\"\/a-quadrat\/wp-json\/wp\/v2\/pages\/310\/?wpforms_form_id=287\" data-token=\"8d99bfc2efc64a848c5631aab43fc9f9\"><noscript class=\"wpforms-error-noscript\">Bitte aktiviere JavaScript in deinem Browser, um dieses Formular fertigzustellen.<\/noscript><div class=\"wpforms-field-container\"><div id=\"wpforms-287-field_9-container\" class=\"wpforms-field wpforms-field-text\" data-field-id=\"9\"><label class=\"wpforms-field-label\" for=\"wpforms-287-field_9\">Dein Vor- &amp; Nachname <span class=\"wpforms-required-label\">*<\/span><\/label><input type=\"text\" id=\"wpforms-287-field_9\" class=\"wpforms-field-medium wpforms-field-required\" name=\"wpforms[fields][9]\" required><\/div><div id=\"wpforms-287-field_1-container\" class=\"wpforms-field wpforms-field-email\" data-field-id=\"1\"><label class=\"wpforms-field-label\" for=\"wpforms-287-field_1\">E-Mail <span class=\"wpforms-required-label\">*<\/span><\/label><input type=\"email\" id=\"wpforms-287-field_1\" class=\"wpforms-field-medium wpforms-field-required\" name=\"wpforms[fields][1]\" placeholder=\"XYZ@gmbh.de\" spellcheck=\"false\" required><div class=\"wpforms-field-description\">Bitte geben Sie Ihre E-Adresse ein, damit wir eine Kontaktm\u00f6glichkeit haben.<\/div><\/div><div id=\"wpforms-287-field_4-container\" class=\"wpforms-field wpforms-field-textarea\" data-field-id=\"4\"><label class=\"wpforms-field-label\" for=\"wpforms-287-field_4\">Pers\u00f6nliche Nachricht<\/label><textarea id=\"wpforms-287-field_4\" class=\"wpforms-field-medium wpforms-limit-characters-enabled\" data-form-id=\"287\" data-field-id=\"4\" data-text-limit=\"1000\" name=\"wpforms[fields][4]\" maxlength=\"1000\" ><\/textarea><div class=\"wpforms-field-description\">Falls du uns noch mehr Informationen zur Verf\u00fcgung stellen m\u00f6chtest, k\u00f6nnen wir uns besser f\u00fcr einen ersten Besuch vorbereiten.<\/div><\/div><div id=\"wpforms-287-field_11-container\" class=\"wpforms-field wpforms-field-file-upload\" data-field-id=\"11\"><label class=\"wpforms-field-label\" for=\"wpforms-287-field_11\">Hier kannst du deinen Lebensauf oder deine Zeugnisse hochladen<\/label><div\n\t\tclass=\"wpforms-uploader\"\n\t\tdata-field-id=\"11\"\n\t\tdata-form-id=\"287\"\n\t\tdata-input-name=\"wpforms_287_11\"\n\t\tdata-extensions=\"jpg,jpeg,jpe,png,gif,mov,qt,avif,avi,mpeg,mpg,mpe,3gp,3gpp,3g2,3gp2,mid,midi,pdf,doc,docx,docm,pot,pps,ppt,pptx,pptm,odt,ppsx,ppsm,xla,xls,xlt,xlw,xlsx,xlsm,xlsb,key,mp3,m4a,m4b,ogg,oga,flac,wav,x-wav,mp4,m4v,webm,ogv,webp,svg,woff,ttf,svgz,json\"\n\t\tdata-max-size=\"134217728\"\n\t\tdata-max-file-number=\"5\"\n\t\tdata-post-max-size=\"134217728\"\n\t\tdata-max-parallel-uploads=\"4\"\n\t\tdata-parallel-uploads=\"true\"\n\t\tdata-file-chunk-size=\"2097152\">\n\t<div class=\"dz-message\">\n\t\t<svg viewBox=\"0 0 1024 1024\" focusable=\"false\" data-icon=\"inbox\" width=\"50px\" height=\"50px\" fill=\"currentColor\" aria-hidden=\"true\">\n\t\t\t<path d=\"M885.2 446.3l-.2-.8-112.2-285.1c-5-16.1-19.9-27.2-36.8-27.2H281.2c-17 0-32.1 11.3-36.9 27.6L139.4 443l-.3.7-.2.8c-1.3 4.9-1.7 9.9-1 14.8-.1 1.6-.2 3.2-.2 4.8V830a60.9 60.9 0 0 0 60.8 60.8h627.2c33.5 0 60.8-27.3 60.9-60.8V464.1c0-1.3 0-2.6-.1-3.7.4-4.9 0-9.6-1.3-14.1zm-295.8-43l-.3 15.7c-.8 44.9-31.8 75.1-77.1 75.1-22.1 0-41.1-7.1-54.8-20.6S436 441.2 435.6 419l-.3-15.7H229.5L309 210h399.2l81.7 193.3H589.4zm-375 76.8h157.3c24.3 57.1 76 90.8 140.4 90.8 33.7 0 65-9.4 90.3-27.2 22.2-15.6 39.5-37.4 50.7-63.6h156.5V814H214.4V480.1z\"><\/path>\n\t\t<\/svg>\n\t\t<span class=\"modern-title\">Klicke oder ziehe Dateien in diesen Bereich zum Hochladen.<\/span>\n\n\t\t\t\t\t<span class=\"modern-hint\">Du kannst bis zu 5 Dateien hochladen.<\/span>\n\t\t\t<\/div>\n<\/div>\n<input\n\t\ttype=\"text\"\n\t\tautocomplete=\"off\"\n\t\tclass=\"dropzone-input\"\n\t\tstyle=\"position:absolute!important;clip:rect(0,0,0,0)!important;height:1px!important;width:1px!important;border:0!important;overflow:hidden!important;padding:0!important;margin:0!important;\"\n\t\tid=\"wpforms-287-field_11\"\n\t\tname=\"wpforms_287_11\" \t\tvalue=\"\">\n<\/div><\/div><!-- .wpforms-field-container --><div class=\"wpforms-recaptcha-container wpforms-is-recaptcha wpforms-is-recaptcha-type-v3\" ><input type=\"hidden\" name=\"wpforms[recaptcha]\" value=\"\"><\/div><div class=\"wpforms-submit-container\" ><input type=\"hidden\" name=\"wpforms[id]\" value=\"287\"><input type=\"hidden\" name=\"wpforms[author]\" value=\"4\"><button type=\"submit\" name=\"wpforms[submit]\" id=\"wpforms-submit-287\" class=\"wpforms-submit\" data-alt-text=\"Senden...\" data-submit-text=\"Absenden\" aria-live=\"assertive\" value=\"wpforms-submit\">Absenden<\/button><\/div><\/form><\/div>  <!-- .wpforms-container -->\n<h4>DU HAST NOCH FRAGEN ZU DEINER STELLE ALS INDUSTRIE-ELEKTRONIKER \/ MECHATRONIKER (M\/W\/D)?\u200b<\/h4>\n<p>1Bekomme ich eine unbefristete Stelle?<\/p>\n<p>Bei uns bekommst du grunds\u00e4tzlich eine unbefristete Stelle. Wir wollen unseren Mitarbeitern einen sicheren Arbeitsplatz bieten und stellen daher nur ohne Befristung ein.<\/p>\n<p>2Wie viele Urlaubstage habe ich?<\/p>\n<p>Alle unsere Mitarbeiter bekommen 30 Tage Urlaub im Jahr<\/p>\n<p>3Was macht A\u00b2 als Arbeitgeber attraktiv?<\/p>\n<p>Bei A\u00b2 findest du ein junges, innovatives Team. Wir stellen hoch innovative Produkte her und verstehen uns in jeder Lebenslage als Team.<\/p>\n<h3>Erfahre mehr \u00fcber die A\u00b2 GmbH<\/h3>\n<p>\t\t\t\t\t<a href=\"https:\/\/www.facebook.com\/aquadratgmbh\/\" target=\"_blank\" rel=\"noopener noreferrer\"><br \/>\n\t\t\t\t\t\tFacebook<br \/>\n\t\t\t\t\t\t\t\t\t\t\t<\/a><\/p>\n<p>Wenn du uns deine Bewerbungsunterlagen direkt senden willst oder noch Fragen hast, dann nimm einfach direkt Kontakt mit uns auf:<\/p>\n<h3>Unsere Kontaktdaten<\/h3>\n<ul>\n<li>Stuttgarter Stra\u00dfe 74<br \/>\n71735 Eberdingen<\/li>\n<li>\n<p><a href=\"tel:+491743440571\">+49 174 344 05 71<\/a><\/p>\n<\/li>\n<li>\n<p><a href=\"mailto:c.schneider@a-quadrat.net\">c.schneider@a-quadrat.net<\/a><\/p>\n<\/li>\n<\/ul>\n<h3>Wer wir sind<\/h3>\n<p>A\u00b2 ist ein junges Team aus den besten Anwendungstechnikern, Mechanikern und Konstrukteuren aus den Bereichen CNC- und Automatisierungstechnik. Wir arbeiten f\u00fcr unsere Kunden immer daran, dass beste aus deren Fertigungsprozessen zu holen. 2017 gegr\u00fcndet, dreht sich bei uns alles um unsere zwei Themenfelder &#8211; kollaborative Robotik und Zerspanung.\u00a0<\/p>\n<p>\u00a0<\/p>\n<h3>Kollaborative Robotik<\/h3>\n<p>Als Partner und Systemintegrator f\u00fcr Universal Robots bauen wir High-Tech Roboter-Systeme. Dabei setzten wir konsequent auf kollaborative Leichtbau-Robotik.\u00a0<\/p>\n<p>Als Industrie-Elektroniker \/ Mechatroniker wirkst du aktiv beim Aufbau, der Verkabelung, sowie der Inbetriebnahme dieser Systeme mit.<\/p>\n<p>\t\t\t<a href=\"https:\/\/diequadrate.de\/a-quadrat\/leistungen\/\" role=\"button\"><br \/>\n\t\t\t\t\t\tErfahre mehr \u00fcber kollaborative Robotik<br \/>\n\t\t\t\t\t<\/a><br \/>\n\t\t\t\t\t\t\t\t\t\t<img loading=\"lazy\" decoding=\"async\" width=\"768\" height=\"899\" src=\"https:\/\/diequadrate.de\/a-quadrat\/wp-content\/uploads\/sites\/3\/2021\/01\/UPB-System_SSV_Freigestellt-768x899.jpg\" alt=\"Industrie-Elektroniker\" loading=\"lazy\" \/><\/p>\n","protected":false},"excerpt":{"rendered":"<p>Industrie-Elektroniker \/ Mechatroniker (m\/w\/d) Schwerpunkt: Industrie-Elektronik im Maschinenbau Du f\u00fchlst dich im Schaltschrank wie zu Hause? Du kannst mehr als nur Kabel einziehen und willst dein<span class=\"excerpt-hellip\"> [\u2026]<\/span><\/p>\n","protected":false},"author":4,"featured_media":339,"parent":0,"menu_order":0,"comment_status":"closed","ping_status":"closed","template":"","meta":{"content-type":"","footnotes":""},"class_list":["post-310","page","type-page","status-publish","has-post-thumbnail","hentry"],"yoast_head":"<!-- This site is optimized with the Yoast SEO Premium plugin v25.3 (Yoast SEO v27.3) - https:\/\/yoast.com\/product\/yoast-seo-premium-wordpress\/ -->\n<title>Industrie-Elektroniker \/ Mechatroniker (m\/w\/d) - A-Quadrat GmbH | Automatisierung &amp; Applikationsentwicklung<\/title>\n<meta name=\"description\" content=\"Du suchst einen neuen Job als Industrie-Elektroniker oder Mechatroniker (m\/w\/d) und kommst aus dem Raum Vaihingen, dann melde dich bei uns!\" \/>\n<meta name=\"robots\" content=\"index, follow, max-snippet:-1, max-image-preview:large, max-video-preview:-1\" \/>\n<link rel=\"canonical\" href=\"https:\/\/diequadrate.de\/a-quadrat\/industrie-elektroniker\/\" \/>\n<meta property=\"og:locale\" content=\"de_DE\" \/>\n<meta property=\"og:type\" content=\"article\" \/>\n<meta property=\"og:title\" content=\"Industrie-Elektroniker \/ Mechatroniker (m\/w\/d)\" \/>\n<meta property=\"og:description\" content=\"Du suchst einen neuen Job als Industrie-Elektroniker oder Mechatroniker (m\/w\/d) und kommst aus dem Raum Vaihingen, dann melde dich bei uns!\" \/>\n<meta property=\"og:url\" content=\"https:\/\/diequadrate.de\/a-quadrat\/industrie-elektroniker\/\" \/>\n<meta property=\"og:site_name\" content=\"A-Quadrat GmbH | Automatisierung &amp; Applikationsentwicklung\" \/>\n<meta property=\"article:modified_time\" content=\"2023-11-17T18:43:55+00:00\" \/>\n<meta property=\"og:image\" content=\"https:\/\/diequadrate.de\/a-quadrat\/wp-content\/uploads\/sites\/3\/2021\/01\/electric-4198293_1920.jpg\" \/>\n\t<meta property=\"og:image:width\" content=\"1920\" \/>\n\t<meta property=\"og:image:height\" content=\"1280\" \/>\n\t<meta property=\"og:image:type\" content=\"image\/jpeg\" \/>\n<meta name=\"twitter:card\" content=\"summary_large_image\" \/>\n<meta name=\"twitter:label1\" content=\"Gesch\u00e4tzte Lesezeit\" \/>\n\t<meta name=\"twitter:data1\" content=\"4\u00a0Minuten\" \/>\n<script type=\"application\/ld+json\" class=\"yoast-schema-graph\">{\"@context\":\"https:\\\/\\\/schema.org\",\"@graph\":[{\"@type\":\"WebPage\",\"@id\":\"https:\\\/\\\/diequadrate.de\\\/a-quadrat\\\/industrie-elektroniker\\\/\",\"url\":\"https:\\\/\\\/diequadrate.de\\\/a-quadrat\\\/industrie-elektroniker\\\/\",\"name\":\"Industrie-Elektroniker \\\/ Mechatroniker (m\\\/w\\\/d) - A-Quadrat GmbH | Automatisierung &amp; Applikationsentwicklung\",\"isPartOf\":{\"@id\":\"https:\\\/\\\/diequadrate.de\\\/a-quadrat\\\/#website\"},\"primaryImageOfPage\":{\"@id\":\"https:\\\/\\\/diequadrate.de\\\/a-quadrat\\\/industrie-elektroniker\\\/#primaryimage\"},\"image\":{\"@id\":\"https:\\\/\\\/diequadrate.de\\\/a-quadrat\\\/industrie-elektroniker\\\/#primaryimage\"},\"thumbnailUrl\":\"https:\\\/\\\/diequadrate.de\\\/a-quadrat\\\/wp-content\\\/uploads\\\/sites\\\/3\\\/2021\\\/01\\\/electric-4198293_1920.jpg\",\"datePublished\":\"2021-01-10T18:46:18+00:00\",\"dateModified\":\"2023-11-17T18:43:55+00:00\",\"description\":\"Du suchst einen neuen Job als Industrie-Elektroniker oder Mechatroniker (m\\\/w\\\/d) und kommst aus dem Raum Vaihingen, dann melde dich bei uns!\",\"breadcrumb\":{\"@id\":\"https:\\\/\\\/diequadrate.de\\\/a-quadrat\\\/industrie-elektroniker\\\/#breadcrumb\"},\"inLanguage\":\"de\",\"potentialAction\":[{\"@type\":\"ReadAction\",\"target\":[\"https:\\\/\\\/diequadrate.de\\\/a-quadrat\\\/industrie-elektroniker\\\/\"]}]},{\"@type\":\"ImageObject\",\"inLanguage\":\"de\",\"@id\":\"https:\\\/\\\/diequadrate.de\\\/a-quadrat\\\/industrie-elektroniker\\\/#primaryimage\",\"url\":\"https:\\\/\\\/diequadrate.de\\\/a-quadrat\\\/wp-content\\\/uploads\\\/sites\\\/3\\\/2021\\\/01\\\/electric-4198293_1920.jpg\",\"contentUrl\":\"https:\\\/\\\/diequadrate.de\\\/a-quadrat\\\/wp-content\\\/uploads\\\/sites\\\/3\\\/2021\\\/01\\\/electric-4198293_1920.jpg\",\"width\":1920,\"height\":1280,\"caption\":\"Industrie-Elektroniker\"},{\"@type\":\"BreadcrumbList\",\"@id\":\"https:\\\/\\\/diequadrate.de\\\/a-quadrat\\\/industrie-elektroniker\\\/#breadcrumb\",\"itemListElement\":[{\"@type\":\"ListItem\",\"position\":1,\"name\":\"Startseite\",\"item\":\"https:\\\/\\\/diequadrate.de\\\/a-quadrat\\\/\"},{\"@type\":\"ListItem\",\"position\":2,\"name\":\"Industrie-Elektroniker \\\/ Mechatroniker (m\\\/w\\\/d)\"}]},{\"@type\":\"WebSite\",\"@id\":\"https:\\\/\\\/diequadrate.de\\\/a-quadrat\\\/#website\",\"url\":\"https:\\\/\\\/diequadrate.de\\\/a-quadrat\\\/\",\"name\":\"A-Quadrat GmbH | Automatisierung &amp; Applikationsentwicklung\",\"description\":\"Automatisierung und Applikationsentwicklung\",\"publisher\":{\"@id\":\"https:\\\/\\\/diequadrate.de\\\/a-quadrat\\\/#organization\"},\"alternateName\":\"A\u00b2\",\"potentialAction\":[{\"@type\":\"SearchAction\",\"target\":{\"@type\":\"EntryPoint\",\"urlTemplate\":\"https:\\\/\\\/diequadrate.de\\\/a-quadrat\\\/?s={search_term_string}\"},\"query-input\":{\"@type\":\"PropertyValueSpecification\",\"valueRequired\":true,\"valueName\":\"search_term_string\"}}],\"inLanguage\":\"de\"},{\"@type\":\"Organization\",\"@id\":\"https:\\\/\\\/diequadrate.de\\\/a-quadrat\\\/#organization\",\"name\":\"A-Quadrat GmbH\",\"url\":\"https:\\\/\\\/diequadrate.de\\\/a-quadrat\\\/\",\"logo\":{\"@type\":\"ImageObject\",\"inLanguage\":\"de\",\"@id\":\"https:\\\/\\\/diequadrate.de\\\/a-quadrat\\\/#\\\/schema\\\/logo\\\/image\\\/\",\"url\":\"https:\\\/\\\/diequadrate.de\\\/a-quadrat\\\/wp-content\\\/uploads\\\/sites\\\/3\\\/2023\\\/11\\\/logo_A2_b_rgb.svg\",\"contentUrl\":\"https:\\\/\\\/diequadrate.de\\\/a-quadrat\\\/wp-content\\\/uploads\\\/sites\\\/3\\\/2023\\\/11\\\/logo_A2_b_rgb.svg\",\"width\":121,\"height\":95,\"caption\":\"A-Quadrat GmbH\"},\"image\":{\"@id\":\"https:\\\/\\\/diequadrate.de\\\/a-quadrat\\\/#\\\/schema\\\/logo\\\/image\\\/\"}}]}<\/script>\n<!-- \/ Yoast SEO Premium plugin. -->","yoast_head_json":{"title":"Industrie-Elektroniker \/ Mechatroniker (m\/w\/d) - A-Quadrat GmbH | Automatisierung &amp; Applikationsentwicklung","description":"Du suchst einen neuen Job als Industrie-Elektroniker oder Mechatroniker (m\/w\/d) und kommst aus dem Raum Vaihingen, dann melde dich bei uns!","robots":{"index":"index","follow":"follow","max-snippet":"max-snippet:-1","max-image-preview":"max-image-preview:large","max-video-preview":"max-video-preview:-1"},"canonical":"https:\/\/diequadrate.de\/a-quadrat\/industrie-elektroniker\/","og_locale":"de_DE","og_type":"article","og_title":"Industrie-Elektroniker \/ Mechatroniker (m\/w\/d)","og_description":"Du suchst einen neuen Job als Industrie-Elektroniker oder Mechatroniker (m\/w\/d) und kommst aus dem Raum Vaihingen, dann melde dich bei uns!","og_url":"https:\/\/diequadrate.de\/a-quadrat\/industrie-elektroniker\/","og_site_name":"A-Quadrat GmbH | Automatisierung &amp; Applikationsentwicklung","article_modified_time":"2023-11-17T18:43:55+00:00","og_image":[{"width":1920,"height":1280,"url":"https:\/\/diequadrate.de\/a-quadrat\/wp-content\/uploads\/sites\/3\/2021\/01\/electric-4198293_1920.jpg","type":"image\/jpeg"}],"twitter_card":"summary_large_image","twitter_misc":{"Gesch\u00e4tzte Lesezeit":"4\u00a0Minuten"},"schema":{"@context":"https:\/\/schema.org","@graph":[{"@type":"WebPage","@id":"https:\/\/diequadrate.de\/a-quadrat\/industrie-elektroniker\/","url":"https:\/\/diequadrate.de\/a-quadrat\/industrie-elektroniker\/","name":"Industrie-Elektroniker \/ Mechatroniker (m\/w\/d) - A-Quadrat GmbH | Automatisierung &amp; Applikationsentwicklung","isPartOf":{"@id":"https:\/\/diequadrate.de\/a-quadrat\/#website"},"primaryImageOfPage":{"@id":"https:\/\/diequadrate.de\/a-quadrat\/industrie-elektroniker\/#primaryimage"},"image":{"@id":"https:\/\/diequadrate.de\/a-quadrat\/industrie-elektroniker\/#primaryimage"},"thumbnailUrl":"https:\/\/diequadrate.de\/a-quadrat\/wp-content\/uploads\/sites\/3\/2021\/01\/electric-4198293_1920.jpg","datePublished":"2021-01-10T18:46:18+00:00","dateModified":"2023-11-17T18:43:55+00:00","description":"Du suchst einen neuen Job als Industrie-Elektroniker oder Mechatroniker (m\/w\/d) und kommst aus dem Raum Vaihingen, dann melde dich bei uns!","breadcrumb":{"@id":"https:\/\/diequadrate.de\/a-quadrat\/industrie-elektroniker\/#breadcrumb"},"inLanguage":"de","potentialAction":[{"@type":"ReadAction","target":["https:\/\/diequadrate.de\/a-quadrat\/industrie-elektroniker\/"]}]},{"@type":"ImageObject","inLanguage":"de","@id":"https:\/\/diequadrate.de\/a-quadrat\/industrie-elektroniker\/#primaryimage","url":"https:\/\/diequadrate.de\/a-quadrat\/wp-content\/uploads\/sites\/3\/2021\/01\/electric-4198293_1920.jpg","contentUrl":"https:\/\/diequadrate.de\/a-quadrat\/wp-content\/uploads\/sites\/3\/2021\/01\/electric-4198293_1920.jpg","width":1920,"height":1280,"caption":"Industrie-Elektroniker"},{"@type":"BreadcrumbList","@id":"https:\/\/diequadrate.de\/a-quadrat\/industrie-elektroniker\/#breadcrumb","itemListElement":[{"@type":"ListItem","position":1,"name":"Startseite","item":"https:\/\/diequadrate.de\/a-quadrat\/"},{"@type":"ListItem","position":2,"name":"Industrie-Elektroniker \/ Mechatroniker (m\/w\/d)"}]},{"@type":"WebSite","@id":"https:\/\/diequadrate.de\/a-quadrat\/#website","url":"https:\/\/diequadrate.de\/a-quadrat\/","name":"A-Quadrat GmbH | Automatisierung &amp; Applikationsentwicklung","description":"Automatisierung und Applikationsentwicklung","publisher":{"@id":"https:\/\/diequadrate.de\/a-quadrat\/#organization"},"alternateName":"A\u00b2","potentialAction":[{"@type":"SearchAction","target":{"@type":"EntryPoint","urlTemplate":"https:\/\/diequadrate.de\/a-quadrat\/?s={search_term_string}"},"query-input":{"@type":"PropertyValueSpecification","valueRequired":true,"valueName":"search_term_string"}}],"inLanguage":"de"},{"@type":"Organization","@id":"https:\/\/diequadrate.de\/a-quadrat\/#organization","name":"A-Quadrat GmbH","url":"https:\/\/diequadrate.de\/a-quadrat\/","logo":{"@type":"ImageObject","inLanguage":"de","@id":"https:\/\/diequadrate.de\/a-quadrat\/#\/schema\/logo\/image\/","url":"https:\/\/diequadrate.de\/a-quadrat\/wp-content\/uploads\/sites\/3\/2023\/11\/logo_A2_b_rgb.svg","contentUrl":"https:\/\/diequadrate.de\/a-quadrat\/wp-content\/uploads\/sites\/3\/2023\/11\/logo_A2_b_rgb.svg","width":121,"height":95,"caption":"A-Quadrat GmbH"},"image":{"@id":"https:\/\/diequadrate.de\/a-quadrat\/#\/schema\/logo\/image\/"}}]}},"_links":{"self":[{"href":"https:\/\/diequadrate.de\/a-quadrat\/wp-json\/wp\/v2\/pages\/310","targetHints":{"allow":["GET"]}}],"collection":[{"href":"https:\/\/diequadrate.de\/a-quadrat\/wp-json\/wp\/v2\/pages"}],"about":[{"href":"https:\/\/diequadrate.de\/a-quadrat\/wp-json\/wp\/v2\/types\/page"}],"author":[{"embeddable":true,"href":"https:\/\/diequadrate.de\/a-quadrat\/wp-json\/wp\/v2\/users\/4"}],"replies":[{"embeddable":true,"href":"https:\/\/diequadrate.de\/a-quadrat\/wp-json\/wp\/v2\/comments?post=310"}],"version-history":[{"count":76,"href":"https:\/\/diequadrate.de\/a-quadrat\/wp-json\/wp\/v2\/pages\/310\/revisions"}],"predecessor-version":[{"id":628,"href":"https:\/\/diequadrate.de\/a-quadrat\/wp-json\/wp\/v2\/pages\/310\/revisions\/628"}],"wp:featuredmedia":[{"embeddable":true,"href":"https:\/\/diequadrate.de\/a-quadrat\/wp-json\/wp\/v2\/media\/339"}],"wp:attachment":[{"href":"https:\/\/diequadrate.de\/a-quadrat\/wp-json\/wp\/v2\/media?parent=310"}],"curies":[{"name":"wp","href":"https:\/\/api.w.org\/{rel}","templated":true}]}}