{"id":1011,"date":"2022-04-27T17:43:08","date_gmt":"2022-04-27T15:43:08","guid":{"rendered":"https:\/\/diequadrate.de\/kvp-shop\/produkt\/werkzeughalter-gabelschluesselhalter-schraubenschluesselhalter-aus-edelstahl-groesse-xs-ve-5stk\/"},"modified":"2022-07-05T23:51:12","modified_gmt":"2022-07-05T21:51:12","slug":"werkzeughalter-gabelschluesselhalter-schraubenschluesselhalter-aus-edelstahl-groesse-xs-ve-5stk","status":"publish","type":"product","link":"https:\/\/diequadrate.de\/kvp-shop\/produkt\/werkzeughalter-gabelschluesselhalter-schraubenschluesselhalter-aus-edelstahl-groesse-xs-ve-5stk\/","title":{"rendered":"Werkzeughalter Gabelschl\u00fcsselhalter &#8211; Schraubenschl\u00fcsselhalter aus Edelstahl,  Gr\u00f6\u00dfe: XS, VE 5Stk."},"content":{"rendered":"<p>&nbsp;<\/p>\n<p>Aus unserem Werkzeughaltersortiment: Die Schraubenschl\u00fcsselhalter &#8222;Gr\u00f6\u00dfe XS&#8220; eignen sich zur Aufnahme von Gabelschl\u00fcssel oder Ringschl\u00fcssel der Schl\u00fcsselweite 6-9.<br \/>\nDer Werkzeughalter ist auch geeignet f\u00fcr Gabelschl\u00fcssel, Maulschl\u00fcssel, Ring-Gabelschl\u00fcssel.<\/p>\n<p>Dank des patentierten Fixierclips bietet die Halterung eine besonders feste Anbringung und eine werkzeuglose Umplatzierung am Tr\u00e4gerblech!<\/p>\n<p>Laschen: 45\u00b0 abgewinkelt<br \/>\nVerpackungseinheit: 5Stk.<\/p>\n<p>(Dargestelltes Werkzeug ist nicht im Lieferumfang enthalten)<\/p>\n","protected":false},"excerpt":{"rendered":"<p>Schraubenschl\u00fcsselhalter Gr\u00f6\u00dfe: XS, Schl\u00fcsselweite 6-9,<br \/>\nVE 5Stk.<br \/>\nmit patentiertem Federclip zur einfachen Fixierung an Lochplatte<\/p>\n","protected":false},"featured_media":2156,"template":"","meta":{"content-type":""},"product_brand":[],"product_cat":[71],"product_tag":[132,109],"class_list":{"0":"post-1011","1":"product","2":"type-product","3":"status-publish","4":"has-post-thumbnail","6":"product_cat-werkzeughalter","7":"product_tag-gabelschluessel","8":"product_tag-lochplatte","10":"first","11":"instock","12":"purchasable","13":"product-type-simple"},"yoast_head":"<!-- This site is optimized with the Yoast SEO Premium plugin v25.3 (Yoast SEO v27.4) - https:\/\/yoast.com\/product\/yoast-seo-premium-wordpress\/ -->\n<title>Werkzeughalter Gabelschl\u00fcsselhalter - Schraubenschl\u00fcsselhalter aus Edelstahl, Gr\u00f6\u00dfe: XS, VE 5Stk. - KVP-Onlineshop<\/title>\n<meta name=\"robots\" content=\"index, follow, max-snippet:-1, max-image-preview:large, max-video-preview:-1\" \/>\n<link rel=\"canonical\" href=\"https:\/\/diequadrate.de\/kvp-shop\/produkt\/werkzeughalter-gabelschluesselhalter-schraubenschluesselhalter-aus-edelstahl-groesse-xs-ve-5stk\/\" \/>\n<meta property=\"og:locale\" content=\"de_DE\" \/>\n<meta property=\"og:type\" content=\"article\" \/>\n<meta property=\"og:title\" content=\"Werkzeughalter Gabelschl\u00fcsselhalter - Schraubenschl\u00fcsselhalter aus Edelstahl, Gr\u00f6\u00dfe: XS, VE 5Stk.\" \/>\n<meta property=\"og:description\" content=\"Schraubenschl\u00fcsselhalter Gr\u00f6\u00dfe: XS, Schl\u00fcsselweite 6-9, VE 5Stk. mit patentiertem Federclip zur einfachen Fixierung an Lochplatte\" \/>\n<meta property=\"og:url\" content=\"https:\/\/diequadrate.de\/kvp-shop\/produkt\/werkzeughalter-gabelschluesselhalter-schraubenschluesselhalter-aus-edelstahl-groesse-xs-ve-5stk\/\" \/>\n<meta property=\"og:site_name\" content=\"KVP-Onlineshop\" \/>\n<meta property=\"article:modified_time\" content=\"2022-07-05T21:51:12+00:00\" \/>\n<meta property=\"og:image\" content=\"https:\/\/diequadrate.de\/kvp-shop\/wp-content\/uploads\/sites\/6\/2022\/06\/gabelschluessel_xs_01_heller_frei_rahmen.png\" \/>\n\t<meta property=\"og:image:width\" content=\"545\" \/>\n\t<meta property=\"og:image:height\" content=\"523\" \/>\n\t<meta property=\"og:image:type\" content=\"image\/png\" \/>\n<meta name=\"twitter:card\" content=\"summary_large_image\" \/>\n<script type=\"application\/ld+json\" class=\"yoast-schema-graph\">{\"@context\":\"https:\\\/\\\/schema.org\",\"@graph\":[{\"@type\":\"WebPage\",\"@id\":\"https:\\\/\\\/diequadrate.de\\\/kvp-shop\\\/produkt\\\/werkzeughalter-gabelschluesselhalter-schraubenschluesselhalter-aus-edelstahl-groesse-xs-ve-5stk\\\/\",\"url\":\"https:\\\/\\\/diequadrate.de\\\/kvp-shop\\\/produkt\\\/werkzeughalter-gabelschluesselhalter-schraubenschluesselhalter-aus-edelstahl-groesse-xs-ve-5stk\\\/\",\"name\":\"Werkzeughalter Gabelschl\u00fcsselhalter - Schraubenschl\u00fcsselhalter aus Edelstahl, Gr\u00f6\u00dfe: XS, VE 5Stk. - KVP-Onlineshop\",\"isPartOf\":{\"@id\":\"https:\\\/\\\/diequadrate.de\\\/kvp-shop\\\/#website\"},\"primaryImageOfPage\":{\"@id\":\"https:\\\/\\\/diequadrate.de\\\/kvp-shop\\\/produkt\\\/werkzeughalter-gabelschluesselhalter-schraubenschluesselhalter-aus-edelstahl-groesse-xs-ve-5stk\\\/#primaryimage\"},\"image\":{\"@id\":\"https:\\\/\\\/diequadrate.de\\\/kvp-shop\\\/produkt\\\/werkzeughalter-gabelschluesselhalter-schraubenschluesselhalter-aus-edelstahl-groesse-xs-ve-5stk\\\/#primaryimage\"},\"thumbnailUrl\":\"https:\\\/\\\/diequadrate.de\\\/kvp-shop\\\/wp-content\\\/uploads\\\/sites\\\/6\\\/2022\\\/06\\\/gabelschluessel_xs_01_heller_frei_rahmen.png\",\"datePublished\":\"2022-04-27T15:43:08+00:00\",\"dateModified\":\"2022-07-05T21:51:12+00:00\",\"breadcrumb\":{\"@id\":\"https:\\\/\\\/diequadrate.de\\\/kvp-shop\\\/produkt\\\/werkzeughalter-gabelschluesselhalter-schraubenschluesselhalter-aus-edelstahl-groesse-xs-ve-5stk\\\/#breadcrumb\"},\"inLanguage\":\"de\",\"potentialAction\":[{\"@type\":\"ReadAction\",\"target\":[\"https:\\\/\\\/diequadrate.de\\\/kvp-shop\\\/produkt\\\/werkzeughalter-gabelschluesselhalter-schraubenschluesselhalter-aus-edelstahl-groesse-xs-ve-5stk\\\/\"]}]},{\"@type\":\"ImageObject\",\"inLanguage\":\"de\",\"@id\":\"https:\\\/\\\/diequadrate.de\\\/kvp-shop\\\/produkt\\\/werkzeughalter-gabelschluesselhalter-schraubenschluesselhalter-aus-edelstahl-groesse-xs-ve-5stk\\\/#primaryimage\",\"url\":\"https:\\\/\\\/diequadrate.de\\\/kvp-shop\\\/wp-content\\\/uploads\\\/sites\\\/6\\\/2022\\\/06\\\/gabelschluessel_xs_01_heller_frei_rahmen.png\",\"contentUrl\":\"https:\\\/\\\/diequadrate.de\\\/kvp-shop\\\/wp-content\\\/uploads\\\/sites\\\/6\\\/2022\\\/06\\\/gabelschluessel_xs_01_heller_frei_rahmen.png\",\"width\":545,\"height\":523,\"caption\":\"Gabelschl\u00fcssel Einzelhalter Gr. XS\"},{\"@type\":\"BreadcrumbList\",\"@id\":\"https:\\\/\\\/diequadrate.de\\\/kvp-shop\\\/produkt\\\/werkzeughalter-gabelschluesselhalter-schraubenschluesselhalter-aus-edelstahl-groesse-xs-ve-5stk\\\/#breadcrumb\",\"itemListElement\":[{\"@type\":\"ListItem\",\"position\":1,\"name\":\"Startseite\",\"item\":\"https:\\\/\\\/diequadrate.de\\\/kvp-shop\\\/\"},{\"@type\":\"ListItem\",\"position\":2,\"name\":\"KVP-SHOP\",\"item\":\"https:\\\/\\\/diequadrate.de\\\/kvp-shop\\\/shop\\\/\"},{\"@type\":\"ListItem\",\"position\":3,\"name\":\"Werkzeughalter Gabelschl\u00fcsselhalter &#8211; Schraubenschl\u00fcsselhalter aus Edelstahl, Gr\u00f6\u00dfe: XS, VE 5Stk.\"}]},{\"@type\":\"WebSite\",\"@id\":\"https:\\\/\\\/diequadrate.de\\\/kvp-shop\\\/#website\",\"url\":\"https:\\\/\\\/diequadrate.de\\\/kvp-shop\\\/\",\"name\":\"KVP-Onlineshop\",\"description\":\"das Onlineportal der V\u00b2 Vorentwicklung &amp; Vertrieb GmbH\",\"publisher\":{\"@id\":\"https:\\\/\\\/diequadrate.de\\\/kvp-shop\\\/#organization\"},\"potentialAction\":[{\"@type\":\"SearchAction\",\"target\":{\"@type\":\"EntryPoint\",\"urlTemplate\":\"https:\\\/\\\/diequadrate.de\\\/kvp-shop\\\/?s={search_term_string}\"},\"query-input\":{\"@type\":\"PropertyValueSpecification\",\"valueRequired\":true,\"valueName\":\"search_term_string\"}}],\"inLanguage\":\"de\"},{\"@type\":\"Organization\",\"@id\":\"https:\\\/\\\/diequadrate.de\\\/kvp-shop\\\/#organization\",\"name\":\"KVP-Onlineshop\",\"url\":\"https:\\\/\\\/diequadrate.de\\\/kvp-shop\\\/\",\"logo\":{\"@type\":\"ImageObject\",\"inLanguage\":\"de\",\"@id\":\"https:\\\/\\\/diequadrate.de\\\/kvp-shop\\\/#\\\/schema\\\/logo\\\/image\\\/\",\"url\":\"https:\\\/\\\/diequadrate.de\\\/kvp-shop\\\/wp-content\\\/uploads\\\/sites\\\/6\\\/2022\\\/05\\\/kvp-shop_75prozent_s_2022-1.svg\",\"contentUrl\":\"https:\\\/\\\/diequadrate.de\\\/kvp-shop\\\/wp-content\\\/uploads\\\/sites\\\/6\\\/2022\\\/05\\\/kvp-shop_75prozent_s_2022-1.svg\",\"width\":358,\"height\":224,\"caption\":\"KVP-Onlineshop\"},\"image\":{\"@id\":\"https:\\\/\\\/diequadrate.de\\\/kvp-shop\\\/#\\\/schema\\\/logo\\\/image\\\/\"}}]}<\/script>\n<!-- \/ Yoast SEO Premium plugin. -->","yoast_head_json":{"title":"Werkzeughalter Gabelschl\u00fcsselhalter - Schraubenschl\u00fcsselhalter aus Edelstahl, Gr\u00f6\u00dfe: XS, VE 5Stk. - KVP-Onlineshop","robots":{"index":"index","follow":"follow","max-snippet":"max-snippet:-1","max-image-preview":"max-image-preview:large","max-video-preview":"max-video-preview:-1"},"canonical":"https:\/\/diequadrate.de\/kvp-shop\/produkt\/werkzeughalter-gabelschluesselhalter-schraubenschluesselhalter-aus-edelstahl-groesse-xs-ve-5stk\/","og_locale":"de_DE","og_type":"article","og_title":"Werkzeughalter Gabelschl\u00fcsselhalter - Schraubenschl\u00fcsselhalter aus Edelstahl, Gr\u00f6\u00dfe: XS, VE 5Stk.","og_description":"Schraubenschl\u00fcsselhalter Gr\u00f6\u00dfe: XS, Schl\u00fcsselweite 6-9, VE 5Stk. mit patentiertem Federclip zur einfachen Fixierung an Lochplatte","og_url":"https:\/\/diequadrate.de\/kvp-shop\/produkt\/werkzeughalter-gabelschluesselhalter-schraubenschluesselhalter-aus-edelstahl-groesse-xs-ve-5stk\/","og_site_name":"KVP-Onlineshop","article_modified_time":"2022-07-05T21:51:12+00:00","og_image":[{"width":545,"height":523,"url":"https:\/\/diequadrate.de\/kvp-shop\/wp-content\/uploads\/sites\/6\/2022\/06\/gabelschluessel_xs_01_heller_frei_rahmen.png","type":"image\/png"}],"twitter_card":"summary_large_image","schema":{"@context":"https:\/\/schema.org","@graph":[{"@type":"WebPage","@id":"https:\/\/diequadrate.de\/kvp-shop\/produkt\/werkzeughalter-gabelschluesselhalter-schraubenschluesselhalter-aus-edelstahl-groesse-xs-ve-5stk\/","url":"https:\/\/diequadrate.de\/kvp-shop\/produkt\/werkzeughalter-gabelschluesselhalter-schraubenschluesselhalter-aus-edelstahl-groesse-xs-ve-5stk\/","name":"Werkzeughalter Gabelschl\u00fcsselhalter - Schraubenschl\u00fcsselhalter aus Edelstahl, Gr\u00f6\u00dfe: XS, VE 5Stk. - KVP-Onlineshop","isPartOf":{"@id":"https:\/\/diequadrate.de\/kvp-shop\/#website"},"primaryImageOfPage":{"@id":"https:\/\/diequadrate.de\/kvp-shop\/produkt\/werkzeughalter-gabelschluesselhalter-schraubenschluesselhalter-aus-edelstahl-groesse-xs-ve-5stk\/#primaryimage"},"image":{"@id":"https:\/\/diequadrate.de\/kvp-shop\/produkt\/werkzeughalter-gabelschluesselhalter-schraubenschluesselhalter-aus-edelstahl-groesse-xs-ve-5stk\/#primaryimage"},"thumbnailUrl":"https:\/\/diequadrate.de\/kvp-shop\/wp-content\/uploads\/sites\/6\/2022\/06\/gabelschluessel_xs_01_heller_frei_rahmen.png","datePublished":"2022-04-27T15:43:08+00:00","dateModified":"2022-07-05T21:51:12+00:00","breadcrumb":{"@id":"https:\/\/diequadrate.de\/kvp-shop\/produkt\/werkzeughalter-gabelschluesselhalter-schraubenschluesselhalter-aus-edelstahl-groesse-xs-ve-5stk\/#breadcrumb"},"inLanguage":"de","potentialAction":[{"@type":"ReadAction","target":["https:\/\/diequadrate.de\/kvp-shop\/produkt\/werkzeughalter-gabelschluesselhalter-schraubenschluesselhalter-aus-edelstahl-groesse-xs-ve-5stk\/"]}]},{"@type":"ImageObject","inLanguage":"de","@id":"https:\/\/diequadrate.de\/kvp-shop\/produkt\/werkzeughalter-gabelschluesselhalter-schraubenschluesselhalter-aus-edelstahl-groesse-xs-ve-5stk\/#primaryimage","url":"https:\/\/diequadrate.de\/kvp-shop\/wp-content\/uploads\/sites\/6\/2022\/06\/gabelschluessel_xs_01_heller_frei_rahmen.png","contentUrl":"https:\/\/diequadrate.de\/kvp-shop\/wp-content\/uploads\/sites\/6\/2022\/06\/gabelschluessel_xs_01_heller_frei_rahmen.png","width":545,"height":523,"caption":"Gabelschl\u00fcssel Einzelhalter Gr. XS"},{"@type":"BreadcrumbList","@id":"https:\/\/diequadrate.de\/kvp-shop\/produkt\/werkzeughalter-gabelschluesselhalter-schraubenschluesselhalter-aus-edelstahl-groesse-xs-ve-5stk\/#breadcrumb","itemListElement":[{"@type":"ListItem","position":1,"name":"Startseite","item":"https:\/\/diequadrate.de\/kvp-shop\/"},{"@type":"ListItem","position":2,"name":"KVP-SHOP","item":"https:\/\/diequadrate.de\/kvp-shop\/shop\/"},{"@type":"ListItem","position":3,"name":"Werkzeughalter Gabelschl\u00fcsselhalter &#8211; Schraubenschl\u00fcsselhalter aus Edelstahl, Gr\u00f6\u00dfe: XS, VE 5Stk."}]},{"@type":"WebSite","@id":"https:\/\/diequadrate.de\/kvp-shop\/#website","url":"https:\/\/diequadrate.de\/kvp-shop\/","name":"KVP-Onlineshop","description":"das Onlineportal der V\u00b2 Vorentwicklung &amp; Vertrieb GmbH","publisher":{"@id":"https:\/\/diequadrate.de\/kvp-shop\/#organization"},"potentialAction":[{"@type":"SearchAction","target":{"@type":"EntryPoint","urlTemplate":"https:\/\/diequadrate.de\/kvp-shop\/?s={search_term_string}"},"query-input":{"@type":"PropertyValueSpecification","valueRequired":true,"valueName":"search_term_string"}}],"inLanguage":"de"},{"@type":"Organization","@id":"https:\/\/diequadrate.de\/kvp-shop\/#organization","name":"KVP-Onlineshop","url":"https:\/\/diequadrate.de\/kvp-shop\/","logo":{"@type":"ImageObject","inLanguage":"de","@id":"https:\/\/diequadrate.de\/kvp-shop\/#\/schema\/logo\/image\/","url":"https:\/\/diequadrate.de\/kvp-shop\/wp-content\/uploads\/sites\/6\/2022\/05\/kvp-shop_75prozent_s_2022-1.svg","contentUrl":"https:\/\/diequadrate.de\/kvp-shop\/wp-content\/uploads\/sites\/6\/2022\/05\/kvp-shop_75prozent_s_2022-1.svg","width":358,"height":224,"caption":"KVP-Onlineshop"},"image":{"@id":"https:\/\/diequadrate.de\/kvp-shop\/#\/schema\/logo\/image\/"}}]}},"_links":{"self":[{"href":"https:\/\/diequadrate.de\/kvp-shop\/wp-json\/wp\/v2\/product\/1011","targetHints":{"allow":["GET"]}}],"collection":[{"href":"https:\/\/diequadrate.de\/kvp-shop\/wp-json\/wp\/v2\/product"}],"about":[{"href":"https:\/\/diequadrate.de\/kvp-shop\/wp-json\/wp\/v2\/types\/product"}],"version-history":[{"count":3,"href":"https:\/\/diequadrate.de\/kvp-shop\/wp-json\/wp\/v2\/product\/1011\/revisions"}],"predecessor-version":[{"id":2276,"href":"https:\/\/diequadrate.de\/kvp-shop\/wp-json\/wp\/v2\/product\/1011\/revisions\/2276"}],"wp:featuredmedia":[{"embeddable":true,"href":"https:\/\/diequadrate.de\/kvp-shop\/wp-json\/wp\/v2\/media\/2156"}],"wp:attachment":[{"href":"https:\/\/diequadrate.de\/kvp-shop\/wp-json\/wp\/v2\/media?parent=1011"}],"wp:term":[{"taxonomy":"product_brand","embeddable":true,"href":"https:\/\/diequadrate.de\/kvp-shop\/wp-json\/wp\/v2\/product_brand?post=1011"},{"taxonomy":"product_cat","embeddable":true,"href":"https:\/\/diequadrate.de\/kvp-shop\/wp-json\/wp\/v2\/product_cat?post=1011"},{"taxonomy":"product_tag","embeddable":true,"href":"https:\/\/diequadrate.de\/kvp-shop\/wp-json\/wp\/v2\/product_tag?post=1011"}],"curies":[{"name":"wp","href":"https:\/\/api.w.org\/{rel}","templated":true}]}}