{"id":1035,"date":"2022-04-27T17:43:44","date_gmt":"2022-04-27T15:43:44","guid":{"rendered":"https:\/\/diequadrate.de\/kvp-shop\/produkt\/lochplatten-zur-werkzeugaufbewahrung-492mm-x-492mm\/"},"modified":"2022-07-18T20:25:20","modified_gmt":"2022-07-18T18:25:20","slug":"lochplatten-zur-werkzeugaufbewahrung-492mm-x-492mm","status":"publish","type":"product","link":"https:\/\/diequadrate.de\/kvp-shop\/produkt\/lochplatten-zur-werkzeugaufbewahrung-492mm-x-492mm\/","title":{"rendered":"Lochplatten zur Werkzeugaufbewahrung 492mm x 492mm"},"content":{"rendered":"<p>&nbsp;<\/p>\n<p>Ein Muss f\u00fcr jede Werkstatt! Mit unseren Lochplatten haben Sie immer die perfekte \u00dcbersicht \u00fcber Ihre Werkzeuge. Die Werkzeuge k\u00f6nnen sinnf\u00e4llig entsprechend der H\u00e4ufigkeit der T\u00e4tigkeiten angeordnet werden. Die Lochplatten haben ein Standard-Rasterma\u00df von 38mm x 38mm bei einer Lochgr\u00f6\u00dfe von 9mm x 9mm.<\/p>\n<p><a href=\"https:\/\/diequadrate.de\/kvp-shop\/produkt-kategorie\/arbeitsplatzgestaltung\/werkzeughalter\/\">ZU DEN WERKZEUGHALTERN<\/a><\/p>\n","protected":false},"excerpt":{"rendered":"<p id=\"product_condition\">Lochplatten zur Werkzeugaufbewahrung 492mm x 492mm<br \/>\npulverbeschichtet, in verschiedenen Farben erh\u00e4ltlich<\/p>\n","protected":false},"featured_media":2664,"template":"","meta":{"content-type":""},"product_brand":[],"product_cat":[69],"product_tag":[160],"class_list":{"0":"post-1035","1":"product","2":"type-product","3":"status-publish","4":"has-post-thumbnail","6":"product_cat-lochplatten-und-lochleisten-zur-platzierung-von-handwerkzeugen-im-maschinenumfeld","7":"product_tag-lochplatten","9":"first","10":"instock","11":"purchasable","12":"product-type-variable"},"yoast_head":"<!-- This site is optimized with the Yoast SEO Premium plugin v25.3 (Yoast SEO v27.4) - https:\/\/yoast.com\/product\/yoast-seo-premium-wordpress\/ -->\n<title>Lochplatten zur Werkzeugaufbewahrung 492mm x 492mm - KVP-Onlineshop<\/title>\n<meta name=\"robots\" content=\"index, follow, max-snippet:-1, max-image-preview:large, max-video-preview:-1\" \/>\n<link rel=\"canonical\" href=\"https:\/\/diequadrate.de\/kvp-shop\/produkt\/lochplatten-zur-werkzeugaufbewahrung-492mm-x-492mm\/\" \/>\n<meta property=\"og:locale\" content=\"de_DE\" \/>\n<meta property=\"og:type\" content=\"article\" \/>\n<meta property=\"og:title\" content=\"Lochplatten zur Werkzeugaufbewahrung 492mm x 492mm\" \/>\n<meta property=\"og:description\" content=\"Lochplatten zur Werkzeugaufbewahrung 492mm x 492mm pulverbeschichtet, in verschiedenen Farben erh\u00e4ltlich\" \/>\n<meta property=\"og:url\" content=\"https:\/\/diequadrate.de\/kvp-shop\/produkt\/lochplatten-zur-werkzeugaufbewahrung-492mm-x-492mm\/\" \/>\n<meta property=\"og:site_name\" content=\"KVP-Onlineshop\" \/>\n<meta property=\"article:modified_time\" content=\"2022-07-18T18:25:20+00:00\" \/>\n<meta property=\"og:image\" content=\"https:\/\/diequadrate.de\/kvp-shop\/wp-content\/uploads\/sites\/6\/2022\/04\/werkzeugboard_05.png\" \/>\n\t<meta property=\"og:image:width\" content=\"800\" \/>\n\t<meta property=\"og:image:height\" content=\"800\" \/>\n\t<meta property=\"og:image:type\" content=\"image\/png\" \/>\n<meta name=\"twitter:card\" content=\"summary_large_image\" \/>\n<meta name=\"twitter:label1\" content=\"Gesch\u00e4tzte Lesezeit\" \/>\n\t<meta name=\"twitter:data1\" content=\"1\u00a0Minute\" \/>\n<script type=\"application\/ld+json\" class=\"yoast-schema-graph\">{\"@context\":\"https:\\\/\\\/schema.org\",\"@graph\":[{\"@type\":\"WebPage\",\"@id\":\"https:\\\/\\\/diequadrate.de\\\/kvp-shop\\\/produkt\\\/lochplatten-zur-werkzeugaufbewahrung-492mm-x-492mm\\\/\",\"url\":\"https:\\\/\\\/diequadrate.de\\\/kvp-shop\\\/produkt\\\/lochplatten-zur-werkzeugaufbewahrung-492mm-x-492mm\\\/\",\"name\":\"Lochplatten zur Werkzeugaufbewahrung 492mm x 492mm - KVP-Onlineshop\",\"isPartOf\":{\"@id\":\"https:\\\/\\\/diequadrate.de\\\/kvp-shop\\\/#website\"},\"primaryImageOfPage\":{\"@id\":\"https:\\\/\\\/diequadrate.de\\\/kvp-shop\\\/produkt\\\/lochplatten-zur-werkzeugaufbewahrung-492mm-x-492mm\\\/#primaryimage\"},\"image\":{\"@id\":\"https:\\\/\\\/diequadrate.de\\\/kvp-shop\\\/produkt\\\/lochplatten-zur-werkzeugaufbewahrung-492mm-x-492mm\\\/#primaryimage\"},\"thumbnailUrl\":\"https:\\\/\\\/diequadrate.de\\\/kvp-shop\\\/wp-content\\\/uploads\\\/sites\\\/6\\\/2022\\\/04\\\/werkzeugboard_05.png\",\"datePublished\":\"2022-04-27T15:43:44+00:00\",\"dateModified\":\"2022-07-18T18:25:20+00:00\",\"breadcrumb\":{\"@id\":\"https:\\\/\\\/diequadrate.de\\\/kvp-shop\\\/produkt\\\/lochplatten-zur-werkzeugaufbewahrung-492mm-x-492mm\\\/#breadcrumb\"},\"inLanguage\":\"de\",\"potentialAction\":[{\"@type\":\"ReadAction\",\"target\":[\"https:\\\/\\\/diequadrate.de\\\/kvp-shop\\\/produkt\\\/lochplatten-zur-werkzeugaufbewahrung-492mm-x-492mm\\\/\"]}]},{\"@type\":\"ImageObject\",\"inLanguage\":\"de\",\"@id\":\"https:\\\/\\\/diequadrate.de\\\/kvp-shop\\\/produkt\\\/lochplatten-zur-werkzeugaufbewahrung-492mm-x-492mm\\\/#primaryimage\",\"url\":\"https:\\\/\\\/diequadrate.de\\\/kvp-shop\\\/wp-content\\\/uploads\\\/sites\\\/6\\\/2022\\\/04\\\/werkzeugboard_05.png\",\"contentUrl\":\"https:\\\/\\\/diequadrate.de\\\/kvp-shop\\\/wp-content\\\/uploads\\\/sites\\\/6\\\/2022\\\/04\\\/werkzeugboard_05.png\",\"width\":800,\"height\":800,\"caption\":\"Lochplatte Werkzeugboard 492mm x 492mm\"},{\"@type\":\"BreadcrumbList\",\"@id\":\"https:\\\/\\\/diequadrate.de\\\/kvp-shop\\\/produkt\\\/lochplatten-zur-werkzeugaufbewahrung-492mm-x-492mm\\\/#breadcrumb\",\"itemListElement\":[{\"@type\":\"ListItem\",\"position\":1,\"name\":\"Startseite\",\"item\":\"https:\\\/\\\/diequadrate.de\\\/kvp-shop\\\/\"},{\"@type\":\"ListItem\",\"position\":2,\"name\":\"KVP-SHOP\",\"item\":\"https:\\\/\\\/diequadrate.de\\\/kvp-shop\\\/shop\\\/\"},{\"@type\":\"ListItem\",\"position\":3,\"name\":\"Lochplatten zur Werkzeugaufbewahrung 492mm x 492mm\"}]},{\"@type\":\"WebSite\",\"@id\":\"https:\\\/\\\/diequadrate.de\\\/kvp-shop\\\/#website\",\"url\":\"https:\\\/\\\/diequadrate.de\\\/kvp-shop\\\/\",\"name\":\"KVP-Onlineshop\",\"description\":\"das Onlineportal der V\u00b2 Vorentwicklung &amp; Vertrieb GmbH\",\"publisher\":{\"@id\":\"https:\\\/\\\/diequadrate.de\\\/kvp-shop\\\/#organization\"},\"potentialAction\":[{\"@type\":\"SearchAction\",\"target\":{\"@type\":\"EntryPoint\",\"urlTemplate\":\"https:\\\/\\\/diequadrate.de\\\/kvp-shop\\\/?s={search_term_string}\"},\"query-input\":{\"@type\":\"PropertyValueSpecification\",\"valueRequired\":true,\"valueName\":\"search_term_string\"}}],\"inLanguage\":\"de\"},{\"@type\":\"Organization\",\"@id\":\"https:\\\/\\\/diequadrate.de\\\/kvp-shop\\\/#organization\",\"name\":\"KVP-Onlineshop\",\"url\":\"https:\\\/\\\/diequadrate.de\\\/kvp-shop\\\/\",\"logo\":{\"@type\":\"ImageObject\",\"inLanguage\":\"de\",\"@id\":\"https:\\\/\\\/diequadrate.de\\\/kvp-shop\\\/#\\\/schema\\\/logo\\\/image\\\/\",\"url\":\"https:\\\/\\\/diequadrate.de\\\/kvp-shop\\\/wp-content\\\/uploads\\\/sites\\\/6\\\/2022\\\/05\\\/kvp-shop_75prozent_s_2022-1.svg\",\"contentUrl\":\"https:\\\/\\\/diequadrate.de\\\/kvp-shop\\\/wp-content\\\/uploads\\\/sites\\\/6\\\/2022\\\/05\\\/kvp-shop_75prozent_s_2022-1.svg\",\"width\":358,\"height\":224,\"caption\":\"KVP-Onlineshop\"},\"image\":{\"@id\":\"https:\\\/\\\/diequadrate.de\\\/kvp-shop\\\/#\\\/schema\\\/logo\\\/image\\\/\"}}]}<\/script>\n<!-- \/ Yoast SEO Premium plugin. -->","yoast_head_json":{"title":"Lochplatten zur Werkzeugaufbewahrung 492mm x 492mm - KVP-Onlineshop","robots":{"index":"index","follow":"follow","max-snippet":"max-snippet:-1","max-image-preview":"max-image-preview:large","max-video-preview":"max-video-preview:-1"},"canonical":"https:\/\/diequadrate.de\/kvp-shop\/produkt\/lochplatten-zur-werkzeugaufbewahrung-492mm-x-492mm\/","og_locale":"de_DE","og_type":"article","og_title":"Lochplatten zur Werkzeugaufbewahrung 492mm x 492mm","og_description":"Lochplatten zur Werkzeugaufbewahrung 492mm x 492mm pulverbeschichtet, in verschiedenen Farben erh\u00e4ltlich","og_url":"https:\/\/diequadrate.de\/kvp-shop\/produkt\/lochplatten-zur-werkzeugaufbewahrung-492mm-x-492mm\/","og_site_name":"KVP-Onlineshop","article_modified_time":"2022-07-18T18:25:20+00:00","og_image":[{"width":800,"height":800,"url":"https:\/\/diequadrate.de\/kvp-shop\/wp-content\/uploads\/sites\/6\/2022\/04\/werkzeugboard_05.png","type":"image\/png"}],"twitter_card":"summary_large_image","twitter_misc":{"Gesch\u00e4tzte Lesezeit":"1\u00a0Minute"},"schema":{"@context":"https:\/\/schema.org","@graph":[{"@type":"WebPage","@id":"https:\/\/diequadrate.de\/kvp-shop\/produkt\/lochplatten-zur-werkzeugaufbewahrung-492mm-x-492mm\/","url":"https:\/\/diequadrate.de\/kvp-shop\/produkt\/lochplatten-zur-werkzeugaufbewahrung-492mm-x-492mm\/","name":"Lochplatten zur Werkzeugaufbewahrung 492mm x 492mm - KVP-Onlineshop","isPartOf":{"@id":"https:\/\/diequadrate.de\/kvp-shop\/#website"},"primaryImageOfPage":{"@id":"https:\/\/diequadrate.de\/kvp-shop\/produkt\/lochplatten-zur-werkzeugaufbewahrung-492mm-x-492mm\/#primaryimage"},"image":{"@id":"https:\/\/diequadrate.de\/kvp-shop\/produkt\/lochplatten-zur-werkzeugaufbewahrung-492mm-x-492mm\/#primaryimage"},"thumbnailUrl":"https:\/\/diequadrate.de\/kvp-shop\/wp-content\/uploads\/sites\/6\/2022\/04\/werkzeugboard_05.png","datePublished":"2022-04-27T15:43:44+00:00","dateModified":"2022-07-18T18:25:20+00:00","breadcrumb":{"@id":"https:\/\/diequadrate.de\/kvp-shop\/produkt\/lochplatten-zur-werkzeugaufbewahrung-492mm-x-492mm\/#breadcrumb"},"inLanguage":"de","potentialAction":[{"@type":"ReadAction","target":["https:\/\/diequadrate.de\/kvp-shop\/produkt\/lochplatten-zur-werkzeugaufbewahrung-492mm-x-492mm\/"]}]},{"@type":"ImageObject","inLanguage":"de","@id":"https:\/\/diequadrate.de\/kvp-shop\/produkt\/lochplatten-zur-werkzeugaufbewahrung-492mm-x-492mm\/#primaryimage","url":"https:\/\/diequadrate.de\/kvp-shop\/wp-content\/uploads\/sites\/6\/2022\/04\/werkzeugboard_05.png","contentUrl":"https:\/\/diequadrate.de\/kvp-shop\/wp-content\/uploads\/sites\/6\/2022\/04\/werkzeugboard_05.png","width":800,"height":800,"caption":"Lochplatte Werkzeugboard 492mm x 492mm"},{"@type":"BreadcrumbList","@id":"https:\/\/diequadrate.de\/kvp-shop\/produkt\/lochplatten-zur-werkzeugaufbewahrung-492mm-x-492mm\/#breadcrumb","itemListElement":[{"@type":"ListItem","position":1,"name":"Startseite","item":"https:\/\/diequadrate.de\/kvp-shop\/"},{"@type":"ListItem","position":2,"name":"KVP-SHOP","item":"https:\/\/diequadrate.de\/kvp-shop\/shop\/"},{"@type":"ListItem","position":3,"name":"Lochplatten zur Werkzeugaufbewahrung 492mm x 492mm"}]},{"@type":"WebSite","@id":"https:\/\/diequadrate.de\/kvp-shop\/#website","url":"https:\/\/diequadrate.de\/kvp-shop\/","name":"KVP-Onlineshop","description":"das Onlineportal der V\u00b2 Vorentwicklung &amp; Vertrieb GmbH","publisher":{"@id":"https:\/\/diequadrate.de\/kvp-shop\/#organization"},"potentialAction":[{"@type":"SearchAction","target":{"@type":"EntryPoint","urlTemplate":"https:\/\/diequadrate.de\/kvp-shop\/?s={search_term_string}"},"query-input":{"@type":"PropertyValueSpecification","valueRequired":true,"valueName":"search_term_string"}}],"inLanguage":"de"},{"@type":"Organization","@id":"https:\/\/diequadrate.de\/kvp-shop\/#organization","name":"KVP-Onlineshop","url":"https:\/\/diequadrate.de\/kvp-shop\/","logo":{"@type":"ImageObject","inLanguage":"de","@id":"https:\/\/diequadrate.de\/kvp-shop\/#\/schema\/logo\/image\/","url":"https:\/\/diequadrate.de\/kvp-shop\/wp-content\/uploads\/sites\/6\/2022\/05\/kvp-shop_75prozent_s_2022-1.svg","contentUrl":"https:\/\/diequadrate.de\/kvp-shop\/wp-content\/uploads\/sites\/6\/2022\/05\/kvp-shop_75prozent_s_2022-1.svg","width":358,"height":224,"caption":"KVP-Onlineshop"},"image":{"@id":"https:\/\/diequadrate.de\/kvp-shop\/#\/schema\/logo\/image\/"}}]}},"_links":{"self":[{"href":"https:\/\/diequadrate.de\/kvp-shop\/wp-json\/wp\/v2\/product\/1035","targetHints":{"allow":["GET"]}}],"collection":[{"href":"https:\/\/diequadrate.de\/kvp-shop\/wp-json\/wp\/v2\/product"}],"about":[{"href":"https:\/\/diequadrate.de\/kvp-shop\/wp-json\/wp\/v2\/types\/product"}],"version-history":[{"count":3,"href":"https:\/\/diequadrate.de\/kvp-shop\/wp-json\/wp\/v2\/product\/1035\/revisions"}],"predecessor-version":[{"id":2655,"href":"https:\/\/diequadrate.de\/kvp-shop\/wp-json\/wp\/v2\/product\/1035\/revisions\/2655"}],"wp:featuredmedia":[{"embeddable":true,"href":"https:\/\/diequadrate.de\/kvp-shop\/wp-json\/wp\/v2\/media\/2664"}],"wp:attachment":[{"href":"https:\/\/diequadrate.de\/kvp-shop\/wp-json\/wp\/v2\/media?parent=1035"}],"wp:term":[{"taxonomy":"product_brand","embeddable":true,"href":"https:\/\/diequadrate.de\/kvp-shop\/wp-json\/wp\/v2\/product_brand?post=1035"},{"taxonomy":"product_cat","embeddable":true,"href":"https:\/\/diequadrate.de\/kvp-shop\/wp-json\/wp\/v2\/product_cat?post=1035"},{"taxonomy":"product_tag","embeddable":true,"href":"https:\/\/diequadrate.de\/kvp-shop\/wp-json\/wp\/v2\/product_tag?post=1035"}],"curies":[{"name":"wp","href":"https:\/\/api.w.org\/{rel}","templated":true}]}}