{"id":1062,"date":"2022-04-27T17:43:44","date_gmt":"2022-04-27T15:43:44","guid":{"rendered":"https:\/\/diequadrate.de\/kvp-shop\/produkt\/werkzeugblock-200mm-90-grad-weiss\/"},"modified":"2022-07-05T18:49:31","modified_gmt":"2022-07-05T16:49:31","slug":"werkzeugblock-200mm-90-grad-weiss","status":"publish","type":"product","link":"https:\/\/diequadrate.de\/kvp-shop\/produkt\/werkzeugblock-200mm-90-grad-weiss\/","title":{"rendered":"Werkzeugblock, 200mm, 90 Grad, weiss"},"content":{"rendered":"<p>&nbsp;<\/p>\n<p>Werkzeugblock zum Selbstbohren: Der Werkzeugblock ist universell einsetzbar. Schaffen Sie Ordnung in Ihrem Sortiment f\u00fcr Bohrer, Stifte, K\u00f6rner etc. Vielseitige Anwendungsm\u00f6glichkeiten machen Ordnung zum Standard im ganzen Betrieb. Der Werkzeugblock ist f\u00fcr Werkzeugboards mit Standartlochbildern mit einem Raster von 38mm geeignet. Der gekantete Halter besteht aus Edelstahl (1.4301)<\/p>\n<p>Dank des patentierten Fixierclips bietet die Halterung eine besonders feste Anbringung und eine werkzeuglose Umplatzierung am Tr\u00e4gerblech!<\/p>\n<p>Ma\u00dfe Kunststoffblock: B:200mm x Tiefe:50mm x H\u00f6he:15mm<\/p>\n","protected":false},"excerpt":{"rendered":"<p id=\"product_reference\">Werkzeugblock, rechtwinklig,<br \/>\nBlockgr\u00f6sse: M (200 x 50 x 15),<br \/>\nmit patentiertem Federclip zur einfachen Fixierung an Lochplatte<\/p>\n","protected":false},"featured_media":2137,"template":"","meta":{"content-type":""},"product_brand":[],"product_cat":[71],"product_tag":[109],"class_list":{"0":"post-1062","1":"product","2":"type-product","3":"status-publish","4":"has-post-thumbnail","6":"product_cat-werkzeughalter","7":"product_tag-lochplatte","9":"first","10":"instock","11":"purchasable","12":"product-type-simple"},"yoast_head":"<!-- This site is optimized with the Yoast SEO Premium plugin v25.3 (Yoast SEO v27.5) - https:\/\/yoast.com\/product\/yoast-seo-premium-wordpress\/ -->\n<title>Werkzeugblock, 200mm, 90 Grad, weiss - KVP-Onlineshop<\/title>\n<meta name=\"robots\" content=\"index, follow, max-snippet:-1, max-image-preview:large, max-video-preview:-1\" \/>\n<link rel=\"canonical\" href=\"https:\/\/diequadrate.de\/kvp-shop\/produkt\/werkzeugblock-200mm-90-grad-weiss\/\" \/>\n<meta property=\"og:locale\" content=\"de_DE\" \/>\n<meta property=\"og:type\" content=\"article\" \/>\n<meta property=\"og:title\" content=\"Werkzeugblock, 200mm, 90 Grad, weiss\" \/>\n<meta property=\"og:description\" content=\"Werkzeugblock, rechtwinklig, Blockgr\u00f6sse: M (200 x 50 x 15), mit patentiertem Federclip zur einfachen Fixierung an Lochplatte\" \/>\n<meta property=\"og:url\" content=\"https:\/\/diequadrate.de\/kvp-shop\/produkt\/werkzeugblock-200mm-90-grad-weiss\/\" \/>\n<meta property=\"og:site_name\" content=\"KVP-Onlineshop\" \/>\n<meta property=\"article:modified_time\" content=\"2022-07-05T16:49:31+00:00\" \/>\n<meta property=\"og:image\" content=\"https:\/\/diequadrate.de\/kvp-shop\/wp-content\/uploads\/sites\/6\/2022\/06\/block_90grad_200_weiss_frei_rahmen.png\" \/>\n\t<meta property=\"og:image:width\" content=\"545\" \/>\n\t<meta property=\"og:image:height\" content=\"523\" \/>\n\t<meta property=\"og:image:type\" content=\"image\/png\" \/>\n<meta name=\"twitter:card\" content=\"summary_large_image\" \/>\n<meta name=\"twitter:label1\" content=\"Gesch\u00e4tzte Lesezeit\" \/>\n\t<meta name=\"twitter:data1\" content=\"1\u00a0Minute\" \/>\n<script type=\"application\/ld+json\" class=\"yoast-schema-graph\">{\"@context\":\"https:\\\/\\\/schema.org\",\"@graph\":[{\"@type\":\"WebPage\",\"@id\":\"https:\\\/\\\/diequadrate.de\\\/kvp-shop\\\/produkt\\\/werkzeugblock-200mm-90-grad-weiss\\\/\",\"url\":\"https:\\\/\\\/diequadrate.de\\\/kvp-shop\\\/produkt\\\/werkzeugblock-200mm-90-grad-weiss\\\/\",\"name\":\"Werkzeugblock, 200mm, 90 Grad, weiss - KVP-Onlineshop\",\"isPartOf\":{\"@id\":\"https:\\\/\\\/diequadrate.de\\\/kvp-shop\\\/#website\"},\"primaryImageOfPage\":{\"@id\":\"https:\\\/\\\/diequadrate.de\\\/kvp-shop\\\/produkt\\\/werkzeugblock-200mm-90-grad-weiss\\\/#primaryimage\"},\"image\":{\"@id\":\"https:\\\/\\\/diequadrate.de\\\/kvp-shop\\\/produkt\\\/werkzeugblock-200mm-90-grad-weiss\\\/#primaryimage\"},\"thumbnailUrl\":\"https:\\\/\\\/diequadrate.de\\\/kvp-shop\\\/wp-content\\\/uploads\\\/sites\\\/6\\\/2022\\\/06\\\/block_90grad_200_weiss_frei_rahmen.png\",\"datePublished\":\"2022-04-27T15:43:44+00:00\",\"dateModified\":\"2022-07-05T16:49:31+00:00\",\"breadcrumb\":{\"@id\":\"https:\\\/\\\/diequadrate.de\\\/kvp-shop\\\/produkt\\\/werkzeugblock-200mm-90-grad-weiss\\\/#breadcrumb\"},\"inLanguage\":\"de\",\"potentialAction\":[{\"@type\":\"ReadAction\",\"target\":[\"https:\\\/\\\/diequadrate.de\\\/kvp-shop\\\/produkt\\\/werkzeugblock-200mm-90-grad-weiss\\\/\"]}]},{\"@type\":\"ImageObject\",\"inLanguage\":\"de\",\"@id\":\"https:\\\/\\\/diequadrate.de\\\/kvp-shop\\\/produkt\\\/werkzeugblock-200mm-90-grad-weiss\\\/#primaryimage\",\"url\":\"https:\\\/\\\/diequadrate.de\\\/kvp-shop\\\/wp-content\\\/uploads\\\/sites\\\/6\\\/2022\\\/06\\\/block_90grad_200_weiss_frei_rahmen.png\",\"contentUrl\":\"https:\\\/\\\/diequadrate.de\\\/kvp-shop\\\/wp-content\\\/uploads\\\/sites\\\/6\\\/2022\\\/06\\\/block_90grad_200_weiss_frei_rahmen.png\",\"width\":545,\"height\":523,\"caption\":\"Werkzeugblock 90Grad 200mm\"},{\"@type\":\"BreadcrumbList\",\"@id\":\"https:\\\/\\\/diequadrate.de\\\/kvp-shop\\\/produkt\\\/werkzeugblock-200mm-90-grad-weiss\\\/#breadcrumb\",\"itemListElement\":[{\"@type\":\"ListItem\",\"position\":1,\"name\":\"Startseite\",\"item\":\"https:\\\/\\\/diequadrate.de\\\/kvp-shop\\\/\"},{\"@type\":\"ListItem\",\"position\":2,\"name\":\"KVP-SHOP\",\"item\":\"https:\\\/\\\/diequadrate.de\\\/kvp-shop\\\/shop\\\/\"},{\"@type\":\"ListItem\",\"position\":3,\"name\":\"Werkzeugblock, 200mm, 90 Grad, weiss\"}]},{\"@type\":\"WebSite\",\"@id\":\"https:\\\/\\\/diequadrate.de\\\/kvp-shop\\\/#website\",\"url\":\"https:\\\/\\\/diequadrate.de\\\/kvp-shop\\\/\",\"name\":\"KVP-Onlineshop\",\"description\":\"das Onlineportal der V\u00b2 Vorentwicklung &amp; Vertrieb GmbH\",\"publisher\":{\"@id\":\"https:\\\/\\\/diequadrate.de\\\/kvp-shop\\\/#organization\"},\"potentialAction\":[{\"@type\":\"SearchAction\",\"target\":{\"@type\":\"EntryPoint\",\"urlTemplate\":\"https:\\\/\\\/diequadrate.de\\\/kvp-shop\\\/?s={search_term_string}\"},\"query-input\":{\"@type\":\"PropertyValueSpecification\",\"valueRequired\":true,\"valueName\":\"search_term_string\"}}],\"inLanguage\":\"de\"},{\"@type\":\"Organization\",\"@id\":\"https:\\\/\\\/diequadrate.de\\\/kvp-shop\\\/#organization\",\"name\":\"KVP-Onlineshop\",\"url\":\"https:\\\/\\\/diequadrate.de\\\/kvp-shop\\\/\",\"logo\":{\"@type\":\"ImageObject\",\"inLanguage\":\"de\",\"@id\":\"https:\\\/\\\/diequadrate.de\\\/kvp-shop\\\/#\\\/schema\\\/logo\\\/image\\\/\",\"url\":\"https:\\\/\\\/diequadrate.de\\\/kvp-shop\\\/wp-content\\\/uploads\\\/sites\\\/6\\\/2022\\\/05\\\/kvp-shop_75prozent_s_2022-1.svg\",\"contentUrl\":\"https:\\\/\\\/diequadrate.de\\\/kvp-shop\\\/wp-content\\\/uploads\\\/sites\\\/6\\\/2022\\\/05\\\/kvp-shop_75prozent_s_2022-1.svg\",\"width\":358,\"height\":224,\"caption\":\"KVP-Onlineshop\"},\"image\":{\"@id\":\"https:\\\/\\\/diequadrate.de\\\/kvp-shop\\\/#\\\/schema\\\/logo\\\/image\\\/\"}}]}<\/script>\n<!-- \/ Yoast SEO Premium plugin. -->","yoast_head_json":{"title":"Werkzeugblock, 200mm, 90 Grad, weiss - KVP-Onlineshop","robots":{"index":"index","follow":"follow","max-snippet":"max-snippet:-1","max-image-preview":"max-image-preview:large","max-video-preview":"max-video-preview:-1"},"canonical":"https:\/\/diequadrate.de\/kvp-shop\/produkt\/werkzeugblock-200mm-90-grad-weiss\/","og_locale":"de_DE","og_type":"article","og_title":"Werkzeugblock, 200mm, 90 Grad, weiss","og_description":"Werkzeugblock, rechtwinklig, Blockgr\u00f6sse: M (200 x 50 x 15), mit patentiertem Federclip zur einfachen Fixierung an Lochplatte","og_url":"https:\/\/diequadrate.de\/kvp-shop\/produkt\/werkzeugblock-200mm-90-grad-weiss\/","og_site_name":"KVP-Onlineshop","article_modified_time":"2022-07-05T16:49:31+00:00","og_image":[{"width":545,"height":523,"url":"https:\/\/diequadrate.de\/kvp-shop\/wp-content\/uploads\/sites\/6\/2022\/06\/block_90grad_200_weiss_frei_rahmen.png","type":"image\/png"}],"twitter_card":"summary_large_image","twitter_misc":{"Gesch\u00e4tzte Lesezeit":"1\u00a0Minute"},"schema":{"@context":"https:\/\/schema.org","@graph":[{"@type":"WebPage","@id":"https:\/\/diequadrate.de\/kvp-shop\/produkt\/werkzeugblock-200mm-90-grad-weiss\/","url":"https:\/\/diequadrate.de\/kvp-shop\/produkt\/werkzeugblock-200mm-90-grad-weiss\/","name":"Werkzeugblock, 200mm, 90 Grad, weiss - KVP-Onlineshop","isPartOf":{"@id":"https:\/\/diequadrate.de\/kvp-shop\/#website"},"primaryImageOfPage":{"@id":"https:\/\/diequadrate.de\/kvp-shop\/produkt\/werkzeugblock-200mm-90-grad-weiss\/#primaryimage"},"image":{"@id":"https:\/\/diequadrate.de\/kvp-shop\/produkt\/werkzeugblock-200mm-90-grad-weiss\/#primaryimage"},"thumbnailUrl":"https:\/\/diequadrate.de\/kvp-shop\/wp-content\/uploads\/sites\/6\/2022\/06\/block_90grad_200_weiss_frei_rahmen.png","datePublished":"2022-04-27T15:43:44+00:00","dateModified":"2022-07-05T16:49:31+00:00","breadcrumb":{"@id":"https:\/\/diequadrate.de\/kvp-shop\/produkt\/werkzeugblock-200mm-90-grad-weiss\/#breadcrumb"},"inLanguage":"de","potentialAction":[{"@type":"ReadAction","target":["https:\/\/diequadrate.de\/kvp-shop\/produkt\/werkzeugblock-200mm-90-grad-weiss\/"]}]},{"@type":"ImageObject","inLanguage":"de","@id":"https:\/\/diequadrate.de\/kvp-shop\/produkt\/werkzeugblock-200mm-90-grad-weiss\/#primaryimage","url":"https:\/\/diequadrate.de\/kvp-shop\/wp-content\/uploads\/sites\/6\/2022\/06\/block_90grad_200_weiss_frei_rahmen.png","contentUrl":"https:\/\/diequadrate.de\/kvp-shop\/wp-content\/uploads\/sites\/6\/2022\/06\/block_90grad_200_weiss_frei_rahmen.png","width":545,"height":523,"caption":"Werkzeugblock 90Grad 200mm"},{"@type":"BreadcrumbList","@id":"https:\/\/diequadrate.de\/kvp-shop\/produkt\/werkzeugblock-200mm-90-grad-weiss\/#breadcrumb","itemListElement":[{"@type":"ListItem","position":1,"name":"Startseite","item":"https:\/\/diequadrate.de\/kvp-shop\/"},{"@type":"ListItem","position":2,"name":"KVP-SHOP","item":"https:\/\/diequadrate.de\/kvp-shop\/shop\/"},{"@type":"ListItem","position":3,"name":"Werkzeugblock, 200mm, 90 Grad, weiss"}]},{"@type":"WebSite","@id":"https:\/\/diequadrate.de\/kvp-shop\/#website","url":"https:\/\/diequadrate.de\/kvp-shop\/","name":"KVP-Onlineshop","description":"das Onlineportal der V\u00b2 Vorentwicklung &amp; Vertrieb GmbH","publisher":{"@id":"https:\/\/diequadrate.de\/kvp-shop\/#organization"},"potentialAction":[{"@type":"SearchAction","target":{"@type":"EntryPoint","urlTemplate":"https:\/\/diequadrate.de\/kvp-shop\/?s={search_term_string}"},"query-input":{"@type":"PropertyValueSpecification","valueRequired":true,"valueName":"search_term_string"}}],"inLanguage":"de"},{"@type":"Organization","@id":"https:\/\/diequadrate.de\/kvp-shop\/#organization","name":"KVP-Onlineshop","url":"https:\/\/diequadrate.de\/kvp-shop\/","logo":{"@type":"ImageObject","inLanguage":"de","@id":"https:\/\/diequadrate.de\/kvp-shop\/#\/schema\/logo\/image\/","url":"https:\/\/diequadrate.de\/kvp-shop\/wp-content\/uploads\/sites\/6\/2022\/05\/kvp-shop_75prozent_s_2022-1.svg","contentUrl":"https:\/\/diequadrate.de\/kvp-shop\/wp-content\/uploads\/sites\/6\/2022\/05\/kvp-shop_75prozent_s_2022-1.svg","width":358,"height":224,"caption":"KVP-Onlineshop"},"image":{"@id":"https:\/\/diequadrate.de\/kvp-shop\/#\/schema\/logo\/image\/"}}]}},"_links":{"self":[{"href":"https:\/\/diequadrate.de\/kvp-shop\/wp-json\/wp\/v2\/product\/1062","targetHints":{"allow":["GET"]}}],"collection":[{"href":"https:\/\/diequadrate.de\/kvp-shop\/wp-json\/wp\/v2\/product"}],"about":[{"href":"https:\/\/diequadrate.de\/kvp-shop\/wp-json\/wp\/v2\/types\/product"}],"version-history":[{"count":4,"href":"https:\/\/diequadrate.de\/kvp-shop\/wp-json\/wp\/v2\/product\/1062\/revisions"}],"predecessor-version":[{"id":2242,"href":"https:\/\/diequadrate.de\/kvp-shop\/wp-json\/wp\/v2\/product\/1062\/revisions\/2242"}],"wp:featuredmedia":[{"embeddable":true,"href":"https:\/\/diequadrate.de\/kvp-shop\/wp-json\/wp\/v2\/media\/2137"}],"wp:attachment":[{"href":"https:\/\/diequadrate.de\/kvp-shop\/wp-json\/wp\/v2\/media?parent=1062"}],"wp:term":[{"taxonomy":"product_brand","embeddable":true,"href":"https:\/\/diequadrate.de\/kvp-shop\/wp-json\/wp\/v2\/product_brand?post=1062"},{"taxonomy":"product_cat","embeddable":true,"href":"https:\/\/diequadrate.de\/kvp-shop\/wp-json\/wp\/v2\/product_cat?post=1062"},{"taxonomy":"product_tag","embeddable":true,"href":"https:\/\/diequadrate.de\/kvp-shop\/wp-json\/wp\/v2\/product_tag?post=1062"}],"curies":[{"name":"wp","href":"https:\/\/api.w.org\/{rel}","templated":true}]}}