{"id":1068,"date":"2022-04-27T17:43:44","date_gmt":"2022-04-27T15:43:44","guid":{"rendered":"https:\/\/diequadrate.de\/kvp-shop\/produkt\/werkzeugblock-100mm-70-grad-abgewinkelt-weiss\/"},"modified":"2022-07-05T19:35:25","modified_gmt":"2022-07-05T17:35:25","slug":"werkzeugblock-100mm-70-grad-abgewinkelt-weiss","status":"publish","type":"product","link":"https:\/\/diequadrate.de\/kvp-shop\/produkt\/werkzeugblock-100mm-70-grad-abgewinkelt-weiss\/","title":{"rendered":"Werkzeugblock, 100mm, 70 Grad abgewinkelt, weiss"},"content":{"rendered":"<p>&nbsp;<\/p>\n<p>Werkzeugblock zum Selbstbohren: Der Werkzeugblock ist universell einsetzbar. Schaffen Sie Ordnung in Ihrem Sortiment f\u00fcr Bohrer, Stifte, K\u00f6rner etc. Vielseitige Anwendungsm\u00f6glichkeiten machen Ordnung zum Standard im ganzen Betrieb. Der Werkzeugblock ist f\u00fcr Werkzeugboards mit Standartlochbildern mit einem Raster von 38mm geeignet. Der gekantete Halter besteht aus Edelstahl (1.4301)<\/p>\n<p>Dank des patentierten Fixierclips bietet die Halterung eine besonders feste Anbringung und eine werkzeuglose Umplatzierung am Tr\u00e4gerblech!<\/p>\n<p>Durch den Neigungswinkel des Blocks von 70 Grad ist die Halterung besonders ergonomisch.<\/p>\n<p>Ma\u00dfe Kunststoffblock: B: 100mm x Tiefe: 50mm x H\u00f6he: 15mm<\/p>\n<p>(Abgebildete Werkzeuge und Zubeh\u00f6r geh\u00f6ren nicht zum Lieferumfang)<\/p>\n","protected":false},"excerpt":{"rendered":"<p id=\"product_condition\">Werkzeugblock, abgewinkelt,<br \/>\nBlockgr\u00f6sse: M (100 x 50 x 15),<br \/>\nmit patentiertem Federclip zur einfachen Fixierung an Lochplatte<\/p>\n","protected":false},"featured_media":2188,"template":"","meta":{"content-type":""},"product_brand":[],"product_cat":[71],"product_tag":[130,128,129],"class_list":{"0":"post-1068","1":"product","2":"type-product","3":"status-publish","4":"has-post-thumbnail","6":"product_cat-werkzeughalter","7":"product_tag-kunststoffblock","8":"product_tag-lochplatt","9":"product_tag-werkzeugbloch","11":"first","12":"instock","13":"purchasable","14":"product-type-simple"},"yoast_head":"<!-- This site is optimized with the Yoast SEO Premium plugin v25.3 (Yoast SEO v27.4) - https:\/\/yoast.com\/product\/yoast-seo-premium-wordpress\/ -->\n<title>Werkzeugblock, 100mm, 70 Grad abgewinkelt, weiss - KVP-Onlineshop<\/title>\n<meta name=\"robots\" content=\"index, follow, max-snippet:-1, max-image-preview:large, max-video-preview:-1\" \/>\n<link rel=\"canonical\" href=\"https:\/\/diequadrate.de\/kvp-shop\/produkt\/werkzeugblock-100mm-70-grad-abgewinkelt-weiss\/\" \/>\n<meta property=\"og:locale\" content=\"de_DE\" \/>\n<meta property=\"og:type\" content=\"article\" \/>\n<meta property=\"og:title\" content=\"Werkzeugblock, 100mm, 70 Grad abgewinkelt, weiss\" \/>\n<meta property=\"og:description\" content=\"Werkzeugblock, abgewinkelt, Blockgr\u00f6sse: M (100 x 50 x 15), mit patentiertem Federclip zur einfachen Fixierung an Lochplatte\" \/>\n<meta property=\"og:url\" content=\"https:\/\/diequadrate.de\/kvp-shop\/produkt\/werkzeugblock-100mm-70-grad-abgewinkelt-weiss\/\" \/>\n<meta property=\"og:site_name\" content=\"KVP-Onlineshop\" \/>\n<meta property=\"article:modified_time\" content=\"2022-07-05T17:35:25+00:00\" \/>\n<meta property=\"og:image\" content=\"https:\/\/diequadrate.de\/kvp-shop\/wp-content\/uploads\/sites\/6\/2022\/06\/block_60grad_100_weiss_frei_rahmen.png\" \/>\n\t<meta property=\"og:image:width\" content=\"545\" \/>\n\t<meta property=\"og:image:height\" content=\"523\" \/>\n\t<meta property=\"og:image:type\" content=\"image\/png\" \/>\n<meta name=\"twitter:card\" content=\"summary_large_image\" \/>\n<meta name=\"twitter:label1\" content=\"Gesch\u00e4tzte Lesezeit\" \/>\n\t<meta name=\"twitter:data1\" content=\"1\u00a0Minute\" \/>\n<script type=\"application\/ld+json\" class=\"yoast-schema-graph\">{\"@context\":\"https:\\\/\\\/schema.org\",\"@graph\":[{\"@type\":\"WebPage\",\"@id\":\"https:\\\/\\\/diequadrate.de\\\/kvp-shop\\\/produkt\\\/werkzeugblock-100mm-70-grad-abgewinkelt-weiss\\\/\",\"url\":\"https:\\\/\\\/diequadrate.de\\\/kvp-shop\\\/produkt\\\/werkzeugblock-100mm-70-grad-abgewinkelt-weiss\\\/\",\"name\":\"Werkzeugblock, 100mm, 70 Grad abgewinkelt, weiss - KVP-Onlineshop\",\"isPartOf\":{\"@id\":\"https:\\\/\\\/diequadrate.de\\\/kvp-shop\\\/#website\"},\"primaryImageOfPage\":{\"@id\":\"https:\\\/\\\/diequadrate.de\\\/kvp-shop\\\/produkt\\\/werkzeugblock-100mm-70-grad-abgewinkelt-weiss\\\/#primaryimage\"},\"image\":{\"@id\":\"https:\\\/\\\/diequadrate.de\\\/kvp-shop\\\/produkt\\\/werkzeugblock-100mm-70-grad-abgewinkelt-weiss\\\/#primaryimage\"},\"thumbnailUrl\":\"https:\\\/\\\/diequadrate.de\\\/kvp-shop\\\/wp-content\\\/uploads\\\/sites\\\/6\\\/2022\\\/06\\\/block_60grad_100_weiss_frei_rahmen.png\",\"datePublished\":\"2022-04-27T15:43:44+00:00\",\"dateModified\":\"2022-07-05T17:35:25+00:00\",\"breadcrumb\":{\"@id\":\"https:\\\/\\\/diequadrate.de\\\/kvp-shop\\\/produkt\\\/werkzeugblock-100mm-70-grad-abgewinkelt-weiss\\\/#breadcrumb\"},\"inLanguage\":\"de\",\"potentialAction\":[{\"@type\":\"ReadAction\",\"target\":[\"https:\\\/\\\/diequadrate.de\\\/kvp-shop\\\/produkt\\\/werkzeugblock-100mm-70-grad-abgewinkelt-weiss\\\/\"]}]},{\"@type\":\"ImageObject\",\"inLanguage\":\"de\",\"@id\":\"https:\\\/\\\/diequadrate.de\\\/kvp-shop\\\/produkt\\\/werkzeugblock-100mm-70-grad-abgewinkelt-weiss\\\/#primaryimage\",\"url\":\"https:\\\/\\\/diequadrate.de\\\/kvp-shop\\\/wp-content\\\/uploads\\\/sites\\\/6\\\/2022\\\/06\\\/block_60grad_100_weiss_frei_rahmen.png\",\"contentUrl\":\"https:\\\/\\\/diequadrate.de\\\/kvp-shop\\\/wp-content\\\/uploads\\\/sites\\\/6\\\/2022\\\/06\\\/block_60grad_100_weiss_frei_rahmen.png\",\"width\":545,\"height\":523,\"caption\":\"Werkzeugblock 70Grad 100mm\"},{\"@type\":\"BreadcrumbList\",\"@id\":\"https:\\\/\\\/diequadrate.de\\\/kvp-shop\\\/produkt\\\/werkzeugblock-100mm-70-grad-abgewinkelt-weiss\\\/#breadcrumb\",\"itemListElement\":[{\"@type\":\"ListItem\",\"position\":1,\"name\":\"Startseite\",\"item\":\"https:\\\/\\\/diequadrate.de\\\/kvp-shop\\\/\"},{\"@type\":\"ListItem\",\"position\":2,\"name\":\"KVP-SHOP\",\"item\":\"https:\\\/\\\/diequadrate.de\\\/kvp-shop\\\/shop\\\/\"},{\"@type\":\"ListItem\",\"position\":3,\"name\":\"Werkzeugblock, 100mm, 70 Grad abgewinkelt, weiss\"}]},{\"@type\":\"WebSite\",\"@id\":\"https:\\\/\\\/diequadrate.de\\\/kvp-shop\\\/#website\",\"url\":\"https:\\\/\\\/diequadrate.de\\\/kvp-shop\\\/\",\"name\":\"KVP-Onlineshop\",\"description\":\"das Onlineportal der V\u00b2 Vorentwicklung &amp; Vertrieb GmbH\",\"publisher\":{\"@id\":\"https:\\\/\\\/diequadrate.de\\\/kvp-shop\\\/#organization\"},\"potentialAction\":[{\"@type\":\"SearchAction\",\"target\":{\"@type\":\"EntryPoint\",\"urlTemplate\":\"https:\\\/\\\/diequadrate.de\\\/kvp-shop\\\/?s={search_term_string}\"},\"query-input\":{\"@type\":\"PropertyValueSpecification\",\"valueRequired\":true,\"valueName\":\"search_term_string\"}}],\"inLanguage\":\"de\"},{\"@type\":\"Organization\",\"@id\":\"https:\\\/\\\/diequadrate.de\\\/kvp-shop\\\/#organization\",\"name\":\"KVP-Onlineshop\",\"url\":\"https:\\\/\\\/diequadrate.de\\\/kvp-shop\\\/\",\"logo\":{\"@type\":\"ImageObject\",\"inLanguage\":\"de\",\"@id\":\"https:\\\/\\\/diequadrate.de\\\/kvp-shop\\\/#\\\/schema\\\/logo\\\/image\\\/\",\"url\":\"https:\\\/\\\/diequadrate.de\\\/kvp-shop\\\/wp-content\\\/uploads\\\/sites\\\/6\\\/2022\\\/05\\\/kvp-shop_75prozent_s_2022-1.svg\",\"contentUrl\":\"https:\\\/\\\/diequadrate.de\\\/kvp-shop\\\/wp-content\\\/uploads\\\/sites\\\/6\\\/2022\\\/05\\\/kvp-shop_75prozent_s_2022-1.svg\",\"width\":358,\"height\":224,\"caption\":\"KVP-Onlineshop\"},\"image\":{\"@id\":\"https:\\\/\\\/diequadrate.de\\\/kvp-shop\\\/#\\\/schema\\\/logo\\\/image\\\/\"}}]}<\/script>\n<!-- \/ Yoast SEO Premium plugin. -->","yoast_head_json":{"title":"Werkzeugblock, 100mm, 70 Grad abgewinkelt, weiss - KVP-Onlineshop","robots":{"index":"index","follow":"follow","max-snippet":"max-snippet:-1","max-image-preview":"max-image-preview:large","max-video-preview":"max-video-preview:-1"},"canonical":"https:\/\/diequadrate.de\/kvp-shop\/produkt\/werkzeugblock-100mm-70-grad-abgewinkelt-weiss\/","og_locale":"de_DE","og_type":"article","og_title":"Werkzeugblock, 100mm, 70 Grad abgewinkelt, weiss","og_description":"Werkzeugblock, abgewinkelt, Blockgr\u00f6sse: M (100 x 50 x 15), mit patentiertem Federclip zur einfachen Fixierung an Lochplatte","og_url":"https:\/\/diequadrate.de\/kvp-shop\/produkt\/werkzeugblock-100mm-70-grad-abgewinkelt-weiss\/","og_site_name":"KVP-Onlineshop","article_modified_time":"2022-07-05T17:35:25+00:00","og_image":[{"width":545,"height":523,"url":"https:\/\/diequadrate.de\/kvp-shop\/wp-content\/uploads\/sites\/6\/2022\/06\/block_60grad_100_weiss_frei_rahmen.png","type":"image\/png"}],"twitter_card":"summary_large_image","twitter_misc":{"Gesch\u00e4tzte Lesezeit":"1\u00a0Minute"},"schema":{"@context":"https:\/\/schema.org","@graph":[{"@type":"WebPage","@id":"https:\/\/diequadrate.de\/kvp-shop\/produkt\/werkzeugblock-100mm-70-grad-abgewinkelt-weiss\/","url":"https:\/\/diequadrate.de\/kvp-shop\/produkt\/werkzeugblock-100mm-70-grad-abgewinkelt-weiss\/","name":"Werkzeugblock, 100mm, 70 Grad abgewinkelt, weiss - KVP-Onlineshop","isPartOf":{"@id":"https:\/\/diequadrate.de\/kvp-shop\/#website"},"primaryImageOfPage":{"@id":"https:\/\/diequadrate.de\/kvp-shop\/produkt\/werkzeugblock-100mm-70-grad-abgewinkelt-weiss\/#primaryimage"},"image":{"@id":"https:\/\/diequadrate.de\/kvp-shop\/produkt\/werkzeugblock-100mm-70-grad-abgewinkelt-weiss\/#primaryimage"},"thumbnailUrl":"https:\/\/diequadrate.de\/kvp-shop\/wp-content\/uploads\/sites\/6\/2022\/06\/block_60grad_100_weiss_frei_rahmen.png","datePublished":"2022-04-27T15:43:44+00:00","dateModified":"2022-07-05T17:35:25+00:00","breadcrumb":{"@id":"https:\/\/diequadrate.de\/kvp-shop\/produkt\/werkzeugblock-100mm-70-grad-abgewinkelt-weiss\/#breadcrumb"},"inLanguage":"de","potentialAction":[{"@type":"ReadAction","target":["https:\/\/diequadrate.de\/kvp-shop\/produkt\/werkzeugblock-100mm-70-grad-abgewinkelt-weiss\/"]}]},{"@type":"ImageObject","inLanguage":"de","@id":"https:\/\/diequadrate.de\/kvp-shop\/produkt\/werkzeugblock-100mm-70-grad-abgewinkelt-weiss\/#primaryimage","url":"https:\/\/diequadrate.de\/kvp-shop\/wp-content\/uploads\/sites\/6\/2022\/06\/block_60grad_100_weiss_frei_rahmen.png","contentUrl":"https:\/\/diequadrate.de\/kvp-shop\/wp-content\/uploads\/sites\/6\/2022\/06\/block_60grad_100_weiss_frei_rahmen.png","width":545,"height":523,"caption":"Werkzeugblock 70Grad 100mm"},{"@type":"BreadcrumbList","@id":"https:\/\/diequadrate.de\/kvp-shop\/produkt\/werkzeugblock-100mm-70-grad-abgewinkelt-weiss\/#breadcrumb","itemListElement":[{"@type":"ListItem","position":1,"name":"Startseite","item":"https:\/\/diequadrate.de\/kvp-shop\/"},{"@type":"ListItem","position":2,"name":"KVP-SHOP","item":"https:\/\/diequadrate.de\/kvp-shop\/shop\/"},{"@type":"ListItem","position":3,"name":"Werkzeugblock, 100mm, 70 Grad abgewinkelt, weiss"}]},{"@type":"WebSite","@id":"https:\/\/diequadrate.de\/kvp-shop\/#website","url":"https:\/\/diequadrate.de\/kvp-shop\/","name":"KVP-Onlineshop","description":"das Onlineportal der V\u00b2 Vorentwicklung &amp; Vertrieb GmbH","publisher":{"@id":"https:\/\/diequadrate.de\/kvp-shop\/#organization"},"potentialAction":[{"@type":"SearchAction","target":{"@type":"EntryPoint","urlTemplate":"https:\/\/diequadrate.de\/kvp-shop\/?s={search_term_string}"},"query-input":{"@type":"PropertyValueSpecification","valueRequired":true,"valueName":"search_term_string"}}],"inLanguage":"de"},{"@type":"Organization","@id":"https:\/\/diequadrate.de\/kvp-shop\/#organization","name":"KVP-Onlineshop","url":"https:\/\/diequadrate.de\/kvp-shop\/","logo":{"@type":"ImageObject","inLanguage":"de","@id":"https:\/\/diequadrate.de\/kvp-shop\/#\/schema\/logo\/image\/","url":"https:\/\/diequadrate.de\/kvp-shop\/wp-content\/uploads\/sites\/6\/2022\/05\/kvp-shop_75prozent_s_2022-1.svg","contentUrl":"https:\/\/diequadrate.de\/kvp-shop\/wp-content\/uploads\/sites\/6\/2022\/05\/kvp-shop_75prozent_s_2022-1.svg","width":358,"height":224,"caption":"KVP-Onlineshop"},"image":{"@id":"https:\/\/diequadrate.de\/kvp-shop\/#\/schema\/logo\/image\/"}}]}},"_links":{"self":[{"href":"https:\/\/diequadrate.de\/kvp-shop\/wp-json\/wp\/v2\/product\/1068","targetHints":{"allow":["GET"]}}],"collection":[{"href":"https:\/\/diequadrate.de\/kvp-shop\/wp-json\/wp\/v2\/product"}],"about":[{"href":"https:\/\/diequadrate.de\/kvp-shop\/wp-json\/wp\/v2\/types\/product"}],"version-history":[{"count":5,"href":"https:\/\/diequadrate.de\/kvp-shop\/wp-json\/wp\/v2\/product\/1068\/revisions"}],"predecessor-version":[{"id":2259,"href":"https:\/\/diequadrate.de\/kvp-shop\/wp-json\/wp\/v2\/product\/1068\/revisions\/2259"}],"wp:featuredmedia":[{"embeddable":true,"href":"https:\/\/diequadrate.de\/kvp-shop\/wp-json\/wp\/v2\/media\/2188"}],"wp:attachment":[{"href":"https:\/\/diequadrate.de\/kvp-shop\/wp-json\/wp\/v2\/media?parent=1068"}],"wp:term":[{"taxonomy":"product_brand","embeddable":true,"href":"https:\/\/diequadrate.de\/kvp-shop\/wp-json\/wp\/v2\/product_brand?post=1068"},{"taxonomy":"product_cat","embeddable":true,"href":"https:\/\/diequadrate.de\/kvp-shop\/wp-json\/wp\/v2\/product_cat?post=1068"},{"taxonomy":"product_tag","embeddable":true,"href":"https:\/\/diequadrate.de\/kvp-shop\/wp-json\/wp\/v2\/product_tag?post=1068"}],"curies":[{"name":"wp","href":"https:\/\/api.w.org\/{rel}","templated":true}]}}