{"id":1314,"date":"2022-04-27T17:46:12","date_gmt":"2022-04-27T15:46:12","guid":{"rendered":"https:\/\/diequadrate.de\/kvp-shop\/produkt\/piktogramm-fussgaenger\/"},"modified":"2022-04-27T17:46:36","modified_gmt":"2022-04-27T15:46:36","slug":"piktogramm-fussgaenger","status":"publish","type":"product","link":"https:\/\/diequadrate.de\/kvp-shop\/produkt\/piktogramm-fussgaenger\/","title":{"rendered":"Piktogramm &#8222;Fu\u00dfg\u00e4nger&#8220;"},"content":{"rendered":"<p>Piktogramm &#8222;Fu\u00dfg\u00e4nger&#8220;Geeignet zur Kennzeichnung von Fahrbahnen, Arbeitsbereichen, Sicherheitsbereichen und Abstellfl\u00e4chen mit retroreflektierender und rutschhemmender Oberfl\u00e4che.Schnell aufzukleben und extrem verschlei\u00dffest! Keine Zeit f\u00fcrs Trocknen, ersetzt die Kennzeichnung mit Farbe.\u00e2\u20ac\u00a2 extrem strapazierf\u00e4hige, langlebige Markierung \u00e2\u20ac\u00a2 selbstklebend, extrem gute Bodenhaftung \u00e2\u20ac\u00a2 Material: PU, Elastomer gewebeverst\u00e4rkt \u00e2\u20ac\u00a2 Kleber:  \u00c2\u00a0\u00c2\u00a0\u00c2\u00a0 Synthesekautschuk &#8211; f\u00fcr Au\u00dfen und Innen \u00c2\u00a0\u00c2\u00a0\u00c2\u00a0 Acrylat &#8211; nur f\u00fcr innen, nicht f\u00fcr rauen Betonestrich und Betonpflaster\u00c2\u00a0Gr\u00f6\u00dfe: 350\u00c2\u00a0 mm x 600 mm<\/p>\n","protected":false},"excerpt":{"rendered":"<p>Piktogramm &#8222;Fu\u00dfg\u00e4nger&#8220;Geeignet zur Kennzeichnung von Fahrbahnen, Arbeitsbereichen, Sicherheitsbereichen und Abstellfl\u00e4chen mit retroreflektierender und rutschhemmender Oberfl\u00e4che.Schnell aufzukleben und extrem verschlei\u00dffest! Keine Zeit f\u00fcrs Trocknen, ersetzt die Kennzeichnung<span class=\"excerpt-hellip\"> [\u2026]<\/span><\/p>\n","protected":false},"featured_media":1316,"template":"","meta":{"content-type":""},"product_brand":[],"product_cat":[80],"product_tag":[],"class_list":{"0":"post-1314","1":"product","2":"type-product","3":"status-publish","4":"has-post-thumbnail","6":"product_cat-piktogramme","8":"first","9":"instock","10":"purchasable","11":"product-type-simple"},"yoast_head":"<!-- This site is optimized with the Yoast SEO Premium plugin v25.3 (Yoast SEO v27.5) - https:\/\/yoast.com\/product\/yoast-seo-premium-wordpress\/ -->\n<title>Piktogramm &quot;Fu\u00dfg\u00e4nger&quot; - KVP-Onlineshop<\/title>\n<meta name=\"robots\" content=\"index, follow, max-snippet:-1, max-image-preview:large, max-video-preview:-1\" \/>\n<link rel=\"canonical\" href=\"https:\/\/diequadrate.de\/kvp-shop\/produkt\/piktogramm-fussgaenger\/\" \/>\n<meta property=\"og:locale\" content=\"de_DE\" \/>\n<meta property=\"og:type\" content=\"article\" \/>\n<meta property=\"og:title\" content=\"Piktogramm &quot;Fu\u00dfg\u00e4nger&quot;\" \/>\n<meta property=\"og:description\" content=\"Piktogramm &#8222;Fu\u00dfg\u00e4nger&#8220;Geeignet zur Kennzeichnung von Fahrbahnen, Arbeitsbereichen, Sicherheitsbereichen und Abstellfl\u00e4chen mit retroreflektierender und rutschhemmender Oberfl\u00e4che.Schnell aufzukleben und extrem verschlei\u00dffest! Keine Zeit f\u00fcrs Trocknen, ersetzt die Kennzeichnung [\u2026]\" \/>\n<meta property=\"og:url\" content=\"https:\/\/diequadrate.de\/kvp-shop\/produkt\/piktogramm-fussgaenger\/\" \/>\n<meta property=\"og:site_name\" content=\"KVP-Onlineshop\" \/>\n<meta property=\"article:modified_time\" content=\"2022-04-27T15:46:36+00:00\" \/>\n<meta property=\"og:image\" content=\"https:\/\/diequadrate.de\/kvp-shop\/wp-content\/uploads\/sites\/6\/2022\/04\/piktogramm-fussganger.jpg\" \/>\n\t<meta property=\"og:image:width\" content=\"800\" \/>\n\t<meta property=\"og:image:height\" content=\"800\" \/>\n\t<meta property=\"og:image:type\" content=\"image\/png\" \/>\n<meta name=\"twitter:card\" content=\"summary_large_image\" \/>\n<script type=\"application\/ld+json\" class=\"yoast-schema-graph\">{\"@context\":\"https:\\\/\\\/schema.org\",\"@graph\":[{\"@type\":\"WebPage\",\"@id\":\"https:\\\/\\\/diequadrate.de\\\/kvp-shop\\\/produkt\\\/piktogramm-fussgaenger\\\/\",\"url\":\"https:\\\/\\\/diequadrate.de\\\/kvp-shop\\\/produkt\\\/piktogramm-fussgaenger\\\/\",\"name\":\"Piktogramm \\\"Fu\u00dfg\u00e4nger\\\" - KVP-Onlineshop\",\"isPartOf\":{\"@id\":\"https:\\\/\\\/diequadrate.de\\\/kvp-shop\\\/#website\"},\"primaryImageOfPage\":{\"@id\":\"https:\\\/\\\/diequadrate.de\\\/kvp-shop\\\/produkt\\\/piktogramm-fussgaenger\\\/#primaryimage\"},\"image\":{\"@id\":\"https:\\\/\\\/diequadrate.de\\\/kvp-shop\\\/produkt\\\/piktogramm-fussgaenger\\\/#primaryimage\"},\"thumbnailUrl\":\"https:\\\/\\\/diequadrate.de\\\/kvp-shop\\\/wp-content\\\/uploads\\\/sites\\\/6\\\/2022\\\/04\\\/piktogramm-fussganger.jpg\",\"datePublished\":\"2022-04-27T15:46:12+00:00\",\"dateModified\":\"2022-04-27T15:46:36+00:00\",\"breadcrumb\":{\"@id\":\"https:\\\/\\\/diequadrate.de\\\/kvp-shop\\\/produkt\\\/piktogramm-fussgaenger\\\/#breadcrumb\"},\"inLanguage\":\"de\",\"potentialAction\":[{\"@type\":\"ReadAction\",\"target\":[\"https:\\\/\\\/diequadrate.de\\\/kvp-shop\\\/produkt\\\/piktogramm-fussgaenger\\\/\"]}]},{\"@type\":\"ImageObject\",\"inLanguage\":\"de\",\"@id\":\"https:\\\/\\\/diequadrate.de\\\/kvp-shop\\\/produkt\\\/piktogramm-fussgaenger\\\/#primaryimage\",\"url\":\"https:\\\/\\\/diequadrate.de\\\/kvp-shop\\\/wp-content\\\/uploads\\\/sites\\\/6\\\/2022\\\/04\\\/piktogramm-fussganger.jpg\",\"contentUrl\":\"https:\\\/\\\/diequadrate.de\\\/kvp-shop\\\/wp-content\\\/uploads\\\/sites\\\/6\\\/2022\\\/04\\\/piktogramm-fussganger.jpg\",\"width\":800,\"height\":800},{\"@type\":\"BreadcrumbList\",\"@id\":\"https:\\\/\\\/diequadrate.de\\\/kvp-shop\\\/produkt\\\/piktogramm-fussgaenger\\\/#breadcrumb\",\"itemListElement\":[{\"@type\":\"ListItem\",\"position\":1,\"name\":\"Startseite\",\"item\":\"https:\\\/\\\/diequadrate.de\\\/kvp-shop\\\/\"},{\"@type\":\"ListItem\",\"position\":2,\"name\":\"KVP-SHOP\",\"item\":\"https:\\\/\\\/diequadrate.de\\\/kvp-shop\\\/shop\\\/\"},{\"@type\":\"ListItem\",\"position\":3,\"name\":\"Piktogramm &#8220;Fu\u00dfg\u00e4nger&#8221;\"}]},{\"@type\":\"WebSite\",\"@id\":\"https:\\\/\\\/diequadrate.de\\\/kvp-shop\\\/#website\",\"url\":\"https:\\\/\\\/diequadrate.de\\\/kvp-shop\\\/\",\"name\":\"KVP-Onlineshop\",\"description\":\"das Onlineportal der V\u00b2 Vorentwicklung &amp; Vertrieb GmbH\",\"publisher\":{\"@id\":\"https:\\\/\\\/diequadrate.de\\\/kvp-shop\\\/#organization\"},\"potentialAction\":[{\"@type\":\"SearchAction\",\"target\":{\"@type\":\"EntryPoint\",\"urlTemplate\":\"https:\\\/\\\/diequadrate.de\\\/kvp-shop\\\/?s={search_term_string}\"},\"query-input\":{\"@type\":\"PropertyValueSpecification\",\"valueRequired\":true,\"valueName\":\"search_term_string\"}}],\"inLanguage\":\"de\"},{\"@type\":\"Organization\",\"@id\":\"https:\\\/\\\/diequadrate.de\\\/kvp-shop\\\/#organization\",\"name\":\"KVP-Onlineshop\",\"url\":\"https:\\\/\\\/diequadrate.de\\\/kvp-shop\\\/\",\"logo\":{\"@type\":\"ImageObject\",\"inLanguage\":\"de\",\"@id\":\"https:\\\/\\\/diequadrate.de\\\/kvp-shop\\\/#\\\/schema\\\/logo\\\/image\\\/\",\"url\":\"https:\\\/\\\/diequadrate.de\\\/kvp-shop\\\/wp-content\\\/uploads\\\/sites\\\/6\\\/2022\\\/05\\\/kvp-shop_75prozent_s_2022-1.svg\",\"contentUrl\":\"https:\\\/\\\/diequadrate.de\\\/kvp-shop\\\/wp-content\\\/uploads\\\/sites\\\/6\\\/2022\\\/05\\\/kvp-shop_75prozent_s_2022-1.svg\",\"width\":358,\"height\":224,\"caption\":\"KVP-Onlineshop\"},\"image\":{\"@id\":\"https:\\\/\\\/diequadrate.de\\\/kvp-shop\\\/#\\\/schema\\\/logo\\\/image\\\/\"}}]}<\/script>\n<!-- \/ Yoast SEO Premium plugin. -->","yoast_head_json":{"title":"Piktogramm \"Fu\u00dfg\u00e4nger\" - KVP-Onlineshop","robots":{"index":"index","follow":"follow","max-snippet":"max-snippet:-1","max-image-preview":"max-image-preview:large","max-video-preview":"max-video-preview:-1"},"canonical":"https:\/\/diequadrate.de\/kvp-shop\/produkt\/piktogramm-fussgaenger\/","og_locale":"de_DE","og_type":"article","og_title":"Piktogramm \"Fu\u00dfg\u00e4nger\"","og_description":"Piktogramm &#8222;Fu\u00dfg\u00e4nger&#8220;Geeignet zur Kennzeichnung von Fahrbahnen, Arbeitsbereichen, Sicherheitsbereichen und Abstellfl\u00e4chen mit retroreflektierender und rutschhemmender Oberfl\u00e4che.Schnell aufzukleben und extrem verschlei\u00dffest! Keine Zeit f\u00fcrs Trocknen, ersetzt die Kennzeichnung [\u2026]","og_url":"https:\/\/diequadrate.de\/kvp-shop\/produkt\/piktogramm-fussgaenger\/","og_site_name":"KVP-Onlineshop","article_modified_time":"2022-04-27T15:46:36+00:00","og_image":[{"width":800,"height":800,"url":"https:\/\/diequadrate.de\/kvp-shop\/wp-content\/uploads\/sites\/6\/2022\/04\/piktogramm-fussganger.jpg","type":"image\/png"}],"twitter_card":"summary_large_image","schema":{"@context":"https:\/\/schema.org","@graph":[{"@type":"WebPage","@id":"https:\/\/diequadrate.de\/kvp-shop\/produkt\/piktogramm-fussgaenger\/","url":"https:\/\/diequadrate.de\/kvp-shop\/produkt\/piktogramm-fussgaenger\/","name":"Piktogramm \"Fu\u00dfg\u00e4nger\" - KVP-Onlineshop","isPartOf":{"@id":"https:\/\/diequadrate.de\/kvp-shop\/#website"},"primaryImageOfPage":{"@id":"https:\/\/diequadrate.de\/kvp-shop\/produkt\/piktogramm-fussgaenger\/#primaryimage"},"image":{"@id":"https:\/\/diequadrate.de\/kvp-shop\/produkt\/piktogramm-fussgaenger\/#primaryimage"},"thumbnailUrl":"https:\/\/diequadrate.de\/kvp-shop\/wp-content\/uploads\/sites\/6\/2022\/04\/piktogramm-fussganger.jpg","datePublished":"2022-04-27T15:46:12+00:00","dateModified":"2022-04-27T15:46:36+00:00","breadcrumb":{"@id":"https:\/\/diequadrate.de\/kvp-shop\/produkt\/piktogramm-fussgaenger\/#breadcrumb"},"inLanguage":"de","potentialAction":[{"@type":"ReadAction","target":["https:\/\/diequadrate.de\/kvp-shop\/produkt\/piktogramm-fussgaenger\/"]}]},{"@type":"ImageObject","inLanguage":"de","@id":"https:\/\/diequadrate.de\/kvp-shop\/produkt\/piktogramm-fussgaenger\/#primaryimage","url":"https:\/\/diequadrate.de\/kvp-shop\/wp-content\/uploads\/sites\/6\/2022\/04\/piktogramm-fussganger.jpg","contentUrl":"https:\/\/diequadrate.de\/kvp-shop\/wp-content\/uploads\/sites\/6\/2022\/04\/piktogramm-fussganger.jpg","width":800,"height":800},{"@type":"BreadcrumbList","@id":"https:\/\/diequadrate.de\/kvp-shop\/produkt\/piktogramm-fussgaenger\/#breadcrumb","itemListElement":[{"@type":"ListItem","position":1,"name":"Startseite","item":"https:\/\/diequadrate.de\/kvp-shop\/"},{"@type":"ListItem","position":2,"name":"KVP-SHOP","item":"https:\/\/diequadrate.de\/kvp-shop\/shop\/"},{"@type":"ListItem","position":3,"name":"Piktogramm &#8220;Fu\u00dfg\u00e4nger&#8221;"}]},{"@type":"WebSite","@id":"https:\/\/diequadrate.de\/kvp-shop\/#website","url":"https:\/\/diequadrate.de\/kvp-shop\/","name":"KVP-Onlineshop","description":"das Onlineportal der V\u00b2 Vorentwicklung &amp; Vertrieb GmbH","publisher":{"@id":"https:\/\/diequadrate.de\/kvp-shop\/#organization"},"potentialAction":[{"@type":"SearchAction","target":{"@type":"EntryPoint","urlTemplate":"https:\/\/diequadrate.de\/kvp-shop\/?s={search_term_string}"},"query-input":{"@type":"PropertyValueSpecification","valueRequired":true,"valueName":"search_term_string"}}],"inLanguage":"de"},{"@type":"Organization","@id":"https:\/\/diequadrate.de\/kvp-shop\/#organization","name":"KVP-Onlineshop","url":"https:\/\/diequadrate.de\/kvp-shop\/","logo":{"@type":"ImageObject","inLanguage":"de","@id":"https:\/\/diequadrate.de\/kvp-shop\/#\/schema\/logo\/image\/","url":"https:\/\/diequadrate.de\/kvp-shop\/wp-content\/uploads\/sites\/6\/2022\/05\/kvp-shop_75prozent_s_2022-1.svg","contentUrl":"https:\/\/diequadrate.de\/kvp-shop\/wp-content\/uploads\/sites\/6\/2022\/05\/kvp-shop_75prozent_s_2022-1.svg","width":358,"height":224,"caption":"KVP-Onlineshop"},"image":{"@id":"https:\/\/diequadrate.de\/kvp-shop\/#\/schema\/logo\/image\/"}}]}},"_links":{"self":[{"href":"https:\/\/diequadrate.de\/kvp-shop\/wp-json\/wp\/v2\/product\/1314","targetHints":{"allow":["GET"]}}],"collection":[{"href":"https:\/\/diequadrate.de\/kvp-shop\/wp-json\/wp\/v2\/product"}],"about":[{"href":"https:\/\/diequadrate.de\/kvp-shop\/wp-json\/wp\/v2\/types\/product"}],"version-history":[{"count":1,"href":"https:\/\/diequadrate.de\/kvp-shop\/wp-json\/wp\/v2\/product\/1314\/revisions"}],"predecessor-version":[{"id":1315,"href":"https:\/\/diequadrate.de\/kvp-shop\/wp-json\/wp\/v2\/product\/1314\/revisions\/1315"}],"wp:featuredmedia":[{"embeddable":true,"href":"https:\/\/diequadrate.de\/kvp-shop\/wp-json\/wp\/v2\/media\/1316"}],"wp:attachment":[{"href":"https:\/\/diequadrate.de\/kvp-shop\/wp-json\/wp\/v2\/media?parent=1314"}],"wp:term":[{"taxonomy":"product_brand","embeddable":true,"href":"https:\/\/diequadrate.de\/kvp-shop\/wp-json\/wp\/v2\/product_brand?post=1314"},{"taxonomy":"product_cat","embeddable":true,"href":"https:\/\/diequadrate.de\/kvp-shop\/wp-json\/wp\/v2\/product_cat?post=1314"},{"taxonomy":"product_tag","embeddable":true,"href":"https:\/\/diequadrate.de\/kvp-shop\/wp-json\/wp\/v2\/product_tag?post=1314"}],"curies":[{"name":"wp","href":"https:\/\/api.w.org\/{rel}","templated":true}]}}