{"id":1362,"date":"2022-04-27T17:46:50","date_gmt":"2022-04-27T15:46:50","guid":{"rendered":"https:\/\/diequadrate.de\/kvp-shop\/produkt\/infotasche-in-kundenindividuellem-design-din-a4\/"},"modified":"2022-07-17T15:17:10","modified_gmt":"2022-07-17T13:17:10","slug":"infotasche-in-kundenindividuellem-design-din-a4","status":"publish","type":"product","link":"https:\/\/diequadrate.de\/kvp-shop\/produkt\/infotasche-in-kundenindividuellem-design-din-a4\/","title":{"rendered":"Infotasche in kundenindividuellem Design (DIN A4)"},"content":{"rendered":"<p>&nbsp;<\/p>\n<p>F\u00fcr einen starken Auftritt! F\u00fcr Aush\u00e4nge in Ihrem CI gestalten und fertigen wir Ihnen Ihre kundenindividuellen Infotaschen! Die Infotaschen mit r\u00fcckseitig-umlaufenden Magnetrahmen im DIN A4 Format eignen sich f\u00fcr magnethaftende Aush\u00e4ngetafeln. Die Infotaschen sind geschlossen oder mit Aussparung zum einfachen Beschriften eingelegter Datenbl\u00e4tter erh\u00e4ltlich.<\/p>\n<p>F\u00fcr die kundenindividuelle Gestaltung nennen Sie uns einfach Ihren gew\u00fcnschten cmyk-Farbschl\u00fcssel f\u00fcr den Rahmen. Sie k\u00f6nnen auch Ihr Logo auf der Infotasche aufdrucken lassen. Hierzu senden Sie uns einfach Ihr Firmenlogo in vektorisierter* Form per e-mail an info@v-quadrat.de (*g\u00e4ngige Formate f\u00fcr vektorisierte Dateien sind EPS (illustrator CS5) oder .svg.)<\/p>\n<p>F\u00fcr die finale Designabstimmung rufen Sie uns gerne an: Sie erreichen uns Mo-Fr von 9:30-16:30h unter <strong>+49 7042 28 99 57 80 <\/strong>oder schreiben Sie uns:<strong> info@v-quadrat.de<\/strong><\/p>\n<p>Wir beraten Sie gerne!<\/p>\n<p>Mindestabnahme: ab 50 Stk 7,50\u20ac\/Stk. zz\u00fcgl. einmalige Bearbeitungsgeb\u00fchr von 20,00\u20ac<\/p>\n","protected":false},"excerpt":{"rendered":"<p>DIN A4, magnetisch, mit oder ohne Ausschnitt zum direkten Beschriften, in kundenindividuellem Design!<\/p>\n","protected":false},"featured_media":2568,"template":"","meta":{"content-type":""},"product_brand":[],"product_cat":[79],"product_tag":[],"class_list":{"0":"post-1362","1":"product","2":"type-product","3":"status-publish","4":"has-post-thumbnail","6":"product_cat-infoboards-zubehoer","8":"first","9":"instock","10":"purchasable","11":"product-type-simple"},"yoast_head":"<!-- This site is optimized with the Yoast SEO Premium plugin v25.3 (Yoast SEO v27.4) - https:\/\/yoast.com\/product\/yoast-seo-premium-wordpress\/ -->\n<title>Infotasche in kundenindividuellem Design (DIN A4) - KVP-Onlineshop<\/title>\n<meta name=\"robots\" content=\"index, follow, max-snippet:-1, max-image-preview:large, max-video-preview:-1\" \/>\n<link rel=\"canonical\" href=\"https:\/\/diequadrate.de\/kvp-shop\/produkt\/infotasche-in-kundenindividuellem-design-din-a4\/\" \/>\n<meta property=\"og:locale\" content=\"de_DE\" \/>\n<meta property=\"og:type\" content=\"article\" \/>\n<meta property=\"og:title\" content=\"Infotasche in kundenindividuellem Design (DIN A4)\" \/>\n<meta property=\"og:description\" content=\"DIN A4, magnetisch, mit oder ohne Ausschnitt zum direkten Beschriften, in kundenindividuellem Design!\" \/>\n<meta property=\"og:url\" content=\"https:\/\/diequadrate.de\/kvp-shop\/produkt\/infotasche-in-kundenindividuellem-design-din-a4\/\" \/>\n<meta property=\"og:site_name\" content=\"KVP-Onlineshop\" \/>\n<meta property=\"article:modified_time\" content=\"2022-07-17T13:17:10+00:00\" \/>\n<meta property=\"og:image\" content=\"https:\/\/diequadrate.de\/kvp-shop\/wp-content\/uploads\/sites\/6\/2022\/04\/infotaschen_kundenindividuell_01.png\" \/>\n\t<meta property=\"og:image:width\" content=\"545\" \/>\n\t<meta property=\"og:image:height\" content=\"523\" \/>\n\t<meta property=\"og:image:type\" content=\"image\/png\" \/>\n<meta name=\"twitter:card\" content=\"summary_large_image\" \/>\n<meta name=\"twitter:label1\" content=\"Gesch\u00e4tzte Lesezeit\" \/>\n\t<meta name=\"twitter:data1\" content=\"1\u00a0Minute\" \/>\n<script type=\"application\/ld+json\" class=\"yoast-schema-graph\">{\"@context\":\"https:\\\/\\\/schema.org\",\"@graph\":[{\"@type\":\"WebPage\",\"@id\":\"https:\\\/\\\/diequadrate.de\\\/kvp-shop\\\/produkt\\\/infotasche-in-kundenindividuellem-design-din-a4\\\/\",\"url\":\"https:\\\/\\\/diequadrate.de\\\/kvp-shop\\\/produkt\\\/infotasche-in-kundenindividuellem-design-din-a4\\\/\",\"name\":\"Infotasche in kundenindividuellem Design (DIN A4) - KVP-Onlineshop\",\"isPartOf\":{\"@id\":\"https:\\\/\\\/diequadrate.de\\\/kvp-shop\\\/#website\"},\"primaryImageOfPage\":{\"@id\":\"https:\\\/\\\/diequadrate.de\\\/kvp-shop\\\/produkt\\\/infotasche-in-kundenindividuellem-design-din-a4\\\/#primaryimage\"},\"image\":{\"@id\":\"https:\\\/\\\/diequadrate.de\\\/kvp-shop\\\/produkt\\\/infotasche-in-kundenindividuellem-design-din-a4\\\/#primaryimage\"},\"thumbnailUrl\":\"https:\\\/\\\/diequadrate.de\\\/kvp-shop\\\/wp-content\\\/uploads\\\/sites\\\/6\\\/2022\\\/04\\\/infotaschen_kundenindividuell_01.png\",\"datePublished\":\"2022-04-27T15:46:50+00:00\",\"dateModified\":\"2022-07-17T13:17:10+00:00\",\"breadcrumb\":{\"@id\":\"https:\\\/\\\/diequadrate.de\\\/kvp-shop\\\/produkt\\\/infotasche-in-kundenindividuellem-design-din-a4\\\/#breadcrumb\"},\"inLanguage\":\"de\",\"potentialAction\":[{\"@type\":\"ReadAction\",\"target\":[\"https:\\\/\\\/diequadrate.de\\\/kvp-shop\\\/produkt\\\/infotasche-in-kundenindividuellem-design-din-a4\\\/\"]}]},{\"@type\":\"ImageObject\",\"inLanguage\":\"de\",\"@id\":\"https:\\\/\\\/diequadrate.de\\\/kvp-shop\\\/produkt\\\/infotasche-in-kundenindividuellem-design-din-a4\\\/#primaryimage\",\"url\":\"https:\\\/\\\/diequadrate.de\\\/kvp-shop\\\/wp-content\\\/uploads\\\/sites\\\/6\\\/2022\\\/04\\\/infotaschen_kundenindividuell_01.png\",\"contentUrl\":\"https:\\\/\\\/diequadrate.de\\\/kvp-shop\\\/wp-content\\\/uploads\\\/sites\\\/6\\\/2022\\\/04\\\/infotaschen_kundenindividuell_01.png\",\"width\":545,\"height\":523,\"caption\":\"Infotaschen kundenindividuell\"},{\"@type\":\"BreadcrumbList\",\"@id\":\"https:\\\/\\\/diequadrate.de\\\/kvp-shop\\\/produkt\\\/infotasche-in-kundenindividuellem-design-din-a4\\\/#breadcrumb\",\"itemListElement\":[{\"@type\":\"ListItem\",\"position\":1,\"name\":\"Startseite\",\"item\":\"https:\\\/\\\/diequadrate.de\\\/kvp-shop\\\/\"},{\"@type\":\"ListItem\",\"position\":2,\"name\":\"KVP-SHOP\",\"item\":\"https:\\\/\\\/diequadrate.de\\\/kvp-shop\\\/shop\\\/\"},{\"@type\":\"ListItem\",\"position\":3,\"name\":\"Infotasche in kundenindividuellem Design (DIN A4)\"}]},{\"@type\":\"WebSite\",\"@id\":\"https:\\\/\\\/diequadrate.de\\\/kvp-shop\\\/#website\",\"url\":\"https:\\\/\\\/diequadrate.de\\\/kvp-shop\\\/\",\"name\":\"KVP-Onlineshop\",\"description\":\"das Onlineportal der V\u00b2 Vorentwicklung &amp; Vertrieb GmbH\",\"publisher\":{\"@id\":\"https:\\\/\\\/diequadrate.de\\\/kvp-shop\\\/#organization\"},\"potentialAction\":[{\"@type\":\"SearchAction\",\"target\":{\"@type\":\"EntryPoint\",\"urlTemplate\":\"https:\\\/\\\/diequadrate.de\\\/kvp-shop\\\/?s={search_term_string}\"},\"query-input\":{\"@type\":\"PropertyValueSpecification\",\"valueRequired\":true,\"valueName\":\"search_term_string\"}}],\"inLanguage\":\"de\"},{\"@type\":\"Organization\",\"@id\":\"https:\\\/\\\/diequadrate.de\\\/kvp-shop\\\/#organization\",\"name\":\"KVP-Onlineshop\",\"url\":\"https:\\\/\\\/diequadrate.de\\\/kvp-shop\\\/\",\"logo\":{\"@type\":\"ImageObject\",\"inLanguage\":\"de\",\"@id\":\"https:\\\/\\\/diequadrate.de\\\/kvp-shop\\\/#\\\/schema\\\/logo\\\/image\\\/\",\"url\":\"https:\\\/\\\/diequadrate.de\\\/kvp-shop\\\/wp-content\\\/uploads\\\/sites\\\/6\\\/2022\\\/05\\\/kvp-shop_75prozent_s_2022-1.svg\",\"contentUrl\":\"https:\\\/\\\/diequadrate.de\\\/kvp-shop\\\/wp-content\\\/uploads\\\/sites\\\/6\\\/2022\\\/05\\\/kvp-shop_75prozent_s_2022-1.svg\",\"width\":358,\"height\":224,\"caption\":\"KVP-Onlineshop\"},\"image\":{\"@id\":\"https:\\\/\\\/diequadrate.de\\\/kvp-shop\\\/#\\\/schema\\\/logo\\\/image\\\/\"}}]}<\/script>\n<!-- \/ Yoast SEO Premium plugin. -->","yoast_head_json":{"title":"Infotasche in kundenindividuellem Design (DIN A4) - KVP-Onlineshop","robots":{"index":"index","follow":"follow","max-snippet":"max-snippet:-1","max-image-preview":"max-image-preview:large","max-video-preview":"max-video-preview:-1"},"canonical":"https:\/\/diequadrate.de\/kvp-shop\/produkt\/infotasche-in-kundenindividuellem-design-din-a4\/","og_locale":"de_DE","og_type":"article","og_title":"Infotasche in kundenindividuellem Design (DIN A4)","og_description":"DIN A4, magnetisch, mit oder ohne Ausschnitt zum direkten Beschriften, in kundenindividuellem Design!","og_url":"https:\/\/diequadrate.de\/kvp-shop\/produkt\/infotasche-in-kundenindividuellem-design-din-a4\/","og_site_name":"KVP-Onlineshop","article_modified_time":"2022-07-17T13:17:10+00:00","og_image":[{"width":545,"height":523,"url":"https:\/\/diequadrate.de\/kvp-shop\/wp-content\/uploads\/sites\/6\/2022\/04\/infotaschen_kundenindividuell_01.png","type":"image\/png"}],"twitter_card":"summary_large_image","twitter_misc":{"Gesch\u00e4tzte Lesezeit":"1\u00a0Minute"},"schema":{"@context":"https:\/\/schema.org","@graph":[{"@type":"WebPage","@id":"https:\/\/diequadrate.de\/kvp-shop\/produkt\/infotasche-in-kundenindividuellem-design-din-a4\/","url":"https:\/\/diequadrate.de\/kvp-shop\/produkt\/infotasche-in-kundenindividuellem-design-din-a4\/","name":"Infotasche in kundenindividuellem Design (DIN A4) - KVP-Onlineshop","isPartOf":{"@id":"https:\/\/diequadrate.de\/kvp-shop\/#website"},"primaryImageOfPage":{"@id":"https:\/\/diequadrate.de\/kvp-shop\/produkt\/infotasche-in-kundenindividuellem-design-din-a4\/#primaryimage"},"image":{"@id":"https:\/\/diequadrate.de\/kvp-shop\/produkt\/infotasche-in-kundenindividuellem-design-din-a4\/#primaryimage"},"thumbnailUrl":"https:\/\/diequadrate.de\/kvp-shop\/wp-content\/uploads\/sites\/6\/2022\/04\/infotaschen_kundenindividuell_01.png","datePublished":"2022-04-27T15:46:50+00:00","dateModified":"2022-07-17T13:17:10+00:00","breadcrumb":{"@id":"https:\/\/diequadrate.de\/kvp-shop\/produkt\/infotasche-in-kundenindividuellem-design-din-a4\/#breadcrumb"},"inLanguage":"de","potentialAction":[{"@type":"ReadAction","target":["https:\/\/diequadrate.de\/kvp-shop\/produkt\/infotasche-in-kundenindividuellem-design-din-a4\/"]}]},{"@type":"ImageObject","inLanguage":"de","@id":"https:\/\/diequadrate.de\/kvp-shop\/produkt\/infotasche-in-kundenindividuellem-design-din-a4\/#primaryimage","url":"https:\/\/diequadrate.de\/kvp-shop\/wp-content\/uploads\/sites\/6\/2022\/04\/infotaschen_kundenindividuell_01.png","contentUrl":"https:\/\/diequadrate.de\/kvp-shop\/wp-content\/uploads\/sites\/6\/2022\/04\/infotaschen_kundenindividuell_01.png","width":545,"height":523,"caption":"Infotaschen kundenindividuell"},{"@type":"BreadcrumbList","@id":"https:\/\/diequadrate.de\/kvp-shop\/produkt\/infotasche-in-kundenindividuellem-design-din-a4\/#breadcrumb","itemListElement":[{"@type":"ListItem","position":1,"name":"Startseite","item":"https:\/\/diequadrate.de\/kvp-shop\/"},{"@type":"ListItem","position":2,"name":"KVP-SHOP","item":"https:\/\/diequadrate.de\/kvp-shop\/shop\/"},{"@type":"ListItem","position":3,"name":"Infotasche in kundenindividuellem Design (DIN A4)"}]},{"@type":"WebSite","@id":"https:\/\/diequadrate.de\/kvp-shop\/#website","url":"https:\/\/diequadrate.de\/kvp-shop\/","name":"KVP-Onlineshop","description":"das Onlineportal der V\u00b2 Vorentwicklung &amp; Vertrieb GmbH","publisher":{"@id":"https:\/\/diequadrate.de\/kvp-shop\/#organization"},"potentialAction":[{"@type":"SearchAction","target":{"@type":"EntryPoint","urlTemplate":"https:\/\/diequadrate.de\/kvp-shop\/?s={search_term_string}"},"query-input":{"@type":"PropertyValueSpecification","valueRequired":true,"valueName":"search_term_string"}}],"inLanguage":"de"},{"@type":"Organization","@id":"https:\/\/diequadrate.de\/kvp-shop\/#organization","name":"KVP-Onlineshop","url":"https:\/\/diequadrate.de\/kvp-shop\/","logo":{"@type":"ImageObject","inLanguage":"de","@id":"https:\/\/diequadrate.de\/kvp-shop\/#\/schema\/logo\/image\/","url":"https:\/\/diequadrate.de\/kvp-shop\/wp-content\/uploads\/sites\/6\/2022\/05\/kvp-shop_75prozent_s_2022-1.svg","contentUrl":"https:\/\/diequadrate.de\/kvp-shop\/wp-content\/uploads\/sites\/6\/2022\/05\/kvp-shop_75prozent_s_2022-1.svg","width":358,"height":224,"caption":"KVP-Onlineshop"},"image":{"@id":"https:\/\/diequadrate.de\/kvp-shop\/#\/schema\/logo\/image\/"}}]}},"_links":{"self":[{"href":"https:\/\/diequadrate.de\/kvp-shop\/wp-json\/wp\/v2\/product\/1362","targetHints":{"allow":["GET"]}}],"collection":[{"href":"https:\/\/diequadrate.de\/kvp-shop\/wp-json\/wp\/v2\/product"}],"about":[{"href":"https:\/\/diequadrate.de\/kvp-shop\/wp-json\/wp\/v2\/types\/product"}],"version-history":[{"count":5,"href":"https:\/\/diequadrate.de\/kvp-shop\/wp-json\/wp\/v2\/product\/1362\/revisions"}],"predecessor-version":[{"id":2572,"href":"https:\/\/diequadrate.de\/kvp-shop\/wp-json\/wp\/v2\/product\/1362\/revisions\/2572"}],"wp:featuredmedia":[{"embeddable":true,"href":"https:\/\/diequadrate.de\/kvp-shop\/wp-json\/wp\/v2\/media\/2568"}],"wp:attachment":[{"href":"https:\/\/diequadrate.de\/kvp-shop\/wp-json\/wp\/v2\/media?parent=1362"}],"wp:term":[{"taxonomy":"product_brand","embeddable":true,"href":"https:\/\/diequadrate.de\/kvp-shop\/wp-json\/wp\/v2\/product_brand?post=1362"},{"taxonomy":"product_cat","embeddable":true,"href":"https:\/\/diequadrate.de\/kvp-shop\/wp-json\/wp\/v2\/product_cat?post=1362"},{"taxonomy":"product_tag","embeddable":true,"href":"https:\/\/diequadrate.de\/kvp-shop\/wp-json\/wp\/v2\/product_tag?post=1362"}],"curies":[{"name":"wp","href":"https:\/\/api.w.org\/{rel}","templated":true}]}}