{"id":1452,"date":"2022-04-27T17:48:04","date_gmt":"2022-04-27T15:48:04","guid":{"rendered":"https:\/\/diequadrate.de\/kvp-shop\/produkt\/kennzahlenboard-1650mm-x-h1120mm-kundenindividuell-bedruckt\/"},"modified":"2022-08-01T15:32:01","modified_gmt":"2022-08-01T13:32:01","slug":"kennzahlenboard-1650mm-x-h1120mm-kundenindividuell-bedruckt","status":"publish","type":"product","link":"https:\/\/diequadrate.de\/kvp-shop\/produkt\/kennzahlenboard-1650mm-x-h1120mm-kundenindividuell-bedruckt\/","title":{"rendered":"Kennzahlenboard &#8211; 1650mm x H:1120mm  kundenindividuell bedruckt"},"content":{"rendered":"<p>&nbsp;<\/p>\n<p>Kennzahlenboard oder Whiteboard\u00a0 mit kundenindividuellem Layout.<br \/>\nAuf Anfrage erstellen wir Ihnen auch Boards mit kundenindividuellem Layout<br \/>\nauf einer Verbundplatte von 1650mm x 1120mm (Platz f\u00fcr 20 DIN A4 Infotaschen)<\/p>\n<p>Auf Wunsch \u00fcbertragen wir das Corporate Design Ihres Unternehmens auf das Board!<br \/>\nBitte senden Sie uns Ihre CI Vorgaben, sowie Ihr Logo an info@v-quadrat.de.<br \/>\n(F\u00fcr eine optimale Druckqualit\u00e4t eignen sich hierf\u00fcr Vektordateien)<br \/>\nDie Layoutgestaltung umfasst eine farbliche Anpassung des \u00dcberschriftenbereichs, eine<br \/>\nindividuelle \u00dcberschrift, die Platzierung Ihrer Wort- und \/ oder Bildmarke, sowie der<br \/>\nPlatzierung eines Mottos oder Claims. Im Preis enthalten sind ein Layoutvorschlag inkl. einer<br \/>\nKorrekturschleife.<\/p>\n<p>Das Kennzahlenboard besteht aus einer hochwertigen magnethaftenden Verbundplatte.<br \/>\nAuf Wunsch kann das Board mit Whiteboardlaminat geliefert werden, welche besonders leicht<br \/>\nzu reinigen ist. Das Board kann somit als Whiteboard eingesetzt werden.<\/p>\n<p>Das Board wird von 30mm x 30mm Aluminiumprofilen umrahmt. R\u00fcckseitig finden sich<br \/>\nNuten f\u00fcr die Anbringung von Zubeh\u00f6rteilen und Wandanbringungen.<br \/>\nOptional gibt es unsere Boards auch mit Gestell und Rollen.<\/p>\n<p>Haben Sie Fragen? Rufen Sie uns gerne an! +49 7042 28 99 57 80<\/p>\n<p>&nbsp;<\/p>\n","protected":false},"excerpt":{"rendered":"<p>Kennzahlenboard oder Whiteboard\u00a0 mit kundenindividuellem Layout.<br \/>\nPlatz f\u00fcr 20 DIN A4 Infotaschen<\/p>\n","protected":false},"featured_media":2472,"template":"","meta":{"content-type":""},"product_brand":[],"product_cat":[83],"product_tag":[147,157,158],"class_list":{"0":"post-1452","1":"product","2":"type-product","3":"status-publish","4":"has-post-thumbnail","6":"product_cat-kennzahlenboards","7":"product_tag-infotaschen","8":"product_tag-kennzahlenboard","9":"product_tag-kvp-board","11":"first","12":"instock","13":"purchasable","14":"product-type-variable","15":"has-default-attributes"},"yoast_head":"<!-- This site is optimized with the Yoast SEO Premium plugin v25.3 (Yoast SEO v27.5) - https:\/\/yoast.com\/product\/yoast-seo-premium-wordpress\/ -->\n<title>Kennzahlenboard - 1650mm x H:1120mm kundenindividuell bedruckt - KVP-Onlineshop<\/title>\n<meta name=\"robots\" content=\"index, follow, max-snippet:-1, max-image-preview:large, max-video-preview:-1\" \/>\n<link rel=\"canonical\" href=\"https:\/\/diequadrate.de\/kvp-shop\/produkt\/kennzahlenboard-1650mm-x-h1120mm-kundenindividuell-bedruckt\/\" \/>\n<meta property=\"og:locale\" content=\"de_DE\" \/>\n<meta property=\"og:type\" content=\"article\" \/>\n<meta property=\"og:title\" content=\"Kennzahlenboard - 1650mm x H:1120mm kundenindividuell bedruckt\" \/>\n<meta property=\"og:description\" content=\"Kennzahlenboard oder Whiteboard\u00a0 mit kundenindividuellem Layout. Platz f\u00fcr 20 DIN A4 Infotaschen\" \/>\n<meta property=\"og:url\" content=\"https:\/\/diequadrate.de\/kvp-shop\/produkt\/kennzahlenboard-1650mm-x-h1120mm-kundenindividuell-bedruckt\/\" \/>\n<meta property=\"og:site_name\" content=\"KVP-Onlineshop\" \/>\n<meta property=\"article:modified_time\" content=\"2022-08-01T13:32:01+00:00\" \/>\n<meta property=\"og:image\" content=\"https:\/\/diequadrate.de\/kvp-shop\/wp-content\/uploads\/sites\/6\/2022\/05\/kennzahlen_kuin_1650x1120.png\" \/>\n\t<meta property=\"og:image:width\" content=\"545\" \/>\n\t<meta property=\"og:image:height\" content=\"523\" \/>\n\t<meta property=\"og:image:type\" content=\"image\/png\" \/>\n<meta name=\"twitter:card\" content=\"summary_large_image\" \/>\n<meta name=\"twitter:label1\" content=\"Gesch\u00e4tzte Lesezeit\" \/>\n\t<meta name=\"twitter:data1\" content=\"1\u00a0Minute\" \/>\n<script type=\"application\/ld+json\" class=\"yoast-schema-graph\">{\"@context\":\"https:\\\/\\\/schema.org\",\"@graph\":[{\"@type\":\"WebPage\",\"@id\":\"https:\\\/\\\/diequadrate.de\\\/kvp-shop\\\/produkt\\\/kennzahlenboard-1650mm-x-h1120mm-kundenindividuell-bedruckt\\\/\",\"url\":\"https:\\\/\\\/diequadrate.de\\\/kvp-shop\\\/produkt\\\/kennzahlenboard-1650mm-x-h1120mm-kundenindividuell-bedruckt\\\/\",\"name\":\"Kennzahlenboard - 1650mm x H:1120mm kundenindividuell bedruckt - KVP-Onlineshop\",\"isPartOf\":{\"@id\":\"https:\\\/\\\/diequadrate.de\\\/kvp-shop\\\/#website\"},\"primaryImageOfPage\":{\"@id\":\"https:\\\/\\\/diequadrate.de\\\/kvp-shop\\\/produkt\\\/kennzahlenboard-1650mm-x-h1120mm-kundenindividuell-bedruckt\\\/#primaryimage\"},\"image\":{\"@id\":\"https:\\\/\\\/diequadrate.de\\\/kvp-shop\\\/produkt\\\/kennzahlenboard-1650mm-x-h1120mm-kundenindividuell-bedruckt\\\/#primaryimage\"},\"thumbnailUrl\":\"https:\\\/\\\/diequadrate.de\\\/kvp-shop\\\/wp-content\\\/uploads\\\/sites\\\/6\\\/2022\\\/05\\\/kennzahlen_kuin_1650x1120.png\",\"datePublished\":\"2022-04-27T15:48:04+00:00\",\"dateModified\":\"2022-08-01T13:32:01+00:00\",\"breadcrumb\":{\"@id\":\"https:\\\/\\\/diequadrate.de\\\/kvp-shop\\\/produkt\\\/kennzahlenboard-1650mm-x-h1120mm-kundenindividuell-bedruckt\\\/#breadcrumb\"},\"inLanguage\":\"de\",\"potentialAction\":[{\"@type\":\"ReadAction\",\"target\":[\"https:\\\/\\\/diequadrate.de\\\/kvp-shop\\\/produkt\\\/kennzahlenboard-1650mm-x-h1120mm-kundenindividuell-bedruckt\\\/\"]}]},{\"@type\":\"ImageObject\",\"inLanguage\":\"de\",\"@id\":\"https:\\\/\\\/diequadrate.de\\\/kvp-shop\\\/produkt\\\/kennzahlenboard-1650mm-x-h1120mm-kundenindividuell-bedruckt\\\/#primaryimage\",\"url\":\"https:\\\/\\\/diequadrate.de\\\/kvp-shop\\\/wp-content\\\/uploads\\\/sites\\\/6\\\/2022\\\/05\\\/kennzahlen_kuin_1650x1120.png\",\"contentUrl\":\"https:\\\/\\\/diequadrate.de\\\/kvp-shop\\\/wp-content\\\/uploads\\\/sites\\\/6\\\/2022\\\/05\\\/kennzahlen_kuin_1650x1120.png\",\"width\":545,\"height\":523,\"caption\":\"Board kundenindividuell 1650x1120\"},{\"@type\":\"BreadcrumbList\",\"@id\":\"https:\\\/\\\/diequadrate.de\\\/kvp-shop\\\/produkt\\\/kennzahlenboard-1650mm-x-h1120mm-kundenindividuell-bedruckt\\\/#breadcrumb\",\"itemListElement\":[{\"@type\":\"ListItem\",\"position\":1,\"name\":\"Startseite\",\"item\":\"https:\\\/\\\/diequadrate.de\\\/kvp-shop\\\/\"},{\"@type\":\"ListItem\",\"position\":2,\"name\":\"KVP-SHOP\",\"item\":\"https:\\\/\\\/diequadrate.de\\\/kvp-shop\\\/shop\\\/\"},{\"@type\":\"ListItem\",\"position\":3,\"name\":\"Kennzahlenboard &#8211; 1650mm x H:1120mm kundenindividuell bedruckt\"}]},{\"@type\":\"WebSite\",\"@id\":\"https:\\\/\\\/diequadrate.de\\\/kvp-shop\\\/#website\",\"url\":\"https:\\\/\\\/diequadrate.de\\\/kvp-shop\\\/\",\"name\":\"KVP-Onlineshop\",\"description\":\"das Onlineportal der V\u00b2 Vorentwicklung &amp; Vertrieb GmbH\",\"publisher\":{\"@id\":\"https:\\\/\\\/diequadrate.de\\\/kvp-shop\\\/#organization\"},\"potentialAction\":[{\"@type\":\"SearchAction\",\"target\":{\"@type\":\"EntryPoint\",\"urlTemplate\":\"https:\\\/\\\/diequadrate.de\\\/kvp-shop\\\/?s={search_term_string}\"},\"query-input\":{\"@type\":\"PropertyValueSpecification\",\"valueRequired\":true,\"valueName\":\"search_term_string\"}}],\"inLanguage\":\"de\"},{\"@type\":\"Organization\",\"@id\":\"https:\\\/\\\/diequadrate.de\\\/kvp-shop\\\/#organization\",\"name\":\"KVP-Onlineshop\",\"url\":\"https:\\\/\\\/diequadrate.de\\\/kvp-shop\\\/\",\"logo\":{\"@type\":\"ImageObject\",\"inLanguage\":\"de\",\"@id\":\"https:\\\/\\\/diequadrate.de\\\/kvp-shop\\\/#\\\/schema\\\/logo\\\/image\\\/\",\"url\":\"https:\\\/\\\/diequadrate.de\\\/kvp-shop\\\/wp-content\\\/uploads\\\/sites\\\/6\\\/2022\\\/05\\\/kvp-shop_75prozent_s_2022-1.svg\",\"contentUrl\":\"https:\\\/\\\/diequadrate.de\\\/kvp-shop\\\/wp-content\\\/uploads\\\/sites\\\/6\\\/2022\\\/05\\\/kvp-shop_75prozent_s_2022-1.svg\",\"width\":358,\"height\":224,\"caption\":\"KVP-Onlineshop\"},\"image\":{\"@id\":\"https:\\\/\\\/diequadrate.de\\\/kvp-shop\\\/#\\\/schema\\\/logo\\\/image\\\/\"}}]}<\/script>\n<!-- \/ Yoast SEO Premium plugin. -->","yoast_head_json":{"title":"Kennzahlenboard - 1650mm x H:1120mm kundenindividuell bedruckt - KVP-Onlineshop","robots":{"index":"index","follow":"follow","max-snippet":"max-snippet:-1","max-image-preview":"max-image-preview:large","max-video-preview":"max-video-preview:-1"},"canonical":"https:\/\/diequadrate.de\/kvp-shop\/produkt\/kennzahlenboard-1650mm-x-h1120mm-kundenindividuell-bedruckt\/","og_locale":"de_DE","og_type":"article","og_title":"Kennzahlenboard - 1650mm x H:1120mm kundenindividuell bedruckt","og_description":"Kennzahlenboard oder Whiteboard\u00a0 mit kundenindividuellem Layout. Platz f\u00fcr 20 DIN A4 Infotaschen","og_url":"https:\/\/diequadrate.de\/kvp-shop\/produkt\/kennzahlenboard-1650mm-x-h1120mm-kundenindividuell-bedruckt\/","og_site_name":"KVP-Onlineshop","article_modified_time":"2022-08-01T13:32:01+00:00","og_image":[{"width":545,"height":523,"url":"https:\/\/diequadrate.de\/kvp-shop\/wp-content\/uploads\/sites\/6\/2022\/05\/kennzahlen_kuin_1650x1120.png","type":"image\/png"}],"twitter_card":"summary_large_image","twitter_misc":{"Gesch\u00e4tzte Lesezeit":"1\u00a0Minute"},"schema":{"@context":"https:\/\/schema.org","@graph":[{"@type":"WebPage","@id":"https:\/\/diequadrate.de\/kvp-shop\/produkt\/kennzahlenboard-1650mm-x-h1120mm-kundenindividuell-bedruckt\/","url":"https:\/\/diequadrate.de\/kvp-shop\/produkt\/kennzahlenboard-1650mm-x-h1120mm-kundenindividuell-bedruckt\/","name":"Kennzahlenboard - 1650mm x H:1120mm kundenindividuell bedruckt - KVP-Onlineshop","isPartOf":{"@id":"https:\/\/diequadrate.de\/kvp-shop\/#website"},"primaryImageOfPage":{"@id":"https:\/\/diequadrate.de\/kvp-shop\/produkt\/kennzahlenboard-1650mm-x-h1120mm-kundenindividuell-bedruckt\/#primaryimage"},"image":{"@id":"https:\/\/diequadrate.de\/kvp-shop\/produkt\/kennzahlenboard-1650mm-x-h1120mm-kundenindividuell-bedruckt\/#primaryimage"},"thumbnailUrl":"https:\/\/diequadrate.de\/kvp-shop\/wp-content\/uploads\/sites\/6\/2022\/05\/kennzahlen_kuin_1650x1120.png","datePublished":"2022-04-27T15:48:04+00:00","dateModified":"2022-08-01T13:32:01+00:00","breadcrumb":{"@id":"https:\/\/diequadrate.de\/kvp-shop\/produkt\/kennzahlenboard-1650mm-x-h1120mm-kundenindividuell-bedruckt\/#breadcrumb"},"inLanguage":"de","potentialAction":[{"@type":"ReadAction","target":["https:\/\/diequadrate.de\/kvp-shop\/produkt\/kennzahlenboard-1650mm-x-h1120mm-kundenindividuell-bedruckt\/"]}]},{"@type":"ImageObject","inLanguage":"de","@id":"https:\/\/diequadrate.de\/kvp-shop\/produkt\/kennzahlenboard-1650mm-x-h1120mm-kundenindividuell-bedruckt\/#primaryimage","url":"https:\/\/diequadrate.de\/kvp-shop\/wp-content\/uploads\/sites\/6\/2022\/05\/kennzahlen_kuin_1650x1120.png","contentUrl":"https:\/\/diequadrate.de\/kvp-shop\/wp-content\/uploads\/sites\/6\/2022\/05\/kennzahlen_kuin_1650x1120.png","width":545,"height":523,"caption":"Board kundenindividuell 1650x1120"},{"@type":"BreadcrumbList","@id":"https:\/\/diequadrate.de\/kvp-shop\/produkt\/kennzahlenboard-1650mm-x-h1120mm-kundenindividuell-bedruckt\/#breadcrumb","itemListElement":[{"@type":"ListItem","position":1,"name":"Startseite","item":"https:\/\/diequadrate.de\/kvp-shop\/"},{"@type":"ListItem","position":2,"name":"KVP-SHOP","item":"https:\/\/diequadrate.de\/kvp-shop\/shop\/"},{"@type":"ListItem","position":3,"name":"Kennzahlenboard &#8211; 1650mm x H:1120mm kundenindividuell bedruckt"}]},{"@type":"WebSite","@id":"https:\/\/diequadrate.de\/kvp-shop\/#website","url":"https:\/\/diequadrate.de\/kvp-shop\/","name":"KVP-Onlineshop","description":"das Onlineportal der V\u00b2 Vorentwicklung &amp; Vertrieb GmbH","publisher":{"@id":"https:\/\/diequadrate.de\/kvp-shop\/#organization"},"potentialAction":[{"@type":"SearchAction","target":{"@type":"EntryPoint","urlTemplate":"https:\/\/diequadrate.de\/kvp-shop\/?s={search_term_string}"},"query-input":{"@type":"PropertyValueSpecification","valueRequired":true,"valueName":"search_term_string"}}],"inLanguage":"de"},{"@type":"Organization","@id":"https:\/\/diequadrate.de\/kvp-shop\/#organization","name":"KVP-Onlineshop","url":"https:\/\/diequadrate.de\/kvp-shop\/","logo":{"@type":"ImageObject","inLanguage":"de","@id":"https:\/\/diequadrate.de\/kvp-shop\/#\/schema\/logo\/image\/","url":"https:\/\/diequadrate.de\/kvp-shop\/wp-content\/uploads\/sites\/6\/2022\/05\/kvp-shop_75prozent_s_2022-1.svg","contentUrl":"https:\/\/diequadrate.de\/kvp-shop\/wp-content\/uploads\/sites\/6\/2022\/05\/kvp-shop_75prozent_s_2022-1.svg","width":358,"height":224,"caption":"KVP-Onlineshop"},"image":{"@id":"https:\/\/diequadrate.de\/kvp-shop\/#\/schema\/logo\/image\/"}}]}},"_links":{"self":[{"href":"https:\/\/diequadrate.de\/kvp-shop\/wp-json\/wp\/v2\/product\/1452","targetHints":{"allow":["GET"]}}],"collection":[{"href":"https:\/\/diequadrate.de\/kvp-shop\/wp-json\/wp\/v2\/product"}],"about":[{"href":"https:\/\/diequadrate.de\/kvp-shop\/wp-json\/wp\/v2\/types\/product"}],"version-history":[{"count":9,"href":"https:\/\/diequadrate.de\/kvp-shop\/wp-json\/wp\/v2\/product\/1452\/revisions"}],"predecessor-version":[{"id":1985,"href":"https:\/\/diequadrate.de\/kvp-shop\/wp-json\/wp\/v2\/product\/1452\/revisions\/1985"}],"wp:featuredmedia":[{"embeddable":true,"href":"https:\/\/diequadrate.de\/kvp-shop\/wp-json\/wp\/v2\/media\/2472"}],"wp:attachment":[{"href":"https:\/\/diequadrate.de\/kvp-shop\/wp-json\/wp\/v2\/media?parent=1452"}],"wp:term":[{"taxonomy":"product_brand","embeddable":true,"href":"https:\/\/diequadrate.de\/kvp-shop\/wp-json\/wp\/v2\/product_brand?post=1452"},{"taxonomy":"product_cat","embeddable":true,"href":"https:\/\/diequadrate.de\/kvp-shop\/wp-json\/wp\/v2\/product_cat?post=1452"},{"taxonomy":"product_tag","embeddable":true,"href":"https:\/\/diequadrate.de\/kvp-shop\/wp-json\/wp\/v2\/product_tag?post=1452"}],"curies":[{"name":"wp","href":"https:\/\/api.w.org\/{rel}","templated":true}]}}