{"id":3105,"date":"2022-08-09T13:07:42","date_gmt":"2022-08-09T11:07:42","guid":{"rendered":"https:\/\/diequadrate.de\/kvp-shop\/?post_type=product&#038;p=3105"},"modified":"2022-08-18T16:17:45","modified_gmt":"2022-08-18T14:17:45","slug":"kennzahlenboard-1320mm-x-h1120mm-mit-ueberschrift-und-ausrichtungsmarken","status":"publish","type":"product","link":"https:\/\/diequadrate.de\/kvp-shop\/produkt\/kennzahlenboard-1320mm-x-h1120mm-mit-ueberschrift-und-ausrichtungsmarken\/","title":{"rendered":"Kennzahlenboard &#8211;  1320mm x H:1120mm mit Standardlayout"},"content":{"rendered":"<p>&nbsp;<\/p>\n<p>Kennzahlenboard oder Whiteboard mit vorgedrucktem Layout.<br \/>\nAuswahl zwischen den \u00dcberschriften &#8222;Shopfloormanagement&#8220; und &#8222;Teamboard&#8220; in Rot und Blau.<br \/>\nauf einer Verbundplatte von 1320mm x 1120mm.(Platz f\u00fcr 16 DIN A4 Infotaschen)<\/p>\n<p>Das Kennzahlenboard besteht aus einer hochwertigen magnethaftenden Verbundplatte.<br \/>\nDie Grafik dieser Version ist im Direktdruck auf die Verbundplatte aufgebracht.<\/p>\n<p>Das Board wird von 30mm x 30mm Aluminiumprofilen umrahmt. R\u00fcckseitig finden sich Nuten f\u00fcr<br \/>\ndie Anbringung von Zubeh\u00f6rteilen und Wandanbringungen. Haben Sie Fragen?<\/p>\n<p>Rufen Sie uns gerne an!<br \/>\nTel: +49 (0) 7042 28 99 57 80<\/p>\n","protected":false},"excerpt":{"rendered":"<p>Stahlverbundplatte\u00a0 mit stabilem Aluminiumrahmen, Standard\u00fcberschriften und Ausrichtungsmarken f\u00fcr Magnetrahmen.<br \/>\nPlatz f\u00fcr 16 DIN A4 Infotaschen<\/p>\n","protected":false},"featured_media":3129,"template":"","meta":{"content-type":""},"product_brand":[],"product_cat":[103],"product_tag":[157,158],"class_list":{"0":"post-3105","1":"product","2":"type-product","3":"status-publish","4":"has-post-thumbnail","6":"product_cat-angebote-boards-und-visualisierung","7":"product_tag-kennzahlenboard","8":"product_tag-kvp-board","10":"first","11":"instock","12":"taxable","13":"shipping-taxable","14":"purchasable","15":"product-type-variable"},"yoast_head":"<!-- This site is optimized with the Yoast SEO Premium plugin v25.3 (Yoast SEO v27.4) - https:\/\/yoast.com\/product\/yoast-seo-premium-wordpress\/ -->\n<title>Kennzahlenboard - 1320mm x H:1120mm mit Standardlayout - KVP-Onlineshop<\/title>\n<meta name=\"robots\" content=\"index, follow, max-snippet:-1, max-image-preview:large, max-video-preview:-1\" \/>\n<link rel=\"canonical\" href=\"https:\/\/diequadrate.de\/kvp-shop\/produkt\/kennzahlenboard-1320mm-x-h1120mm-mit-ueberschrift-und-ausrichtungsmarken\/\" \/>\n<meta property=\"og:locale\" content=\"de_DE\" \/>\n<meta property=\"og:type\" content=\"article\" \/>\n<meta property=\"og:title\" content=\"Kennzahlenboard - 1320mm x H:1120mm mit Standardlayout\" \/>\n<meta property=\"og:description\" content=\"Stahlverbundplatte\u00a0 mit stabilem Aluminiumrahmen, Standard\u00fcberschriften und Ausrichtungsmarken f\u00fcr Magnetrahmen. Platz f\u00fcr 16 DIN A4 Infotaschen\" \/>\n<meta property=\"og:url\" content=\"https:\/\/diequadrate.de\/kvp-shop\/produkt\/kennzahlenboard-1320mm-x-h1120mm-mit-ueberschrift-und-ausrichtungsmarken\/\" \/>\n<meta property=\"og:site_name\" content=\"KVP-Onlineshop\" \/>\n<meta property=\"article:modified_time\" content=\"2022-08-18T14:17:45+00:00\" \/>\n<meta property=\"og:image\" content=\"https:\/\/diequadrate.de\/kvp-shop\/wp-content\/uploads\/sites\/6\/2022\/08\/SFM-board-1320mm-x-1120mm_sfm_b_start.png\" \/>\n\t<meta property=\"og:image:width\" content=\"545\" \/>\n\t<meta property=\"og:image:height\" content=\"523\" \/>\n\t<meta property=\"og:image:type\" content=\"image\/png\" \/>\n<meta name=\"twitter:card\" content=\"summary_large_image\" \/>\n<meta name=\"twitter:label1\" content=\"Gesch\u00e4tzte Lesezeit\" \/>\n\t<meta name=\"twitter:data1\" content=\"1\u00a0Minute\" \/>\n<script type=\"application\/ld+json\" class=\"yoast-schema-graph\">{\"@context\":\"https:\\\/\\\/schema.org\",\"@graph\":[{\"@type\":\"WebPage\",\"@id\":\"https:\\\/\\\/diequadrate.de\\\/kvp-shop\\\/produkt\\\/kennzahlenboard-1320mm-x-h1120mm-mit-ueberschrift-und-ausrichtungsmarken\\\/\",\"url\":\"https:\\\/\\\/diequadrate.de\\\/kvp-shop\\\/produkt\\\/kennzahlenboard-1320mm-x-h1120mm-mit-ueberschrift-und-ausrichtungsmarken\\\/\",\"name\":\"Kennzahlenboard - 1320mm x H:1120mm mit Standardlayout - KVP-Onlineshop\",\"isPartOf\":{\"@id\":\"https:\\\/\\\/diequadrate.de\\\/kvp-shop\\\/#website\"},\"primaryImageOfPage\":{\"@id\":\"https:\\\/\\\/diequadrate.de\\\/kvp-shop\\\/produkt\\\/kennzahlenboard-1320mm-x-h1120mm-mit-ueberschrift-und-ausrichtungsmarken\\\/#primaryimage\"},\"image\":{\"@id\":\"https:\\\/\\\/diequadrate.de\\\/kvp-shop\\\/produkt\\\/kennzahlenboard-1320mm-x-h1120mm-mit-ueberschrift-und-ausrichtungsmarken\\\/#primaryimage\"},\"thumbnailUrl\":\"https:\\\/\\\/diequadrate.de\\\/kvp-shop\\\/wp-content\\\/uploads\\\/sites\\\/6\\\/2022\\\/08\\\/SFM-board-1320mm-x-1120mm_sfm_b_start.png\",\"datePublished\":\"2022-08-09T11:07:42+00:00\",\"dateModified\":\"2022-08-18T14:17:45+00:00\",\"breadcrumb\":{\"@id\":\"https:\\\/\\\/diequadrate.de\\\/kvp-shop\\\/produkt\\\/kennzahlenboard-1320mm-x-h1120mm-mit-ueberschrift-und-ausrichtungsmarken\\\/#breadcrumb\"},\"inLanguage\":\"de\",\"potentialAction\":[{\"@type\":\"ReadAction\",\"target\":[\"https:\\\/\\\/diequadrate.de\\\/kvp-shop\\\/produkt\\\/kennzahlenboard-1320mm-x-h1120mm-mit-ueberschrift-und-ausrichtungsmarken\\\/\"]}]},{\"@type\":\"ImageObject\",\"inLanguage\":\"de\",\"@id\":\"https:\\\/\\\/diequadrate.de\\\/kvp-shop\\\/produkt\\\/kennzahlenboard-1320mm-x-h1120mm-mit-ueberschrift-und-ausrichtungsmarken\\\/#primaryimage\",\"url\":\"https:\\\/\\\/diequadrate.de\\\/kvp-shop\\\/wp-content\\\/uploads\\\/sites\\\/6\\\/2022\\\/08\\\/SFM-board-1320mm-x-1120mm_sfm_b_start.png\",\"contentUrl\":\"https:\\\/\\\/diequadrate.de\\\/kvp-shop\\\/wp-content\\\/uploads\\\/sites\\\/6\\\/2022\\\/08\\\/SFM-board-1320mm-x-1120mm_sfm_b_start.png\",\"width\":545,\"height\":523},{\"@type\":\"BreadcrumbList\",\"@id\":\"https:\\\/\\\/diequadrate.de\\\/kvp-shop\\\/produkt\\\/kennzahlenboard-1320mm-x-h1120mm-mit-ueberschrift-und-ausrichtungsmarken\\\/#breadcrumb\",\"itemListElement\":[{\"@type\":\"ListItem\",\"position\":1,\"name\":\"Startseite\",\"item\":\"https:\\\/\\\/diequadrate.de\\\/kvp-shop\\\/\"},{\"@type\":\"ListItem\",\"position\":2,\"name\":\"KVP-SHOP\",\"item\":\"https:\\\/\\\/diequadrate.de\\\/kvp-shop\\\/shop\\\/\"},{\"@type\":\"ListItem\",\"position\":3,\"name\":\"Kennzahlenboard &#8211; 1320mm x H:1120mm mit Standardlayout\"}]},{\"@type\":\"WebSite\",\"@id\":\"https:\\\/\\\/diequadrate.de\\\/kvp-shop\\\/#website\",\"url\":\"https:\\\/\\\/diequadrate.de\\\/kvp-shop\\\/\",\"name\":\"KVP-Onlineshop\",\"description\":\"das Onlineportal der V\u00b2 Vorentwicklung &amp; Vertrieb GmbH\",\"publisher\":{\"@id\":\"https:\\\/\\\/diequadrate.de\\\/kvp-shop\\\/#organization\"},\"potentialAction\":[{\"@type\":\"SearchAction\",\"target\":{\"@type\":\"EntryPoint\",\"urlTemplate\":\"https:\\\/\\\/diequadrate.de\\\/kvp-shop\\\/?s={search_term_string}\"},\"query-input\":{\"@type\":\"PropertyValueSpecification\",\"valueRequired\":true,\"valueName\":\"search_term_string\"}}],\"inLanguage\":\"de\"},{\"@type\":\"Organization\",\"@id\":\"https:\\\/\\\/diequadrate.de\\\/kvp-shop\\\/#organization\",\"name\":\"KVP-Onlineshop\",\"url\":\"https:\\\/\\\/diequadrate.de\\\/kvp-shop\\\/\",\"logo\":{\"@type\":\"ImageObject\",\"inLanguage\":\"de\",\"@id\":\"https:\\\/\\\/diequadrate.de\\\/kvp-shop\\\/#\\\/schema\\\/logo\\\/image\\\/\",\"url\":\"https:\\\/\\\/diequadrate.de\\\/kvp-shop\\\/wp-content\\\/uploads\\\/sites\\\/6\\\/2022\\\/05\\\/kvp-shop_75prozent_s_2022-1.svg\",\"contentUrl\":\"https:\\\/\\\/diequadrate.de\\\/kvp-shop\\\/wp-content\\\/uploads\\\/sites\\\/6\\\/2022\\\/05\\\/kvp-shop_75prozent_s_2022-1.svg\",\"width\":358,\"height\":224,\"caption\":\"KVP-Onlineshop\"},\"image\":{\"@id\":\"https:\\\/\\\/diequadrate.de\\\/kvp-shop\\\/#\\\/schema\\\/logo\\\/image\\\/\"}}]}<\/script>\n<!-- \/ Yoast SEO Premium plugin. -->","yoast_head_json":{"title":"Kennzahlenboard - 1320mm x H:1120mm mit Standardlayout - KVP-Onlineshop","robots":{"index":"index","follow":"follow","max-snippet":"max-snippet:-1","max-image-preview":"max-image-preview:large","max-video-preview":"max-video-preview:-1"},"canonical":"https:\/\/diequadrate.de\/kvp-shop\/produkt\/kennzahlenboard-1320mm-x-h1120mm-mit-ueberschrift-und-ausrichtungsmarken\/","og_locale":"de_DE","og_type":"article","og_title":"Kennzahlenboard - 1320mm x H:1120mm mit Standardlayout","og_description":"Stahlverbundplatte\u00a0 mit stabilem Aluminiumrahmen, Standard\u00fcberschriften und Ausrichtungsmarken f\u00fcr Magnetrahmen. Platz f\u00fcr 16 DIN A4 Infotaschen","og_url":"https:\/\/diequadrate.de\/kvp-shop\/produkt\/kennzahlenboard-1320mm-x-h1120mm-mit-ueberschrift-und-ausrichtungsmarken\/","og_site_name":"KVP-Onlineshop","article_modified_time":"2022-08-18T14:17:45+00:00","og_image":[{"width":545,"height":523,"url":"https:\/\/diequadrate.de\/kvp-shop\/wp-content\/uploads\/sites\/6\/2022\/08\/SFM-board-1320mm-x-1120mm_sfm_b_start.png","type":"image\/png"}],"twitter_card":"summary_large_image","twitter_misc":{"Gesch\u00e4tzte Lesezeit":"1\u00a0Minute"},"schema":{"@context":"https:\/\/schema.org","@graph":[{"@type":"WebPage","@id":"https:\/\/diequadrate.de\/kvp-shop\/produkt\/kennzahlenboard-1320mm-x-h1120mm-mit-ueberschrift-und-ausrichtungsmarken\/","url":"https:\/\/diequadrate.de\/kvp-shop\/produkt\/kennzahlenboard-1320mm-x-h1120mm-mit-ueberschrift-und-ausrichtungsmarken\/","name":"Kennzahlenboard - 1320mm x H:1120mm mit Standardlayout - KVP-Onlineshop","isPartOf":{"@id":"https:\/\/diequadrate.de\/kvp-shop\/#website"},"primaryImageOfPage":{"@id":"https:\/\/diequadrate.de\/kvp-shop\/produkt\/kennzahlenboard-1320mm-x-h1120mm-mit-ueberschrift-und-ausrichtungsmarken\/#primaryimage"},"image":{"@id":"https:\/\/diequadrate.de\/kvp-shop\/produkt\/kennzahlenboard-1320mm-x-h1120mm-mit-ueberschrift-und-ausrichtungsmarken\/#primaryimage"},"thumbnailUrl":"https:\/\/diequadrate.de\/kvp-shop\/wp-content\/uploads\/sites\/6\/2022\/08\/SFM-board-1320mm-x-1120mm_sfm_b_start.png","datePublished":"2022-08-09T11:07:42+00:00","dateModified":"2022-08-18T14:17:45+00:00","breadcrumb":{"@id":"https:\/\/diequadrate.de\/kvp-shop\/produkt\/kennzahlenboard-1320mm-x-h1120mm-mit-ueberschrift-und-ausrichtungsmarken\/#breadcrumb"},"inLanguage":"de","potentialAction":[{"@type":"ReadAction","target":["https:\/\/diequadrate.de\/kvp-shop\/produkt\/kennzahlenboard-1320mm-x-h1120mm-mit-ueberschrift-und-ausrichtungsmarken\/"]}]},{"@type":"ImageObject","inLanguage":"de","@id":"https:\/\/diequadrate.de\/kvp-shop\/produkt\/kennzahlenboard-1320mm-x-h1120mm-mit-ueberschrift-und-ausrichtungsmarken\/#primaryimage","url":"https:\/\/diequadrate.de\/kvp-shop\/wp-content\/uploads\/sites\/6\/2022\/08\/SFM-board-1320mm-x-1120mm_sfm_b_start.png","contentUrl":"https:\/\/diequadrate.de\/kvp-shop\/wp-content\/uploads\/sites\/6\/2022\/08\/SFM-board-1320mm-x-1120mm_sfm_b_start.png","width":545,"height":523},{"@type":"BreadcrumbList","@id":"https:\/\/diequadrate.de\/kvp-shop\/produkt\/kennzahlenboard-1320mm-x-h1120mm-mit-ueberschrift-und-ausrichtungsmarken\/#breadcrumb","itemListElement":[{"@type":"ListItem","position":1,"name":"Startseite","item":"https:\/\/diequadrate.de\/kvp-shop\/"},{"@type":"ListItem","position":2,"name":"KVP-SHOP","item":"https:\/\/diequadrate.de\/kvp-shop\/shop\/"},{"@type":"ListItem","position":3,"name":"Kennzahlenboard &#8211; 1320mm x H:1120mm mit Standardlayout"}]},{"@type":"WebSite","@id":"https:\/\/diequadrate.de\/kvp-shop\/#website","url":"https:\/\/diequadrate.de\/kvp-shop\/","name":"KVP-Onlineshop","description":"das Onlineportal der V\u00b2 Vorentwicklung &amp; Vertrieb GmbH","publisher":{"@id":"https:\/\/diequadrate.de\/kvp-shop\/#organization"},"potentialAction":[{"@type":"SearchAction","target":{"@type":"EntryPoint","urlTemplate":"https:\/\/diequadrate.de\/kvp-shop\/?s={search_term_string}"},"query-input":{"@type":"PropertyValueSpecification","valueRequired":true,"valueName":"search_term_string"}}],"inLanguage":"de"},{"@type":"Organization","@id":"https:\/\/diequadrate.de\/kvp-shop\/#organization","name":"KVP-Onlineshop","url":"https:\/\/diequadrate.de\/kvp-shop\/","logo":{"@type":"ImageObject","inLanguage":"de","@id":"https:\/\/diequadrate.de\/kvp-shop\/#\/schema\/logo\/image\/","url":"https:\/\/diequadrate.de\/kvp-shop\/wp-content\/uploads\/sites\/6\/2022\/05\/kvp-shop_75prozent_s_2022-1.svg","contentUrl":"https:\/\/diequadrate.de\/kvp-shop\/wp-content\/uploads\/sites\/6\/2022\/05\/kvp-shop_75prozent_s_2022-1.svg","width":358,"height":224,"caption":"KVP-Onlineshop"},"image":{"@id":"https:\/\/diequadrate.de\/kvp-shop\/#\/schema\/logo\/image\/"}}]}},"_links":{"self":[{"href":"https:\/\/diequadrate.de\/kvp-shop\/wp-json\/wp\/v2\/product\/3105","targetHints":{"allow":["GET"]}}],"collection":[{"href":"https:\/\/diequadrate.de\/kvp-shop\/wp-json\/wp\/v2\/product"}],"about":[{"href":"https:\/\/diequadrate.de\/kvp-shop\/wp-json\/wp\/v2\/types\/product"}],"version-history":[{"count":7,"href":"https:\/\/diequadrate.de\/kvp-shop\/wp-json\/wp\/v2\/product\/3105\/revisions"}],"predecessor-version":[{"id":3124,"href":"https:\/\/diequadrate.de\/kvp-shop\/wp-json\/wp\/v2\/product\/3105\/revisions\/3124"}],"wp:featuredmedia":[{"embeddable":true,"href":"https:\/\/diequadrate.de\/kvp-shop\/wp-json\/wp\/v2\/media\/3129"}],"wp:attachment":[{"href":"https:\/\/diequadrate.de\/kvp-shop\/wp-json\/wp\/v2\/media?parent=3105"}],"wp:term":[{"taxonomy":"product_brand","embeddable":true,"href":"https:\/\/diequadrate.de\/kvp-shop\/wp-json\/wp\/v2\/product_brand?post=3105"},{"taxonomy":"product_cat","embeddable":true,"href":"https:\/\/diequadrate.de\/kvp-shop\/wp-json\/wp\/v2\/product_cat?post=3105"},{"taxonomy":"product_tag","embeddable":true,"href":"https:\/\/diequadrate.de\/kvp-shop\/wp-json\/wp\/v2\/product_tag?post=3105"}],"curies":[{"name":"wp","href":"https:\/\/api.w.org\/{rel}","templated":true}]}}