{"id":921,"date":"2022-04-27T17:42:31","date_gmt":"2022-04-27T15:42:31","guid":{"rendered":"https:\/\/diequadrate.de\/kvp-shop\/produkt\/werkzeugleiste-lochplatte-werkzeugwand-selbstklebend-4-lochpaare-ve-2stk\/"},"modified":"2022-07-18T18:49:32","modified_gmt":"2022-07-18T16:49:32","slug":"werkzeugleiste-lochplatte-werkzeugwand-selbstklebend-4-lochpaare-ve-2stk","status":"publish","type":"product","link":"https:\/\/diequadrate.de\/kvp-shop\/produkt\/werkzeugleiste-lochplatte-werkzeugwand-selbstklebend-4-lochpaare-ve-2stk\/","title":{"rendered":"Werkzeugleiste Lochplatte Werkzeugwand selbstklebend 4 Lochpaare &#8211; VE 2Stk."},"content":{"rendered":"<p>&nbsp;<\/p>\n<p>Die schlanke L\u00f6sung f\u00fcr Werkzeugbereitstellung nach der Lean Management Methode: Sparen Sie Laufwege am Arbeitsplatz und im R\u00fcstprozess:\u00a0 Werkzeugleisten dienen zum Anbringen von Werkzeugen und Messger\u00e4ten in der direkten Arbeitsumgebung, z.B. direkt an der Maschine. Das Lochplattenraster von 38mm erlaubt die Aufnahme von g\u00e4ngigen Werkzeughalterungen. Die Werkzeugleisten bestehen aus Edelstahl und sind korrosionsbest\u00e4ndig.<\/p>\n<p><a href=\"https:\/\/diequadrate.de\/kvp-shop\/produkt-kategorie\/arbeitsplatzgestaltung\/werkzeughalter\/\">ZU DEN WERKZEUGHALTERN<\/a><\/p>\n<p>Durch die stark haftenden Klebestreifen lassen sich selbstklebende Werkzeugleisten flexibel auf allen planen und gereinigten Fl\u00e4chen anbringen.<\/p>\n<p>KVP-shop Werkzeugleisten &#8211; die clevere L\u00f6sung zur Werkzeugaufh\u00e4ngung!<\/p>\n<p>(Abgebildete Werkzeugsticker sind nicht im Lieferumfang der Werkzeugleiste enthalten.)<\/p>\n","protected":false},"excerpt":{"rendered":"<p>zur Aufnahme von<br \/>\nWerkzeughalterungen f\u00fcr Lochraster 38mm x 38mm<\/p>\n<p>zum Anbringen von Werkzeugen<br \/>\nin direkter Arbeits- und Maschinenumgebung<\/p>\n<p>Werkzeugleiste &#8211; selbstklebend,<br \/>\nVE 2Stk.<\/p>\n","protected":false},"featured_media":2634,"template":"","meta":{"content-type":""},"product_brand":[],"product_cat":[69],"product_tag":[159],"class_list":{"0":"post-921","1":"product","2":"type-product","3":"status-publish","4":"has-post-thumbnail","6":"product_cat-lochplatten-und-lochleisten-zur-platzierung-von-handwerkzeugen-im-maschinenumfeld","7":"product_tag-werkzeugleisten-selbstklebend","9":"first","10":"instock","11":"purchasable","12":"product-type-simple"},"yoast_head":"<!-- This site is optimized with the Yoast SEO Premium plugin v25.3 (Yoast SEO v27.4) - https:\/\/yoast.com\/product\/yoast-seo-premium-wordpress\/ -->\n<title>Werkzeugleiste Lochplatte Werkzeugwand selbstklebend 4 Lochpaare - VE 2Stk. - KVP-Onlineshop<\/title>\n<meta name=\"robots\" content=\"index, follow, max-snippet:-1, max-image-preview:large, max-video-preview:-1\" \/>\n<link rel=\"canonical\" href=\"https:\/\/diequadrate.de\/kvp-shop\/produkt\/werkzeugleiste-lochplatte-werkzeugwand-selbstklebend-4-lochpaare-ve-2stk\/\" \/>\n<meta property=\"og:locale\" content=\"de_DE\" \/>\n<meta property=\"og:type\" content=\"article\" \/>\n<meta property=\"og:title\" content=\"Werkzeugleiste Lochplatte Werkzeugwand selbstklebend 4 Lochpaare - VE 2Stk.\" \/>\n<meta property=\"og:description\" content=\"zur Aufnahme von Werkzeughalterungen f\u00fcr Lochraster 38mm x 38mm  zum Anbringen von Werkzeugen in direkter Arbeits- und Maschinenumgebung  Werkzeugleiste - selbstklebend, VE 2Stk.\" \/>\n<meta property=\"og:url\" content=\"https:\/\/diequadrate.de\/kvp-shop\/produkt\/werkzeugleiste-lochplatte-werkzeugwand-selbstklebend-4-lochpaare-ve-2stk\/\" \/>\n<meta property=\"og:site_name\" content=\"KVP-Onlineshop\" \/>\n<meta property=\"article:modified_time\" content=\"2022-07-18T16:49:32+00:00\" \/>\n<meta property=\"og:image\" content=\"https:\/\/diequadrate.de\/kvp-shop\/wp-content\/uploads\/sites\/6\/2022\/04\/454x436px_lochblech_selbstklebend_4LP.png\" \/>\n\t<meta property=\"og:image:width\" content=\"454\" \/>\n\t<meta property=\"og:image:height\" content=\"436\" \/>\n\t<meta property=\"og:image:type\" content=\"image\/png\" \/>\n<meta name=\"twitter:card\" content=\"summary_large_image\" \/>\n<meta name=\"twitter:label1\" content=\"Gesch\u00e4tzte Lesezeit\" \/>\n\t<meta name=\"twitter:data1\" content=\"1\u00a0Minute\" \/>\n<script type=\"application\/ld+json\" class=\"yoast-schema-graph\">{\"@context\":\"https:\\\/\\\/schema.org\",\"@graph\":[{\"@type\":\"WebPage\",\"@id\":\"https:\\\/\\\/diequadrate.de\\\/kvp-shop\\\/produkt\\\/werkzeugleiste-lochplatte-werkzeugwand-selbstklebend-4-lochpaare-ve-2stk\\\/\",\"url\":\"https:\\\/\\\/diequadrate.de\\\/kvp-shop\\\/produkt\\\/werkzeugleiste-lochplatte-werkzeugwand-selbstklebend-4-lochpaare-ve-2stk\\\/\",\"name\":\"Werkzeugleiste Lochplatte Werkzeugwand selbstklebend 4 Lochpaare - VE 2Stk. - KVP-Onlineshop\",\"isPartOf\":{\"@id\":\"https:\\\/\\\/diequadrate.de\\\/kvp-shop\\\/#website\"},\"primaryImageOfPage\":{\"@id\":\"https:\\\/\\\/diequadrate.de\\\/kvp-shop\\\/produkt\\\/werkzeugleiste-lochplatte-werkzeugwand-selbstklebend-4-lochpaare-ve-2stk\\\/#primaryimage\"},\"image\":{\"@id\":\"https:\\\/\\\/diequadrate.de\\\/kvp-shop\\\/produkt\\\/werkzeugleiste-lochplatte-werkzeugwand-selbstklebend-4-lochpaare-ve-2stk\\\/#primaryimage\"},\"thumbnailUrl\":\"https:\\\/\\\/diequadrate.de\\\/kvp-shop\\\/wp-content\\\/uploads\\\/sites\\\/6\\\/2022\\\/04\\\/454x436px_lochblech_selbstklebend_4LP.png\",\"datePublished\":\"2022-04-27T15:42:31+00:00\",\"dateModified\":\"2022-07-18T16:49:32+00:00\",\"breadcrumb\":{\"@id\":\"https:\\\/\\\/diequadrate.de\\\/kvp-shop\\\/produkt\\\/werkzeugleiste-lochplatte-werkzeugwand-selbstklebend-4-lochpaare-ve-2stk\\\/#breadcrumb\"},\"inLanguage\":\"de\",\"potentialAction\":[{\"@type\":\"ReadAction\",\"target\":[\"https:\\\/\\\/diequadrate.de\\\/kvp-shop\\\/produkt\\\/werkzeugleiste-lochplatte-werkzeugwand-selbstklebend-4-lochpaare-ve-2stk\\\/\"]}]},{\"@type\":\"ImageObject\",\"inLanguage\":\"de\",\"@id\":\"https:\\\/\\\/diequadrate.de\\\/kvp-shop\\\/produkt\\\/werkzeugleiste-lochplatte-werkzeugwand-selbstklebend-4-lochpaare-ve-2stk\\\/#primaryimage\",\"url\":\"https:\\\/\\\/diequadrate.de\\\/kvp-shop\\\/wp-content\\\/uploads\\\/sites\\\/6\\\/2022\\\/04\\\/454x436px_lochblech_selbstklebend_4LP.png\",\"contentUrl\":\"https:\\\/\\\/diequadrate.de\\\/kvp-shop\\\/wp-content\\\/uploads\\\/sites\\\/6\\\/2022\\\/04\\\/454x436px_lochblech_selbstklebend_4LP.png\",\"width\":454,\"height\":436,\"caption\":\"KVP-shop Werkzeugleiste selbstklebend\"},{\"@type\":\"BreadcrumbList\",\"@id\":\"https:\\\/\\\/diequadrate.de\\\/kvp-shop\\\/produkt\\\/werkzeugleiste-lochplatte-werkzeugwand-selbstklebend-4-lochpaare-ve-2stk\\\/#breadcrumb\",\"itemListElement\":[{\"@type\":\"ListItem\",\"position\":1,\"name\":\"Startseite\",\"item\":\"https:\\\/\\\/diequadrate.de\\\/kvp-shop\\\/\"},{\"@type\":\"ListItem\",\"position\":2,\"name\":\"KVP-SHOP\",\"item\":\"https:\\\/\\\/diequadrate.de\\\/kvp-shop\\\/shop\\\/\"},{\"@type\":\"ListItem\",\"position\":3,\"name\":\"Werkzeugleiste Lochplatte Werkzeugwand selbstklebend 4 Lochpaare &#8211; VE 2Stk.\"}]},{\"@type\":\"WebSite\",\"@id\":\"https:\\\/\\\/diequadrate.de\\\/kvp-shop\\\/#website\",\"url\":\"https:\\\/\\\/diequadrate.de\\\/kvp-shop\\\/\",\"name\":\"KVP-Onlineshop\",\"description\":\"das Onlineportal der V\u00b2 Vorentwicklung &amp; Vertrieb GmbH\",\"publisher\":{\"@id\":\"https:\\\/\\\/diequadrate.de\\\/kvp-shop\\\/#organization\"},\"potentialAction\":[{\"@type\":\"SearchAction\",\"target\":{\"@type\":\"EntryPoint\",\"urlTemplate\":\"https:\\\/\\\/diequadrate.de\\\/kvp-shop\\\/?s={search_term_string}\"},\"query-input\":{\"@type\":\"PropertyValueSpecification\",\"valueRequired\":true,\"valueName\":\"search_term_string\"}}],\"inLanguage\":\"de\"},{\"@type\":\"Organization\",\"@id\":\"https:\\\/\\\/diequadrate.de\\\/kvp-shop\\\/#organization\",\"name\":\"KVP-Onlineshop\",\"url\":\"https:\\\/\\\/diequadrate.de\\\/kvp-shop\\\/\",\"logo\":{\"@type\":\"ImageObject\",\"inLanguage\":\"de\",\"@id\":\"https:\\\/\\\/diequadrate.de\\\/kvp-shop\\\/#\\\/schema\\\/logo\\\/image\\\/\",\"url\":\"https:\\\/\\\/diequadrate.de\\\/kvp-shop\\\/wp-content\\\/uploads\\\/sites\\\/6\\\/2022\\\/05\\\/kvp-shop_75prozent_s_2022-1.svg\",\"contentUrl\":\"https:\\\/\\\/diequadrate.de\\\/kvp-shop\\\/wp-content\\\/uploads\\\/sites\\\/6\\\/2022\\\/05\\\/kvp-shop_75prozent_s_2022-1.svg\",\"width\":358,\"height\":224,\"caption\":\"KVP-Onlineshop\"},\"image\":{\"@id\":\"https:\\\/\\\/diequadrate.de\\\/kvp-shop\\\/#\\\/schema\\\/logo\\\/image\\\/\"}}]}<\/script>\n<!-- \/ Yoast SEO Premium plugin. -->","yoast_head_json":{"title":"Werkzeugleiste Lochplatte Werkzeugwand selbstklebend 4 Lochpaare - VE 2Stk. - KVP-Onlineshop","robots":{"index":"index","follow":"follow","max-snippet":"max-snippet:-1","max-image-preview":"max-image-preview:large","max-video-preview":"max-video-preview:-1"},"canonical":"https:\/\/diequadrate.de\/kvp-shop\/produkt\/werkzeugleiste-lochplatte-werkzeugwand-selbstklebend-4-lochpaare-ve-2stk\/","og_locale":"de_DE","og_type":"article","og_title":"Werkzeugleiste Lochplatte Werkzeugwand selbstklebend 4 Lochpaare - VE 2Stk.","og_description":"zur Aufnahme von Werkzeughalterungen f\u00fcr Lochraster 38mm x 38mm  zum Anbringen von Werkzeugen in direkter Arbeits- und Maschinenumgebung  Werkzeugleiste - selbstklebend, VE 2Stk.","og_url":"https:\/\/diequadrate.de\/kvp-shop\/produkt\/werkzeugleiste-lochplatte-werkzeugwand-selbstklebend-4-lochpaare-ve-2stk\/","og_site_name":"KVP-Onlineshop","article_modified_time":"2022-07-18T16:49:32+00:00","og_image":[{"width":454,"height":436,"url":"https:\/\/diequadrate.de\/kvp-shop\/wp-content\/uploads\/sites\/6\/2022\/04\/454x436px_lochblech_selbstklebend_4LP.png","type":"image\/png"}],"twitter_card":"summary_large_image","twitter_misc":{"Gesch\u00e4tzte Lesezeit":"1\u00a0Minute"},"schema":{"@context":"https:\/\/schema.org","@graph":[{"@type":"WebPage","@id":"https:\/\/diequadrate.de\/kvp-shop\/produkt\/werkzeugleiste-lochplatte-werkzeugwand-selbstklebend-4-lochpaare-ve-2stk\/","url":"https:\/\/diequadrate.de\/kvp-shop\/produkt\/werkzeugleiste-lochplatte-werkzeugwand-selbstklebend-4-lochpaare-ve-2stk\/","name":"Werkzeugleiste Lochplatte Werkzeugwand selbstklebend 4 Lochpaare - VE 2Stk. - KVP-Onlineshop","isPartOf":{"@id":"https:\/\/diequadrate.de\/kvp-shop\/#website"},"primaryImageOfPage":{"@id":"https:\/\/diequadrate.de\/kvp-shop\/produkt\/werkzeugleiste-lochplatte-werkzeugwand-selbstklebend-4-lochpaare-ve-2stk\/#primaryimage"},"image":{"@id":"https:\/\/diequadrate.de\/kvp-shop\/produkt\/werkzeugleiste-lochplatte-werkzeugwand-selbstklebend-4-lochpaare-ve-2stk\/#primaryimage"},"thumbnailUrl":"https:\/\/diequadrate.de\/kvp-shop\/wp-content\/uploads\/sites\/6\/2022\/04\/454x436px_lochblech_selbstklebend_4LP.png","datePublished":"2022-04-27T15:42:31+00:00","dateModified":"2022-07-18T16:49:32+00:00","breadcrumb":{"@id":"https:\/\/diequadrate.de\/kvp-shop\/produkt\/werkzeugleiste-lochplatte-werkzeugwand-selbstklebend-4-lochpaare-ve-2stk\/#breadcrumb"},"inLanguage":"de","potentialAction":[{"@type":"ReadAction","target":["https:\/\/diequadrate.de\/kvp-shop\/produkt\/werkzeugleiste-lochplatte-werkzeugwand-selbstklebend-4-lochpaare-ve-2stk\/"]}]},{"@type":"ImageObject","inLanguage":"de","@id":"https:\/\/diequadrate.de\/kvp-shop\/produkt\/werkzeugleiste-lochplatte-werkzeugwand-selbstklebend-4-lochpaare-ve-2stk\/#primaryimage","url":"https:\/\/diequadrate.de\/kvp-shop\/wp-content\/uploads\/sites\/6\/2022\/04\/454x436px_lochblech_selbstklebend_4LP.png","contentUrl":"https:\/\/diequadrate.de\/kvp-shop\/wp-content\/uploads\/sites\/6\/2022\/04\/454x436px_lochblech_selbstklebend_4LP.png","width":454,"height":436,"caption":"KVP-shop Werkzeugleiste selbstklebend"},{"@type":"BreadcrumbList","@id":"https:\/\/diequadrate.de\/kvp-shop\/produkt\/werkzeugleiste-lochplatte-werkzeugwand-selbstklebend-4-lochpaare-ve-2stk\/#breadcrumb","itemListElement":[{"@type":"ListItem","position":1,"name":"Startseite","item":"https:\/\/diequadrate.de\/kvp-shop\/"},{"@type":"ListItem","position":2,"name":"KVP-SHOP","item":"https:\/\/diequadrate.de\/kvp-shop\/shop\/"},{"@type":"ListItem","position":3,"name":"Werkzeugleiste Lochplatte Werkzeugwand selbstklebend 4 Lochpaare &#8211; VE 2Stk."}]},{"@type":"WebSite","@id":"https:\/\/diequadrate.de\/kvp-shop\/#website","url":"https:\/\/diequadrate.de\/kvp-shop\/","name":"KVP-Onlineshop","description":"das Onlineportal der V\u00b2 Vorentwicklung &amp; Vertrieb GmbH","publisher":{"@id":"https:\/\/diequadrate.de\/kvp-shop\/#organization"},"potentialAction":[{"@type":"SearchAction","target":{"@type":"EntryPoint","urlTemplate":"https:\/\/diequadrate.de\/kvp-shop\/?s={search_term_string}"},"query-input":{"@type":"PropertyValueSpecification","valueRequired":true,"valueName":"search_term_string"}}],"inLanguage":"de"},{"@type":"Organization","@id":"https:\/\/diequadrate.de\/kvp-shop\/#organization","name":"KVP-Onlineshop","url":"https:\/\/diequadrate.de\/kvp-shop\/","logo":{"@type":"ImageObject","inLanguage":"de","@id":"https:\/\/diequadrate.de\/kvp-shop\/#\/schema\/logo\/image\/","url":"https:\/\/diequadrate.de\/kvp-shop\/wp-content\/uploads\/sites\/6\/2022\/05\/kvp-shop_75prozent_s_2022-1.svg","contentUrl":"https:\/\/diequadrate.de\/kvp-shop\/wp-content\/uploads\/sites\/6\/2022\/05\/kvp-shop_75prozent_s_2022-1.svg","width":358,"height":224,"caption":"KVP-Onlineshop"},"image":{"@id":"https:\/\/diequadrate.de\/kvp-shop\/#\/schema\/logo\/image\/"}}]}},"_links":{"self":[{"href":"https:\/\/diequadrate.de\/kvp-shop\/wp-json\/wp\/v2\/product\/921","targetHints":{"allow":["GET"]}}],"collection":[{"href":"https:\/\/diequadrate.de\/kvp-shop\/wp-json\/wp\/v2\/product"}],"about":[{"href":"https:\/\/diequadrate.de\/kvp-shop\/wp-json\/wp\/v2\/types\/product"}],"version-history":[{"count":3,"href":"https:\/\/diequadrate.de\/kvp-shop\/wp-json\/wp\/v2\/product\/921\/revisions"}],"predecessor-version":[{"id":2643,"href":"https:\/\/diequadrate.de\/kvp-shop\/wp-json\/wp\/v2\/product\/921\/revisions\/2643"}],"wp:featuredmedia":[{"embeddable":true,"href":"https:\/\/diequadrate.de\/kvp-shop\/wp-json\/wp\/v2\/media\/2634"}],"wp:attachment":[{"href":"https:\/\/diequadrate.de\/kvp-shop\/wp-json\/wp\/v2\/media?parent=921"}],"wp:term":[{"taxonomy":"product_brand","embeddable":true,"href":"https:\/\/diequadrate.de\/kvp-shop\/wp-json\/wp\/v2\/product_brand?post=921"},{"taxonomy":"product_cat","embeddable":true,"href":"https:\/\/diequadrate.de\/kvp-shop\/wp-json\/wp\/v2\/product_cat?post=921"},{"taxonomy":"product_tag","embeddable":true,"href":"https:\/\/diequadrate.de\/kvp-shop\/wp-json\/wp\/v2\/product_tag?post=921"}],"curies":[{"name":"wp","href":"https:\/\/api.w.org\/{rel}","templated":true}]}}