{"id":954,"date":"2022-04-27T17:42:31","date_gmt":"2022-04-27T15:42:31","guid":{"rendered":"https:\/\/diequadrate.de\/kvp-shop\/produkt\/werkzeugleiste-lochplatte-ordnungsschiene-zum-einhaengen-4-lochpaare-ve-2stk\/"},"modified":"2022-07-18T11:54:43","modified_gmt":"2022-07-18T09:54:43","slug":"werkzeugleiste-lochplatte-ordnungsschiene-zum-einhaengen-4-lochpaare-ve-2stk","status":"publish","type":"product","link":"https:\/\/diequadrate.de\/kvp-shop\/produkt\/werkzeugleiste-lochplatte-ordnungsschiene-zum-einhaengen-4-lochpaare-ve-2stk\/","title":{"rendered":"Werkzeugleiste Lochplatte Ordnungsschiene zum Einh\u00e4ngen 4 Lochpaare &#8211; VE 2Stk"},"content":{"rendered":"<p>Sparen Sie Laufwege am Arbeitsplatz: Werkzeugleisten dienen zur Anbringen von Werkzeugen und Messger\u00e4ten in der direkten Arbeitsumgebung, z.B. direkt an der Maschine. Das Lochplattenraster von 38mm erlaubt die Aufnahme von g\u00e4ngigen Werkzeughalterungen. Die Werkzeugleisten bestehen aus Edelstahl und sind korrosionsbest\u00e4ndig.<\/p>\n<p><a href=\"https:\/\/diequadrate.de\/kvp-shop\/produkt-kategorie\/arbeitsplatzgestaltung\/werkzeughalter\/\">ZU DEN WERKZEUGHALTERN<\/a><\/p>\n<p>Die Einh\u00e4ngehaken eignen sich f\u00fcr besonders f\u00fcr Gitter im Raster 50mm x 50mm. Die Leiste wird durch die Einrasthaken am Gitter oder Zaun gesichert.<\/p>\n","protected":false},"excerpt":{"rendered":"<p>Werkzeughalterungen f\u00fcr Lochraster 38mm x 38mm<\/p>\n<p>zum Anbringen von Werkzeugen<br \/>\nin direkter Arbeits- und Maschinenumgebung<\/p>\n<p>Werkzeugleiste &#8211; zum Einh\u00e4ngen,<br \/>\nVE 2Stk.<\/p>\n","protected":false},"featured_media":956,"template":"","meta":{"content-type":""},"product_brand":[],"product_cat":[69],"product_tag":[156],"class_list":{"0":"post-954","1":"product","2":"type-product","3":"status-publish","4":"has-post-thumbnail","6":"product_cat-lochplatten-und-lochleisten-zur-platzierung-von-handwerkzeugen-im-maschinenumfeld","7":"product_tag-werkzeugleisten-zum-einhaengen","9":"first","10":"instock","11":"purchasable","12":"product-type-simple"},"yoast_head":"<!-- This site is optimized with the Yoast SEO Premium plugin v25.3 (Yoast SEO v27.5) - https:\/\/yoast.com\/product\/yoast-seo-premium-wordpress\/ -->\n<title>Werkzeugleiste Lochplatte Ordnungsschiene zum Einh\u00e4ngen 4 Lochpaare - VE 2Stk - KVP-Onlineshop<\/title>\n<meta name=\"robots\" content=\"index, follow, max-snippet:-1, max-image-preview:large, max-video-preview:-1\" \/>\n<link rel=\"canonical\" href=\"https:\/\/diequadrate.de\/kvp-shop\/produkt\/werkzeugleiste-lochplatte-ordnungsschiene-zum-einhaengen-4-lochpaare-ve-2stk\/\" \/>\n<meta property=\"og:locale\" content=\"de_DE\" \/>\n<meta property=\"og:type\" content=\"article\" \/>\n<meta property=\"og:title\" content=\"Werkzeugleiste Lochplatte Ordnungsschiene zum Einh\u00e4ngen 4 Lochpaare - VE 2Stk\" \/>\n<meta property=\"og:description\" content=\"Werkzeughalterungen f\u00fcr Lochraster 38mm x 38mm  zum Anbringen von Werkzeugen in direkter Arbeits- und Maschinenumgebung  Werkzeugleiste - zum Einh\u00e4ngen, VE 2Stk.\" \/>\n<meta property=\"og:url\" content=\"https:\/\/diequadrate.de\/kvp-shop\/produkt\/werkzeugleiste-lochplatte-ordnungsschiene-zum-einhaengen-4-lochpaare-ve-2stk\/\" \/>\n<meta property=\"og:site_name\" content=\"KVP-Onlineshop\" \/>\n<meta property=\"article:modified_time\" content=\"2022-07-18T09:54:43+00:00\" \/>\n<meta property=\"og:image\" content=\"https:\/\/diequadrate.de\/kvp-shop\/wp-content\/uploads\/sites\/6\/2022\/04\/werkzeugleiste-lochplatte-ordnungsschiene-zum-einhangen-4-lochpaare-ve-2stk.jpg\" \/>\n\t<meta property=\"og:image:width\" content=\"800\" \/>\n\t<meta property=\"og:image:height\" content=\"800\" \/>\n\t<meta property=\"og:image:type\" content=\"image\/jpeg\" \/>\n<meta name=\"twitter:card\" content=\"summary_large_image\" \/>\n<meta name=\"twitter:label1\" content=\"Gesch\u00e4tzte Lesezeit\" \/>\n\t<meta name=\"twitter:data1\" content=\"1\u00a0Minute\" \/>\n<script type=\"application\/ld+json\" class=\"yoast-schema-graph\">{\"@context\":\"https:\\\/\\\/schema.org\",\"@graph\":[{\"@type\":\"WebPage\",\"@id\":\"https:\\\/\\\/diequadrate.de\\\/kvp-shop\\\/produkt\\\/werkzeugleiste-lochplatte-ordnungsschiene-zum-einhaengen-4-lochpaare-ve-2stk\\\/\",\"url\":\"https:\\\/\\\/diequadrate.de\\\/kvp-shop\\\/produkt\\\/werkzeugleiste-lochplatte-ordnungsschiene-zum-einhaengen-4-lochpaare-ve-2stk\\\/\",\"name\":\"Werkzeugleiste Lochplatte Ordnungsschiene zum Einh\u00e4ngen 4 Lochpaare - VE 2Stk - KVP-Onlineshop\",\"isPartOf\":{\"@id\":\"https:\\\/\\\/diequadrate.de\\\/kvp-shop\\\/#website\"},\"primaryImageOfPage\":{\"@id\":\"https:\\\/\\\/diequadrate.de\\\/kvp-shop\\\/produkt\\\/werkzeugleiste-lochplatte-ordnungsschiene-zum-einhaengen-4-lochpaare-ve-2stk\\\/#primaryimage\"},\"image\":{\"@id\":\"https:\\\/\\\/diequadrate.de\\\/kvp-shop\\\/produkt\\\/werkzeugleiste-lochplatte-ordnungsschiene-zum-einhaengen-4-lochpaare-ve-2stk\\\/#primaryimage\"},\"thumbnailUrl\":\"https:\\\/\\\/diequadrate.de\\\/kvp-shop\\\/wp-content\\\/uploads\\\/sites\\\/6\\\/2022\\\/04\\\/werkzeugleiste-lochplatte-ordnungsschiene-zum-einhangen-4-lochpaare-ve-2stk.jpg\",\"datePublished\":\"2022-04-27T15:42:31+00:00\",\"dateModified\":\"2022-07-18T09:54:43+00:00\",\"breadcrumb\":{\"@id\":\"https:\\\/\\\/diequadrate.de\\\/kvp-shop\\\/produkt\\\/werkzeugleiste-lochplatte-ordnungsschiene-zum-einhaengen-4-lochpaare-ve-2stk\\\/#breadcrumb\"},\"inLanguage\":\"de\",\"potentialAction\":[{\"@type\":\"ReadAction\",\"target\":[\"https:\\\/\\\/diequadrate.de\\\/kvp-shop\\\/produkt\\\/werkzeugleiste-lochplatte-ordnungsschiene-zum-einhaengen-4-lochpaare-ve-2stk\\\/\"]}]},{\"@type\":\"ImageObject\",\"inLanguage\":\"de\",\"@id\":\"https:\\\/\\\/diequadrate.de\\\/kvp-shop\\\/produkt\\\/werkzeugleiste-lochplatte-ordnungsschiene-zum-einhaengen-4-lochpaare-ve-2stk\\\/#primaryimage\",\"url\":\"https:\\\/\\\/diequadrate.de\\\/kvp-shop\\\/wp-content\\\/uploads\\\/sites\\\/6\\\/2022\\\/04\\\/werkzeugleiste-lochplatte-ordnungsschiene-zum-einhangen-4-lochpaare-ve-2stk.jpg\",\"contentUrl\":\"https:\\\/\\\/diequadrate.de\\\/kvp-shop\\\/wp-content\\\/uploads\\\/sites\\\/6\\\/2022\\\/04\\\/werkzeugleiste-lochplatte-ordnungsschiene-zum-einhangen-4-lochpaare-ve-2stk.jpg\",\"width\":800,\"height\":800},{\"@type\":\"BreadcrumbList\",\"@id\":\"https:\\\/\\\/diequadrate.de\\\/kvp-shop\\\/produkt\\\/werkzeugleiste-lochplatte-ordnungsschiene-zum-einhaengen-4-lochpaare-ve-2stk\\\/#breadcrumb\",\"itemListElement\":[{\"@type\":\"ListItem\",\"position\":1,\"name\":\"Startseite\",\"item\":\"https:\\\/\\\/diequadrate.de\\\/kvp-shop\\\/\"},{\"@type\":\"ListItem\",\"position\":2,\"name\":\"KVP-SHOP\",\"item\":\"https:\\\/\\\/diequadrate.de\\\/kvp-shop\\\/shop\\\/\"},{\"@type\":\"ListItem\",\"position\":3,\"name\":\"Werkzeugleiste Lochplatte Ordnungsschiene zum Einh\u00e4ngen 4 Lochpaare &#8211; VE 2Stk\"}]},{\"@type\":\"WebSite\",\"@id\":\"https:\\\/\\\/diequadrate.de\\\/kvp-shop\\\/#website\",\"url\":\"https:\\\/\\\/diequadrate.de\\\/kvp-shop\\\/\",\"name\":\"KVP-Onlineshop\",\"description\":\"das Onlineportal der V\u00b2 Vorentwicklung &amp; Vertrieb GmbH\",\"publisher\":{\"@id\":\"https:\\\/\\\/diequadrate.de\\\/kvp-shop\\\/#organization\"},\"potentialAction\":[{\"@type\":\"SearchAction\",\"target\":{\"@type\":\"EntryPoint\",\"urlTemplate\":\"https:\\\/\\\/diequadrate.de\\\/kvp-shop\\\/?s={search_term_string}\"},\"query-input\":{\"@type\":\"PropertyValueSpecification\",\"valueRequired\":true,\"valueName\":\"search_term_string\"}}],\"inLanguage\":\"de\"},{\"@type\":\"Organization\",\"@id\":\"https:\\\/\\\/diequadrate.de\\\/kvp-shop\\\/#organization\",\"name\":\"KVP-Onlineshop\",\"url\":\"https:\\\/\\\/diequadrate.de\\\/kvp-shop\\\/\",\"logo\":{\"@type\":\"ImageObject\",\"inLanguage\":\"de\",\"@id\":\"https:\\\/\\\/diequadrate.de\\\/kvp-shop\\\/#\\\/schema\\\/logo\\\/image\\\/\",\"url\":\"https:\\\/\\\/diequadrate.de\\\/kvp-shop\\\/wp-content\\\/uploads\\\/sites\\\/6\\\/2022\\\/05\\\/kvp-shop_75prozent_s_2022-1.svg\",\"contentUrl\":\"https:\\\/\\\/diequadrate.de\\\/kvp-shop\\\/wp-content\\\/uploads\\\/sites\\\/6\\\/2022\\\/05\\\/kvp-shop_75prozent_s_2022-1.svg\",\"width\":358,\"height\":224,\"caption\":\"KVP-Onlineshop\"},\"image\":{\"@id\":\"https:\\\/\\\/diequadrate.de\\\/kvp-shop\\\/#\\\/schema\\\/logo\\\/image\\\/\"}}]}<\/script>\n<!-- \/ Yoast SEO Premium plugin. -->","yoast_head_json":{"title":"Werkzeugleiste Lochplatte Ordnungsschiene zum Einh\u00e4ngen 4 Lochpaare - VE 2Stk - KVP-Onlineshop","robots":{"index":"index","follow":"follow","max-snippet":"max-snippet:-1","max-image-preview":"max-image-preview:large","max-video-preview":"max-video-preview:-1"},"canonical":"https:\/\/diequadrate.de\/kvp-shop\/produkt\/werkzeugleiste-lochplatte-ordnungsschiene-zum-einhaengen-4-lochpaare-ve-2stk\/","og_locale":"de_DE","og_type":"article","og_title":"Werkzeugleiste Lochplatte Ordnungsschiene zum Einh\u00e4ngen 4 Lochpaare - VE 2Stk","og_description":"Werkzeughalterungen f\u00fcr Lochraster 38mm x 38mm  zum Anbringen von Werkzeugen in direkter Arbeits- und Maschinenumgebung  Werkzeugleiste - zum Einh\u00e4ngen, VE 2Stk.","og_url":"https:\/\/diequadrate.de\/kvp-shop\/produkt\/werkzeugleiste-lochplatte-ordnungsschiene-zum-einhaengen-4-lochpaare-ve-2stk\/","og_site_name":"KVP-Onlineshop","article_modified_time":"2022-07-18T09:54:43+00:00","og_image":[{"width":800,"height":800,"url":"https:\/\/diequadrate.de\/kvp-shop\/wp-content\/uploads\/sites\/6\/2022\/04\/werkzeugleiste-lochplatte-ordnungsschiene-zum-einhangen-4-lochpaare-ve-2stk.jpg","type":"image\/jpeg"}],"twitter_card":"summary_large_image","twitter_misc":{"Gesch\u00e4tzte Lesezeit":"1\u00a0Minute"},"schema":{"@context":"https:\/\/schema.org","@graph":[{"@type":"WebPage","@id":"https:\/\/diequadrate.de\/kvp-shop\/produkt\/werkzeugleiste-lochplatte-ordnungsschiene-zum-einhaengen-4-lochpaare-ve-2stk\/","url":"https:\/\/diequadrate.de\/kvp-shop\/produkt\/werkzeugleiste-lochplatte-ordnungsschiene-zum-einhaengen-4-lochpaare-ve-2stk\/","name":"Werkzeugleiste Lochplatte Ordnungsschiene zum Einh\u00e4ngen 4 Lochpaare - VE 2Stk - KVP-Onlineshop","isPartOf":{"@id":"https:\/\/diequadrate.de\/kvp-shop\/#website"},"primaryImageOfPage":{"@id":"https:\/\/diequadrate.de\/kvp-shop\/produkt\/werkzeugleiste-lochplatte-ordnungsschiene-zum-einhaengen-4-lochpaare-ve-2stk\/#primaryimage"},"image":{"@id":"https:\/\/diequadrate.de\/kvp-shop\/produkt\/werkzeugleiste-lochplatte-ordnungsschiene-zum-einhaengen-4-lochpaare-ve-2stk\/#primaryimage"},"thumbnailUrl":"https:\/\/diequadrate.de\/kvp-shop\/wp-content\/uploads\/sites\/6\/2022\/04\/werkzeugleiste-lochplatte-ordnungsschiene-zum-einhangen-4-lochpaare-ve-2stk.jpg","datePublished":"2022-04-27T15:42:31+00:00","dateModified":"2022-07-18T09:54:43+00:00","breadcrumb":{"@id":"https:\/\/diequadrate.de\/kvp-shop\/produkt\/werkzeugleiste-lochplatte-ordnungsschiene-zum-einhaengen-4-lochpaare-ve-2stk\/#breadcrumb"},"inLanguage":"de","potentialAction":[{"@type":"ReadAction","target":["https:\/\/diequadrate.de\/kvp-shop\/produkt\/werkzeugleiste-lochplatte-ordnungsschiene-zum-einhaengen-4-lochpaare-ve-2stk\/"]}]},{"@type":"ImageObject","inLanguage":"de","@id":"https:\/\/diequadrate.de\/kvp-shop\/produkt\/werkzeugleiste-lochplatte-ordnungsschiene-zum-einhaengen-4-lochpaare-ve-2stk\/#primaryimage","url":"https:\/\/diequadrate.de\/kvp-shop\/wp-content\/uploads\/sites\/6\/2022\/04\/werkzeugleiste-lochplatte-ordnungsschiene-zum-einhangen-4-lochpaare-ve-2stk.jpg","contentUrl":"https:\/\/diequadrate.de\/kvp-shop\/wp-content\/uploads\/sites\/6\/2022\/04\/werkzeugleiste-lochplatte-ordnungsschiene-zum-einhangen-4-lochpaare-ve-2stk.jpg","width":800,"height":800},{"@type":"BreadcrumbList","@id":"https:\/\/diequadrate.de\/kvp-shop\/produkt\/werkzeugleiste-lochplatte-ordnungsschiene-zum-einhaengen-4-lochpaare-ve-2stk\/#breadcrumb","itemListElement":[{"@type":"ListItem","position":1,"name":"Startseite","item":"https:\/\/diequadrate.de\/kvp-shop\/"},{"@type":"ListItem","position":2,"name":"KVP-SHOP","item":"https:\/\/diequadrate.de\/kvp-shop\/shop\/"},{"@type":"ListItem","position":3,"name":"Werkzeugleiste Lochplatte Ordnungsschiene zum Einh\u00e4ngen 4 Lochpaare &#8211; VE 2Stk"}]},{"@type":"WebSite","@id":"https:\/\/diequadrate.de\/kvp-shop\/#website","url":"https:\/\/diequadrate.de\/kvp-shop\/","name":"KVP-Onlineshop","description":"das Onlineportal der V\u00b2 Vorentwicklung &amp; Vertrieb GmbH","publisher":{"@id":"https:\/\/diequadrate.de\/kvp-shop\/#organization"},"potentialAction":[{"@type":"SearchAction","target":{"@type":"EntryPoint","urlTemplate":"https:\/\/diequadrate.de\/kvp-shop\/?s={search_term_string}"},"query-input":{"@type":"PropertyValueSpecification","valueRequired":true,"valueName":"search_term_string"}}],"inLanguage":"de"},{"@type":"Organization","@id":"https:\/\/diequadrate.de\/kvp-shop\/#organization","name":"KVP-Onlineshop","url":"https:\/\/diequadrate.de\/kvp-shop\/","logo":{"@type":"ImageObject","inLanguage":"de","@id":"https:\/\/diequadrate.de\/kvp-shop\/#\/schema\/logo\/image\/","url":"https:\/\/diequadrate.de\/kvp-shop\/wp-content\/uploads\/sites\/6\/2022\/05\/kvp-shop_75prozent_s_2022-1.svg","contentUrl":"https:\/\/diequadrate.de\/kvp-shop\/wp-content\/uploads\/sites\/6\/2022\/05\/kvp-shop_75prozent_s_2022-1.svg","width":358,"height":224,"caption":"KVP-Onlineshop"},"image":{"@id":"https:\/\/diequadrate.de\/kvp-shop\/#\/schema\/logo\/image\/"}}]}},"_links":{"self":[{"href":"https:\/\/diequadrate.de\/kvp-shop\/wp-json\/wp\/v2\/product\/954","targetHints":{"allow":["GET"]}}],"collection":[{"href":"https:\/\/diequadrate.de\/kvp-shop\/wp-json\/wp\/v2\/product"}],"about":[{"href":"https:\/\/diequadrate.de\/kvp-shop\/wp-json\/wp\/v2\/types\/product"}],"version-history":[{"count":4,"href":"https:\/\/diequadrate.de\/kvp-shop\/wp-json\/wp\/v2\/product\/954\/revisions"}],"predecessor-version":[{"id":2614,"href":"https:\/\/diequadrate.de\/kvp-shop\/wp-json\/wp\/v2\/product\/954\/revisions\/2614"}],"wp:featuredmedia":[{"embeddable":true,"href":"https:\/\/diequadrate.de\/kvp-shop\/wp-json\/wp\/v2\/media\/956"}],"wp:attachment":[{"href":"https:\/\/diequadrate.de\/kvp-shop\/wp-json\/wp\/v2\/media?parent=954"}],"wp:term":[{"taxonomy":"product_brand","embeddable":true,"href":"https:\/\/diequadrate.de\/kvp-shop\/wp-json\/wp\/v2\/product_brand?post=954"},{"taxonomy":"product_cat","embeddable":true,"href":"https:\/\/diequadrate.de\/kvp-shop\/wp-json\/wp\/v2\/product_cat?post=954"},{"taxonomy":"product_tag","embeddable":true,"href":"https:\/\/diequadrate.de\/kvp-shop\/wp-json\/wp\/v2\/product_tag?post=954"}],"curies":[{"name":"wp","href":"https:\/\/api.w.org\/{rel}","templated":true}]}}