{"id":996,"date":"2022-04-27T17:43:08","date_gmt":"2022-04-27T15:43:08","guid":{"rendered":"https:\/\/diequadrate.de\/kvp-shop\/produkt\/werkzeugklemme-d10-werkzeughalter-aus-edelstahl-ve-5stk\/"},"modified":"2022-07-06T11:18:25","modified_gmt":"2022-07-06T09:18:25","slug":"werkzeugklemme-d10-werkzeughalter-aus-edelstahl-ve-5stk","status":"publish","type":"product","link":"https:\/\/diequadrate.de\/kvp-shop\/produkt\/werkzeugklemme-d10-werkzeughalter-aus-edelstahl-ve-5stk\/","title":{"rendered":"Werkzeugklemme d10, Werkzeughalter aus Edelstahl, VE 5Stk"},"content":{"rendered":"<p>&nbsp;<\/p>\n<p>Werkzeughalter Werkzeugklemmen aus Edelstahl &#8211; Aus unserem Werkzeughaltersortiment:<br \/>\nDie Werkzeugklemmen sind universell einsetzbar f\u00fcr Schraubendreher, Schraubenzieher, K\u00f6rner, Fasenpr\u00fcfer, Feinmechanikwerkzeug etc..<\/p>\n<p>Dank des patentierten Fixierclips bietet die Halterung eine besonders feste Anbringung und eine werkzeuglose Umplatzierung am Tr\u00e4gerblech!<\/p>\n<p>Durchmesser Werkzeugklemme: 10mm<br \/>\nVerpackungseinheit: 5Stk.<\/p>\n","protected":false},"excerpt":{"rendered":"<p id=\"product_condition\">Werkzeughalter Werkzeugklemme\u00a0 (Edelstahl),<br \/>\nVE 5Stk.,<br \/>\nmit patentiertem Federclip zur einfachen Fixierung an Lochplatte<\/p>\n","protected":false},"featured_media":2164,"template":"","meta":{"content-type":""},"product_brand":[],"product_cat":[71],"product_tag":[109,134,125],"class_list":{"0":"post-996","1":"product","2":"type-product","3":"status-publish","4":"has-post-thumbnail","6":"product_cat-werkzeughalter","7":"product_tag-lochplatte","8":"product_tag-schraubendreher","9":"product_tag-schraubenzieher","11":"first","12":"instock","13":"purchasable","14":"product-type-simple"},"yoast_head":"<!-- This site is optimized with the Yoast SEO Premium plugin v25.3 (Yoast SEO v27.5) - https:\/\/yoast.com\/product\/yoast-seo-premium-wordpress\/ -->\n<title>Werkzeugklemme d10, Werkzeughalter aus Edelstahl, VE 5Stk - KVP-Onlineshop<\/title>\n<meta name=\"robots\" content=\"index, follow, max-snippet:-1, max-image-preview:large, max-video-preview:-1\" \/>\n<link rel=\"canonical\" href=\"https:\/\/diequadrate.de\/kvp-shop\/produkt\/werkzeugklemme-d10-werkzeughalter-aus-edelstahl-ve-5stk\/\" \/>\n<meta property=\"og:locale\" content=\"de_DE\" \/>\n<meta property=\"og:type\" content=\"article\" \/>\n<meta property=\"og:title\" content=\"Werkzeugklemme d10, Werkzeughalter aus Edelstahl, VE 5Stk\" \/>\n<meta property=\"og:description\" content=\"Werkzeughalter Werkzeugklemme\u00a0 (Edelstahl), VE 5Stk., mit patentiertem Federclip zur einfachen Fixierung an Lochplatte\" \/>\n<meta property=\"og:url\" content=\"https:\/\/diequadrate.de\/kvp-shop\/produkt\/werkzeugklemme-d10-werkzeughalter-aus-edelstahl-ve-5stk\/\" \/>\n<meta property=\"og:site_name\" content=\"KVP-Onlineshop\" \/>\n<meta property=\"article:modified_time\" content=\"2022-07-06T09:18:25+00:00\" \/>\n<meta property=\"og:image\" content=\"https:\/\/diequadrate.de\/kvp-shop\/wp-content\/uploads\/sites\/6\/2022\/06\/klemmen_einzel_frei_rahmen.png\" \/>\n\t<meta property=\"og:image:width\" content=\"545\" \/>\n\t<meta property=\"og:image:height\" content=\"523\" \/>\n\t<meta property=\"og:image:type\" content=\"image\/png\" \/>\n<meta name=\"twitter:card\" content=\"summary_large_image\" \/>\n<script type=\"application\/ld+json\" class=\"yoast-schema-graph\">{\"@context\":\"https:\\\/\\\/schema.org\",\"@graph\":[{\"@type\":\"WebPage\",\"@id\":\"https:\\\/\\\/diequadrate.de\\\/kvp-shop\\\/produkt\\\/werkzeugklemme-d10-werkzeughalter-aus-edelstahl-ve-5stk\\\/\",\"url\":\"https:\\\/\\\/diequadrate.de\\\/kvp-shop\\\/produkt\\\/werkzeugklemme-d10-werkzeughalter-aus-edelstahl-ve-5stk\\\/\",\"name\":\"Werkzeugklemme d10, Werkzeughalter aus Edelstahl, VE 5Stk - KVP-Onlineshop\",\"isPartOf\":{\"@id\":\"https:\\\/\\\/diequadrate.de\\\/kvp-shop\\\/#website\"},\"primaryImageOfPage\":{\"@id\":\"https:\\\/\\\/diequadrate.de\\\/kvp-shop\\\/produkt\\\/werkzeugklemme-d10-werkzeughalter-aus-edelstahl-ve-5stk\\\/#primaryimage\"},\"image\":{\"@id\":\"https:\\\/\\\/diequadrate.de\\\/kvp-shop\\\/produkt\\\/werkzeugklemme-d10-werkzeughalter-aus-edelstahl-ve-5stk\\\/#primaryimage\"},\"thumbnailUrl\":\"https:\\\/\\\/diequadrate.de\\\/kvp-shop\\\/wp-content\\\/uploads\\\/sites\\\/6\\\/2022\\\/06\\\/klemmen_einzel_frei_rahmen.png\",\"datePublished\":\"2022-04-27T15:43:08+00:00\",\"dateModified\":\"2022-07-06T09:18:25+00:00\",\"breadcrumb\":{\"@id\":\"https:\\\/\\\/diequadrate.de\\\/kvp-shop\\\/produkt\\\/werkzeugklemme-d10-werkzeughalter-aus-edelstahl-ve-5stk\\\/#breadcrumb\"},\"inLanguage\":\"de\",\"potentialAction\":[{\"@type\":\"ReadAction\",\"target\":[\"https:\\\/\\\/diequadrate.de\\\/kvp-shop\\\/produkt\\\/werkzeugklemme-d10-werkzeughalter-aus-edelstahl-ve-5stk\\\/\"]}]},{\"@type\":\"ImageObject\",\"inLanguage\":\"de\",\"@id\":\"https:\\\/\\\/diequadrate.de\\\/kvp-shop\\\/produkt\\\/werkzeugklemme-d10-werkzeughalter-aus-edelstahl-ve-5stk\\\/#primaryimage\",\"url\":\"https:\\\/\\\/diequadrate.de\\\/kvp-shop\\\/wp-content\\\/uploads\\\/sites\\\/6\\\/2022\\\/06\\\/klemmen_einzel_frei_rahmen.png\",\"contentUrl\":\"https:\\\/\\\/diequadrate.de\\\/kvp-shop\\\/wp-content\\\/uploads\\\/sites\\\/6\\\/2022\\\/06\\\/klemmen_einzel_frei_rahmen.png\",\"width\":545,\"height\":523,\"caption\":\"Klemmhalter\"},{\"@type\":\"BreadcrumbList\",\"@id\":\"https:\\\/\\\/diequadrate.de\\\/kvp-shop\\\/produkt\\\/werkzeugklemme-d10-werkzeughalter-aus-edelstahl-ve-5stk\\\/#breadcrumb\",\"itemListElement\":[{\"@type\":\"ListItem\",\"position\":1,\"name\":\"Startseite\",\"item\":\"https:\\\/\\\/diequadrate.de\\\/kvp-shop\\\/\"},{\"@type\":\"ListItem\",\"position\":2,\"name\":\"KVP-SHOP\",\"item\":\"https:\\\/\\\/diequadrate.de\\\/kvp-shop\\\/shop\\\/\"},{\"@type\":\"ListItem\",\"position\":3,\"name\":\"Werkzeugklemme d10, Werkzeughalter aus Edelstahl, VE 5Stk\"}]},{\"@type\":\"WebSite\",\"@id\":\"https:\\\/\\\/diequadrate.de\\\/kvp-shop\\\/#website\",\"url\":\"https:\\\/\\\/diequadrate.de\\\/kvp-shop\\\/\",\"name\":\"KVP-Onlineshop\",\"description\":\"das Onlineportal der V\u00b2 Vorentwicklung &amp; Vertrieb GmbH\",\"publisher\":{\"@id\":\"https:\\\/\\\/diequadrate.de\\\/kvp-shop\\\/#organization\"},\"potentialAction\":[{\"@type\":\"SearchAction\",\"target\":{\"@type\":\"EntryPoint\",\"urlTemplate\":\"https:\\\/\\\/diequadrate.de\\\/kvp-shop\\\/?s={search_term_string}\"},\"query-input\":{\"@type\":\"PropertyValueSpecification\",\"valueRequired\":true,\"valueName\":\"search_term_string\"}}],\"inLanguage\":\"de\"},{\"@type\":\"Organization\",\"@id\":\"https:\\\/\\\/diequadrate.de\\\/kvp-shop\\\/#organization\",\"name\":\"KVP-Onlineshop\",\"url\":\"https:\\\/\\\/diequadrate.de\\\/kvp-shop\\\/\",\"logo\":{\"@type\":\"ImageObject\",\"inLanguage\":\"de\",\"@id\":\"https:\\\/\\\/diequadrate.de\\\/kvp-shop\\\/#\\\/schema\\\/logo\\\/image\\\/\",\"url\":\"https:\\\/\\\/diequadrate.de\\\/kvp-shop\\\/wp-content\\\/uploads\\\/sites\\\/6\\\/2022\\\/05\\\/kvp-shop_75prozent_s_2022-1.svg\",\"contentUrl\":\"https:\\\/\\\/diequadrate.de\\\/kvp-shop\\\/wp-content\\\/uploads\\\/sites\\\/6\\\/2022\\\/05\\\/kvp-shop_75prozent_s_2022-1.svg\",\"width\":358,\"height\":224,\"caption\":\"KVP-Onlineshop\"},\"image\":{\"@id\":\"https:\\\/\\\/diequadrate.de\\\/kvp-shop\\\/#\\\/schema\\\/logo\\\/image\\\/\"}}]}<\/script>\n<!-- \/ Yoast SEO Premium plugin. -->","yoast_head_json":{"title":"Werkzeugklemme d10, Werkzeughalter aus Edelstahl, VE 5Stk - KVP-Onlineshop","robots":{"index":"index","follow":"follow","max-snippet":"max-snippet:-1","max-image-preview":"max-image-preview:large","max-video-preview":"max-video-preview:-1"},"canonical":"https:\/\/diequadrate.de\/kvp-shop\/produkt\/werkzeugklemme-d10-werkzeughalter-aus-edelstahl-ve-5stk\/","og_locale":"de_DE","og_type":"article","og_title":"Werkzeugklemme d10, Werkzeughalter aus Edelstahl, VE 5Stk","og_description":"Werkzeughalter Werkzeugklemme\u00a0 (Edelstahl), VE 5Stk., mit patentiertem Federclip zur einfachen Fixierung an Lochplatte","og_url":"https:\/\/diequadrate.de\/kvp-shop\/produkt\/werkzeugklemme-d10-werkzeughalter-aus-edelstahl-ve-5stk\/","og_site_name":"KVP-Onlineshop","article_modified_time":"2022-07-06T09:18:25+00:00","og_image":[{"width":545,"height":523,"url":"https:\/\/diequadrate.de\/kvp-shop\/wp-content\/uploads\/sites\/6\/2022\/06\/klemmen_einzel_frei_rahmen.png","type":"image\/png"}],"twitter_card":"summary_large_image","schema":{"@context":"https:\/\/schema.org","@graph":[{"@type":"WebPage","@id":"https:\/\/diequadrate.de\/kvp-shop\/produkt\/werkzeugklemme-d10-werkzeughalter-aus-edelstahl-ve-5stk\/","url":"https:\/\/diequadrate.de\/kvp-shop\/produkt\/werkzeugklemme-d10-werkzeughalter-aus-edelstahl-ve-5stk\/","name":"Werkzeugklemme d10, Werkzeughalter aus Edelstahl, VE 5Stk - KVP-Onlineshop","isPartOf":{"@id":"https:\/\/diequadrate.de\/kvp-shop\/#website"},"primaryImageOfPage":{"@id":"https:\/\/diequadrate.de\/kvp-shop\/produkt\/werkzeugklemme-d10-werkzeughalter-aus-edelstahl-ve-5stk\/#primaryimage"},"image":{"@id":"https:\/\/diequadrate.de\/kvp-shop\/produkt\/werkzeugklemme-d10-werkzeughalter-aus-edelstahl-ve-5stk\/#primaryimage"},"thumbnailUrl":"https:\/\/diequadrate.de\/kvp-shop\/wp-content\/uploads\/sites\/6\/2022\/06\/klemmen_einzel_frei_rahmen.png","datePublished":"2022-04-27T15:43:08+00:00","dateModified":"2022-07-06T09:18:25+00:00","breadcrumb":{"@id":"https:\/\/diequadrate.de\/kvp-shop\/produkt\/werkzeugklemme-d10-werkzeughalter-aus-edelstahl-ve-5stk\/#breadcrumb"},"inLanguage":"de","potentialAction":[{"@type":"ReadAction","target":["https:\/\/diequadrate.de\/kvp-shop\/produkt\/werkzeugklemme-d10-werkzeughalter-aus-edelstahl-ve-5stk\/"]}]},{"@type":"ImageObject","inLanguage":"de","@id":"https:\/\/diequadrate.de\/kvp-shop\/produkt\/werkzeugklemme-d10-werkzeughalter-aus-edelstahl-ve-5stk\/#primaryimage","url":"https:\/\/diequadrate.de\/kvp-shop\/wp-content\/uploads\/sites\/6\/2022\/06\/klemmen_einzel_frei_rahmen.png","contentUrl":"https:\/\/diequadrate.de\/kvp-shop\/wp-content\/uploads\/sites\/6\/2022\/06\/klemmen_einzel_frei_rahmen.png","width":545,"height":523,"caption":"Klemmhalter"},{"@type":"BreadcrumbList","@id":"https:\/\/diequadrate.de\/kvp-shop\/produkt\/werkzeugklemme-d10-werkzeughalter-aus-edelstahl-ve-5stk\/#breadcrumb","itemListElement":[{"@type":"ListItem","position":1,"name":"Startseite","item":"https:\/\/diequadrate.de\/kvp-shop\/"},{"@type":"ListItem","position":2,"name":"KVP-SHOP","item":"https:\/\/diequadrate.de\/kvp-shop\/shop\/"},{"@type":"ListItem","position":3,"name":"Werkzeugklemme d10, Werkzeughalter aus Edelstahl, VE 5Stk"}]},{"@type":"WebSite","@id":"https:\/\/diequadrate.de\/kvp-shop\/#website","url":"https:\/\/diequadrate.de\/kvp-shop\/","name":"KVP-Onlineshop","description":"das Onlineportal der V\u00b2 Vorentwicklung &amp; Vertrieb GmbH","publisher":{"@id":"https:\/\/diequadrate.de\/kvp-shop\/#organization"},"potentialAction":[{"@type":"SearchAction","target":{"@type":"EntryPoint","urlTemplate":"https:\/\/diequadrate.de\/kvp-shop\/?s={search_term_string}"},"query-input":{"@type":"PropertyValueSpecification","valueRequired":true,"valueName":"search_term_string"}}],"inLanguage":"de"},{"@type":"Organization","@id":"https:\/\/diequadrate.de\/kvp-shop\/#organization","name":"KVP-Onlineshop","url":"https:\/\/diequadrate.de\/kvp-shop\/","logo":{"@type":"ImageObject","inLanguage":"de","@id":"https:\/\/diequadrate.de\/kvp-shop\/#\/schema\/logo\/image\/","url":"https:\/\/diequadrate.de\/kvp-shop\/wp-content\/uploads\/sites\/6\/2022\/05\/kvp-shop_75prozent_s_2022-1.svg","contentUrl":"https:\/\/diequadrate.de\/kvp-shop\/wp-content\/uploads\/sites\/6\/2022\/05\/kvp-shop_75prozent_s_2022-1.svg","width":358,"height":224,"caption":"KVP-Onlineshop"},"image":{"@id":"https:\/\/diequadrate.de\/kvp-shop\/#\/schema\/logo\/image\/"}}]}},"_links":{"self":[{"href":"https:\/\/diequadrate.de\/kvp-shop\/wp-json\/wp\/v2\/product\/996","targetHints":{"allow":["GET"]}}],"collection":[{"href":"https:\/\/diequadrate.de\/kvp-shop\/wp-json\/wp\/v2\/product"}],"about":[{"href":"https:\/\/diequadrate.de\/kvp-shop\/wp-json\/wp\/v2\/types\/product"}],"version-history":[{"count":3,"href":"https:\/\/diequadrate.de\/kvp-shop\/wp-json\/wp\/v2\/product\/996\/revisions"}],"predecessor-version":[{"id":2292,"href":"https:\/\/diequadrate.de\/kvp-shop\/wp-json\/wp\/v2\/product\/996\/revisions\/2292"}],"wp:featuredmedia":[{"embeddable":true,"href":"https:\/\/diequadrate.de\/kvp-shop\/wp-json\/wp\/v2\/media\/2164"}],"wp:attachment":[{"href":"https:\/\/diequadrate.de\/kvp-shop\/wp-json\/wp\/v2\/media?parent=996"}],"wp:term":[{"taxonomy":"product_brand","embeddable":true,"href":"https:\/\/diequadrate.de\/kvp-shop\/wp-json\/wp\/v2\/product_brand?post=996"},{"taxonomy":"product_cat","embeddable":true,"href":"https:\/\/diequadrate.de\/kvp-shop\/wp-json\/wp\/v2\/product_cat?post=996"},{"taxonomy":"product_tag","embeddable":true,"href":"https:\/\/diequadrate.de\/kvp-shop\/wp-json\/wp\/v2\/product_tag?post=996"}],"curies":[{"name":"wp","href":"https:\/\/api.w.org\/{rel}","templated":true}]}}